{"id":281,"date":"2013-10-22T18:10:48","date_gmt":"2013-10-22T16:10:48","guid":{"rendered":"http:\/\/pclos.janu.hu\/?page_id=281"},"modified":"2013-10-23T07:40:56","modified_gmt":"2013-10-23T05:40:56","slug":"szeptember","status":"publish","type":"page","link":"http:\/\/pclos.janu.hu\/?page_id=281","title":{"rendered":"szeptember"},"content":{"rendered":"<p><strong><a title=\"tanito Linux\" href=\"http:\/\/pclos.janu.hu\/?p=282\" target=\"_blank\">Tan\u00edt\u00f3 Linux<\/a><\/strong>\u00a0El\u00e9g r\u00e9szletes felsorol\u00e1s a Linux alatt tal\u00e1lhat\u00f3 oktat\u00f3, tan\u00edt\u00f3 programokr\u00f3l. A megyer ford\u00edt\u00e1s l\u00e9nyeg\u00e9ben egy \u00f6sszefoglal\u00f3, a k\u00f6zread\u00f3, ford\u00edt\u00f3 megjegyz\u00e9seivel. Az eredeti cikk:\u00a0<a title=\"Educational Linux!\" href=\"http:\/\/pclosmag.com\/html\/Issues\/201009\/page15.html\">Educational Linux!<\/a><\/p>\n","protected":false},"excerpt":{"rendered":"<p>Tan\u00edt\u00f3 Linux\u00a0El\u00e9g r\u00e9szletes felsorol\u00e1s a Linux alatt tal\u00e1lhat\u00f3 oktat\u00f3, tan\u00edt\u00f3 programokr\u00f3l. A megyer ford\u00edt\u00e1s l\u00e9nyeg\u00e9ben egy \u00f6sszefoglal\u00f3, a k\u00f6zread\u00f3, ford\u00edt\u00f3 megjegyz\u00e9seivel. Az eredeti cikk:\u00a0Educational Linux!<\/p>\n","protected":false},"author":1,"featured_media":0,"parent":185,"menu_order":15,"comment_status":"open","ping_status":"closed","template":"","meta":{"footnotes":""},"class_list":["post-281","page","type-page","status-publish","hentry"],"_links":{"self":[{"href":"http:\/\/pclos.janu.hu\/index.php?rest_route=\/wp\/v2\/pages\/281","targetHints":{"allow":["GET"]}}],"collection":[{"href":"http:\/\/pclos.janu.hu\/index.php?rest_route=\/wp\/v2\/pages"}],"about":[{"href":"http:\/\/pclos.janu.hu\/index.php?rest_route=\/wp\/v2\/types\/page"}],"author":[{"embeddable":true,"href":"http:\/\/pclos.janu.hu\/index.php?rest_route=\/wp\/v2\/users\/1"}],"replies":[{"embeddable":true,"href":"http:\/\/pclos.janu.hu\/index.php?rest_route=%2Fwp%2Fv2%2Fcomments&post=281"}],"version-history":[{"count":3,"href":"http:\/\/pclos.janu.hu\/index.php?rest_route=\/wp\/v2\/pages\/281\/revisions"}],"predecessor-version":[{"id":291,"href":"http:\/\/pclos.janu.hu\/index.php?rest_route=\/wp\/v2\/pages\/281\/revisions\/291"}],"up":[{"embeddable":true,"href":"http:\/\/pclos.janu.hu\/index.php?rest_route=\/wp\/v2\/pages\/185"}],"wp:attachment":[{"href":"http:\/\/pclos.janu.hu\/index.php?rest_route=%2Fwp%2Fv2%2Fmedia&parent=281"}],"curies":[{"name":"wp","href":"https:\/\/api.w.org\/{rel}","templated":true}]}}