{"id":2873,"date":"2019-01-08T05:54:57","date_gmt":"2019-01-08T04:54:57","guid":{"rendered":"http:\/\/pclos.janu.hu\/?page_id=2873"},"modified":"2019-02-17T06:52:41","modified_gmt":"2019-02-17T05:52:41","slug":"januar","status":"publish","type":"page","link":"http:\/\/pclos.janu.hu\/?page_id=2873","title":{"rendered":"janu\u00e1r"},"content":{"rendered":"<p style=\"text-align: justify;\">\u00daj \u00e9v, de a <span style=\"color: #0000ff;\"><strong>PCLinuxOS Magazine <\/strong><\/span>v\u00e1ltozatlanul havonta megjelenik \u00faj cikkekkel, \u00e9rdekess\u00e9gekkel \u2013 els\u0151sorban a <span style=\"color: #0000ff;\"><strong>PCLinuxOS<\/strong><\/span> h\u00edreihez kapcsol\u00f3d\u00f3an. Az e havi term\u00e9s a folytonoss\u00e1got mutatja:<\/p>\n<p><a href=\"http:\/\/pclos.janu.hu\/?p=2875\" target=\"_blank\" rel=\"noopener\">2018 legrosszabb jelszavai: v\u00e1ltoztasd meg a ti\u00e9det!<\/a> amit a c\u00edm is tartalmaz: az igen rossz, k\u00f6nnyen felt\u00f6rhet\u0151 jelszavak list\u00e1ja.<\/p>\n<p style=\"text-align: justify;\"><a href=\"http:\/\/pclos.janu.hu\/?p=2880\" target=\"_blank\" rel=\"noopener\">Firefox Autoplay friss\u00edt\u00e9se<\/a> megint automatikusan lej\u00e1tszik a <em>Firefox<\/em>? A cikkb\u0151l megtudhat\u00f3, hogyan lehet kikapcsolani,<\/p>\n<p><a href=\"http:\/\/pclos.janu.hu\/?p=2884\" target=\"_blank\" rel=\"noopener\">Dropbox-alternat\u00edv\u00e1k, 2. r\u00e9sz<\/a> a <em>Dropbox <\/em>kiv\u00e1lt\u00e1s\u00e1ra szolg\u00e1l\u00f3 lehet\u0151s\u00e9gek folytat\u00e1sa,<\/p>\n<p style=\"text-align: justify;\"><a href=\"http:\/\/pclos.janu.hu\/?p=2887\" target=\"_blank\" rel=\"noopener\">GIMP oktat\u00f3: (tal\u00e1n m\u00e1r ismert) hasznos tippek<\/a> ism\u00e9tl\u00e9s a tud\u00e1s anyja! GIMP kezd\u0151 tippek.<\/p>\n","protected":false},"excerpt":{"rendered":"<p>\u00daj \u00e9v, de a PCLinuxOS Magazine v\u00e1ltozatlanul havonta megjelenik \u00faj cikkekkel, \u00e9rdekess\u00e9gekkel \u2013 els\u0151sorban a PCLinuxOS h\u00edreihez kapcsol\u00f3d\u00f3an. Az e havi term\u00e9s a folytonoss\u00e1got mutatja: 2018 legrosszabb jelszavai: v\u00e1ltoztasd meg a ti\u00e9det! amit a c\u00edm is tartalmaz: az igen rossz, &hellip; <a href=\"http:\/\/pclos.janu.hu\/?page_id=2873\">Egy kattint\u00e1s ide a folytat\u00e1shoz&#8230;. <span class=\"meta-nav\">&rarr;<\/span><\/a><\/p>\n","protected":false},"author":1,"featured_media":0,"parent":2870,"menu_order":55,"comment_status":"closed","ping_status":"closed","template":"","meta":{"footnotes":""},"class_list":["post-2873","page","type-page","status-publish","hentry"],"_links":{"self":[{"href":"http:\/\/pclos.janu.hu\/index.php?rest_route=\/wp\/v2\/pages\/2873","targetHints":{"allow":["GET"]}}],"collection":[{"href":"http:\/\/pclos.janu.hu\/index.php?rest_route=\/wp\/v2\/pages"}],"about":[{"href":"http:\/\/pclos.janu.hu\/index.php?rest_route=\/wp\/v2\/types\/page"}],"author":[{"embeddable":true,"href":"http:\/\/pclos.janu.hu\/index.php?rest_route=\/wp\/v2\/users\/1"}],"replies":[{"embeddable":true,"href":"http:\/\/pclos.janu.hu\/index.php?rest_route=%2Fwp%2Fv2%2Fcomments&post=2873"}],"version-history":[{"count":4,"href":"http:\/\/pclos.janu.hu\/index.php?rest_route=\/wp\/v2\/pages\/2873\/revisions"}],"predecessor-version":[{"id":2890,"href":"http:\/\/pclos.janu.hu\/index.php?rest_route=\/wp\/v2\/pages\/2873\/revisions\/2890"}],"up":[{"embeddable":true,"href":"http:\/\/pclos.janu.hu\/index.php?rest_route=\/wp\/v2\/pages\/2870"}],"wp:attachment":[{"href":"http:\/\/pclos.janu.hu\/index.php?rest_route=%2Fwp%2Fv2%2Fmedia&parent=2873"}],"curies":[{"name":"wp","href":"https:\/\/api.w.org\/{rel}","templated":true}]}}