{"id":2919,"date":"2019-03-04T18:21:02","date_gmt":"2019-03-04T17:21:02","guid":{"rendered":"http:\/\/pclos.janu.hu\/?page_id=2919"},"modified":"2019-03-04T18:21:02","modified_gmt":"2019-03-04T17:21:02","slug":"marcius","status":"publish","type":"page","link":"http:\/\/pclos.janu.hu\/?page_id=2919","title":{"rendered":"m\u00e1rcius"},"content":{"rendered":"<p>A tavasz meglep\u0151en b\u0151 cikkterm\u00e9ssel k\u00f6sz\u00f6nt\u00f6tt be. Am\u00edg az egyik sorozat befejez\u0151 r\u00e9sze jelent meg, \u00faj sorozat indult, illetve egy m\u00e1s a m\u00e1sodik r\u00e9sz\u00e9n\u00e9l tart. K\u00f6zben a Google+ megsz\u0171n\u00e9se bolygatta fel a ked\u00e9lyeket, de m\u00e1ris \u00fajabb lehet\u0151s\u00e9g ismertet\u00e9s\u00e9re ker\u00fclt sor:<\/p>\n<p><a href=\"http:\/\/pclos.janu.hu\/?p=2922\" target=\"_blank\" rel=\"noopener noreferrer\">GIMP oktat\u00f3: pattog\u00f3 labda-anim\u00e1ci\u00f3 egyszer\u00fcen<\/a>: olyan egyszer\u0171en, hogy az szinte hihetetlen&#8230; pr\u00f3b\u00e1ld ki!<\/p>\n<p><a href=\"http:\/\/pclos.janu.hu\/?p=2927\" target=\"_blank\" rel=\"noopener noreferrer\">Dropbox-alternat\u00edv\u00e1k : v\u00e9gk\u00f6vetkeztet\u00e9sek<\/a> A sorozat z\u00e1r\u00f3 cikk\u00e9ben elemz\u00e9sek, \u00f6sszehasonl\u00edt\u00e1sok olvashat\u00f3ak,<\/p>\n<p><a href=\"http:\/\/pclos.janu.hu\/?p=2933\" target=\"_blank\" rel=\"noopener noreferrer\">Firefox 65 \u2013 f\u00fcleket alulra<\/a> egy megsz\u0171nt lehet\u0151s\u00e9g megold\u00e1sa \u2013 m\u00e1sk\u00e9pp,<\/p>\n<p><a href=\"http:\/\/pclos.janu.hu\/?p=2936\" target=\"_blank\" rel=\"noopener noreferrer\">Alkalmi Python, 2. r\u00e9sz<\/a> most egy thesaurus-on kereszt\u00fcl ismerked\u00fcnk a sablonok felhaszn\u00e1l\u00e1si m\u00f3dj\u00e1val,<\/p>\n<p><a href=\"http:\/\/pclos.janu.hu\/?p=2939\" target=\"_blank\" rel=\"noopener noreferrer\">F\u00e1jdalommentes v\u00e1lt\u00e1s Interlink-re<\/a> <em>Thunderbird<\/em>-r\u0151l vagy <em>fossmail<\/em>-r\u00f3l val\u00f3 \u00e1t\u00e1ll\u00e1s le\u00edr\u00e1sa,<\/p>\n<p><a href=\"http:\/\/pclos.janu.hu\/?p=2942\" target=\"_blank\" rel=\"noopener noreferrer\">MeWe: egy alkalmas Google+ helyettes\u00edt\u00f6<\/a>, de enn\u00e9l j\u00f3val t\u00f6bb, mert a mag\u00e1nszf\u00e9ra v\u00e9delme sokkal hat\u00e1rozottabb!<\/p>\n<p>&nbsp;<\/p>\n<p>&nbsp;<\/p>\n","protected":false},"excerpt":{"rendered":"<p>A tavasz meglep\u0151en b\u0151 cikkterm\u00e9ssel k\u00f6sz\u00f6nt\u00f6tt be. Am\u00edg az egyik sorozat befejez\u0151 r\u00e9sze jelent meg, \u00faj sorozat indult, illetve egy m\u00e1s a m\u00e1sodik r\u00e9sz\u00e9n\u00e9l tart. K\u00f6zben a Google+ megsz\u0171n\u00e9se bolygatta fel a ked\u00e9lyeket, de m\u00e1ris \u00fajabb lehet\u0151s\u00e9g ismertet\u00e9s\u00e9re ker\u00fclt sor: &hellip; <a href=\"http:\/\/pclos.janu.hu\/?page_id=2919\">Egy kattint\u00e1s ide a folytat\u00e1shoz&#8230;. <span class=\"meta-nav\">&rarr;<\/span><\/a><\/p>\n","protected":false},"author":1,"featured_media":0,"parent":2870,"menu_order":45,"comment_status":"closed","ping_status":"closed","template":"","meta":{"footnotes":""},"class_list":["post-2919","page","type-page","status-publish","hentry"],"_links":{"self":[{"href":"http:\/\/pclos.janu.hu\/index.php?rest_route=\/wp\/v2\/pages\/2919","targetHints":{"allow":["GET"]}}],"collection":[{"href":"http:\/\/pclos.janu.hu\/index.php?rest_route=\/wp\/v2\/pages"}],"about":[{"href":"http:\/\/pclos.janu.hu\/index.php?rest_route=\/wp\/v2\/types\/page"}],"author":[{"embeddable":true,"href":"http:\/\/pclos.janu.hu\/index.php?rest_route=\/wp\/v2\/users\/1"}],"replies":[{"embeddable":true,"href":"http:\/\/pclos.janu.hu\/index.php?rest_route=%2Fwp%2Fv2%2Fcomments&post=2919"}],"version-history":[{"count":3,"href":"http:\/\/pclos.janu.hu\/index.php?rest_route=\/wp\/v2\/pages\/2919\/revisions"}],"predecessor-version":[{"id":2945,"href":"http:\/\/pclos.janu.hu\/index.php?rest_route=\/wp\/v2\/pages\/2919\/revisions\/2945"}],"up":[{"embeddable":true,"href":"http:\/\/pclos.janu.hu\/index.php?rest_route=\/wp\/v2\/pages\/2870"}],"wp:attachment":[{"href":"http:\/\/pclos.janu.hu\/index.php?rest_route=%2Fwp%2Fv2%2Fmedia&parent=2919"}],"curies":[{"name":"wp","href":"https:\/\/api.w.org\/{rel}","templated":true}]}}