{"id":296,"date":"2013-10-23T08:07:49","date_gmt":"2013-10-23T06:07:49","guid":{"rendered":"http:\/\/pclos.janu.hu\/?page_id=296"},"modified":"2013-10-23T08:10:19","modified_gmt":"2013-10-23T06:10:19","slug":"januar","status":"publish","type":"page","link":"http:\/\/pclos.janu.hu\/?page_id=296","title":{"rendered":"janu\u00e1r"},"content":{"rendered":"<p><a title=\"grub\" href=\"http:\/\/pclos.janu.hu\/?p=297\" target=\"_blank\"><strong>grub: a rendszerbet\u00f6lt\u0151 jav\u00edt\u00e1sa<\/strong><\/a><\/p>\n","protected":false},"excerpt":{"rendered":"<p>grub: a rendszerbet\u00f6lt\u0151 jav\u00edt\u00e1sa<\/p>\n","protected":false},"author":1,"featured_media":0,"parent":292,"menu_order":55,"comment_status":"open","ping_status":"closed","template":"","meta":{"footnotes":""},"class_list":["post-296","page","type-page","status-publish","hentry"],"_links":{"self":[{"href":"http:\/\/pclos.janu.hu\/index.php?rest_route=\/wp\/v2\/pages\/296","targetHints":{"allow":["GET"]}}],"collection":[{"href":"http:\/\/pclos.janu.hu\/index.php?rest_route=\/wp\/v2\/pages"}],"about":[{"href":"http:\/\/pclos.janu.hu\/index.php?rest_route=\/wp\/v2\/types\/page"}],"author":[{"embeddable":true,"href":"http:\/\/pclos.janu.hu\/index.php?rest_route=\/wp\/v2\/users\/1"}],"replies":[{"embeddable":true,"href":"http:\/\/pclos.janu.hu\/index.php?rest_route=%2Fwp%2Fv2%2Fcomments&post=296"}],"version-history":[{"count":1,"href":"http:\/\/pclos.janu.hu\/index.php?rest_route=\/wp\/v2\/pages\/296\/revisions"}],"predecessor-version":[{"id":302,"href":"http:\/\/pclos.janu.hu\/index.php?rest_route=\/wp\/v2\/pages\/296\/revisions\/302"}],"up":[{"embeddable":true,"href":"http:\/\/pclos.janu.hu\/index.php?rest_route=\/wp\/v2\/pages\/292"}],"wp:attachment":[{"href":"http:\/\/pclos.janu.hu\/index.php?rest_route=%2Fwp%2Fv2%2Fmedia&parent=296"}],"curies":[{"name":"wp","href":"https:\/\/api.w.org\/{rel}","templated":true}]}}