{"id":2964,"date":"2019-05-13T10:40:42","date_gmt":"2019-05-13T08:40:42","guid":{"rendered":"http:\/\/pclos.janu.hu\/?page_id=2964"},"modified":"2019-05-13T10:41:17","modified_gmt":"2019-05-13T08:41:17","slug":"majus","status":"publish","type":"page","link":"http:\/\/pclos.janu.hu\/?page_id=2964","title":{"rendered":"m\u00e1jus"},"content":{"rendered":"<p>B\u00e1r most \u00e9ppen egy h\u00e9tre vissza kell venni a t\u00e9likab\u00e1tot, a tavasz visszavonhatatlanul meg\u00e9rkezett. Ha m\u00e1sb\u00f3l nem, a <a href=\"http:\/\/pclosmag.com\/index.html\" target=\"_blank\" rel=\"noopener noreferrer\"><span style=\"color: #0000ff;\"><strong>PCLinuxOS Magazine<\/strong><\/span><\/a> e havi sz\u00e1m\u00e1b\u00f3l is l\u00e1that\u00f3: emelkedik a cikkek sz\u00e1ma.<\/p>\n<p><a href=\"http:\/\/pclos.janu.hu\/?p=2965\" target=\"_blank\" rel=\"noopener noreferrer\">GIMP oktat\u00f3: tov\u00e1bbiak a maszkokr\u00f3l<\/a>: \u00f6sszefoglal\u00f3 cikk a maszkol\u00e1sr\u00f3l,<\/p>\n<p><a href=\"http:\/\/pclos.janu.hu\/?p=2970\" target=\"_blank\" rel=\"noopener noreferrer\">Tip Top Tips: ORAGE napt\u00e1r csatol\u00e1sa Google Calendar-hoz<\/a>: A saj\u00e1t napt\u00e1r \u00f6sszekapcsol\u00e1sa a \u201enagy\u201d napt\u00e1rral,<\/p>\n<p><a href=\"http:\/\/pclos.janu.hu\/?p=2974\" target=\"_blank\" rel=\"noopener noreferrer\">Alkalmi Python, 4. r\u00e9sz<\/a>: egy hasznos alkalmaz\u00e1s sok tanuls\u00e1ggal,<\/p>\n<p><a href=\"http:\/\/pclos.janu.hu\/?p=2977\" target=\"_blank\" rel=\"noopener noreferrer\">Repo Mustra: D\u00e9j\u00e1 Dup biztons\u00e1gi ment\u00f6<\/a>: egy lehets\u00e9ges megold\u00e1s adataink ment\u00e9s\u00e9re.<\/p>\n<p>&nbsp;<\/p>\n","protected":false},"excerpt":{"rendered":"<p>B\u00e1r most \u00e9ppen egy h\u00e9tre vissza kell venni a t\u00e9likab\u00e1tot, a tavasz visszavonhatatlanul meg\u00e9rkezett. Ha m\u00e1sb\u00f3l nem, a PCLinuxOS Magazine e havi sz\u00e1m\u00e1b\u00f3l is l\u00e1that\u00f3: emelkedik a cikkek sz\u00e1ma. GIMP oktat\u00f3: tov\u00e1bbiak a maszkokr\u00f3l: \u00f6sszefoglal\u00f3 cikk a maszkol\u00e1sr\u00f3l, Tip Top &hellip; <a href=\"http:\/\/pclos.janu.hu\/?page_id=2964\">Egy kattint\u00e1s ide a folytat\u00e1shoz&#8230;. <span class=\"meta-nav\">&rarr;<\/span><\/a><\/p>\n","protected":false},"author":1,"featured_media":0,"parent":2870,"menu_order":35,"comment_status":"closed","ping_status":"closed","template":"","meta":{"footnotes":""},"class_list":["post-2964","page","type-page","status-publish","hentry"],"_links":{"self":[{"href":"http:\/\/pclos.janu.hu\/index.php?rest_route=\/wp\/v2\/pages\/2964","targetHints":{"allow":["GET"]}}],"collection":[{"href":"http:\/\/pclos.janu.hu\/index.php?rest_route=\/wp\/v2\/pages"}],"about":[{"href":"http:\/\/pclos.janu.hu\/index.php?rest_route=\/wp\/v2\/types\/page"}],"author":[{"embeddable":true,"href":"http:\/\/pclos.janu.hu\/index.php?rest_route=\/wp\/v2\/users\/1"}],"replies":[{"embeddable":true,"href":"http:\/\/pclos.janu.hu\/index.php?rest_route=%2Fwp%2Fv2%2Fcomments&post=2964"}],"version-history":[{"count":2,"href":"http:\/\/pclos.janu.hu\/index.php?rest_route=\/wp\/v2\/pages\/2964\/revisions"}],"predecessor-version":[{"id":2980,"href":"http:\/\/pclos.janu.hu\/index.php?rest_route=\/wp\/v2\/pages\/2964\/revisions\/2980"}],"up":[{"embeddable":true,"href":"http:\/\/pclos.janu.hu\/index.php?rest_route=\/wp\/v2\/pages\/2870"}],"wp:attachment":[{"href":"http:\/\/pclos.janu.hu\/index.php?rest_route=%2Fwp%2Fv2%2Fmedia&parent=2964"}],"curies":[{"name":"wp","href":"https:\/\/api.w.org\/{rel}","templated":true}]}}