{"id":2983,"date":"2019-06-09T09:09:26","date_gmt":"2019-06-09T07:09:26","guid":{"rendered":"http:\/\/pclos.janu.hu\/?page_id=2983"},"modified":"2019-06-09T09:09:26","modified_gmt":"2019-06-09T07:09:26","slug":"junius","status":"publish","type":"page","link":"http:\/\/pclos.janu.hu\/?page_id=2983","title":{"rendered":"j\u00fanius"},"content":{"rendered":"<p style=\"text-align: justify;\">Nagyon nehezen, de teljes er\u0151vel r\u00e1nk t\u00f6rt a ny\u00e1r melege. Amikor az e havi sz\u00e1m k\u00e9sz\u00fclt, m\u00e9g a sz\u00e9ls\u0151s\u00e9ges id\u0151j\u00e1r\u00e1s uralkodott mindenfel\u00e9, de ez nem volt akad\u00e1lya a b\u0151s\u00e9ges cikkterm\u00e9snek. A k\u00edn\u00e1latb\u00f3l 3-at emel\u00fcnk ki:<\/p>\n<p style=\"text-align: justify;\"><a href=\"http:\/\/pclos.janu.hu\/?p=2984\" target=\"_blank\" rel=\"noopener noreferrer\">Alkalmi Python, 5. r\u00e9sz<\/a> most egy keresztrejtv\u00e9ny-fejt\u00e9st seg\u00edt\u0151 programot ismerhet\u00fcnk meg<span style=\"color: #0000ff;\">,<\/span><\/p>\n<p style=\"text-align: justify;\"><a href=\"http:\/\/pclos.janu.hu\/?p=2998\" target=\"_blank\" rel=\"noopener noreferrer\">Inkscape oktat\u00f3: avatar k\u00e9sz\u00edt\u00e9se<\/a> egyszer\u0171 eszk\u00f6z\u00f6kkel egyedi k\u00e9pecsk\u00e9t k\u00e9sz\u00edthet\u00fcnk,<\/p>\n<p style=\"text-align: justify;\"><a href=\"http:\/\/pclos.janu.hu\/?p=3003\" target=\"_blank\" rel=\"noopener noreferrer\">Elfelejtett Wifi-jelsz\u00f3? \u00cdgy tal\u00e1ld meg<\/a> hol t\u00e1rolja a rendszer a WiFi jelszavakat? Olvasd el a cikket, megtudod!<\/p>\n","protected":false},"excerpt":{"rendered":"<p>Nagyon nehezen, de teljes er\u0151vel r\u00e1nk t\u00f6rt a ny\u00e1r melege. Amikor az e havi sz\u00e1m k\u00e9sz\u00fclt, m\u00e9g a sz\u00e9ls\u0151s\u00e9ges id\u0151j\u00e1r\u00e1s uralkodott mindenfel\u00e9, de ez nem volt akad\u00e1lya a b\u0151s\u00e9ges cikkterm\u00e9snek. A k\u00edn\u00e1latb\u00f3l 3-at emel\u00fcnk ki: Alkalmi Python, 5. r\u00e9sz most &hellip; <a href=\"http:\/\/pclos.janu.hu\/?page_id=2983\">Egy kattint\u00e1s ide a folytat\u00e1shoz&#8230;. <span class=\"meta-nav\">&rarr;<\/span><\/a><\/p>\n","protected":false},"author":1,"featured_media":0,"parent":2870,"menu_order":30,"comment_status":"closed","ping_status":"closed","template":"","meta":{"footnotes":""},"class_list":["post-2983","page","type-page","status-publish","hentry"],"_links":{"self":[{"href":"http:\/\/pclos.janu.hu\/index.php?rest_route=\/wp\/v2\/pages\/2983","targetHints":{"allow":["GET"]}}],"collection":[{"href":"http:\/\/pclos.janu.hu\/index.php?rest_route=\/wp\/v2\/pages"}],"about":[{"href":"http:\/\/pclos.janu.hu\/index.php?rest_route=\/wp\/v2\/types\/page"}],"author":[{"embeddable":true,"href":"http:\/\/pclos.janu.hu\/index.php?rest_route=\/wp\/v2\/users\/1"}],"replies":[{"embeddable":true,"href":"http:\/\/pclos.janu.hu\/index.php?rest_route=%2Fwp%2Fv2%2Fcomments&post=2983"}],"version-history":[{"count":2,"href":"http:\/\/pclos.janu.hu\/index.php?rest_route=\/wp\/v2\/pages\/2983\/revisions"}],"predecessor-version":[{"id":3006,"href":"http:\/\/pclos.janu.hu\/index.php?rest_route=\/wp\/v2\/pages\/2983\/revisions\/3006"}],"up":[{"embeddable":true,"href":"http:\/\/pclos.janu.hu\/index.php?rest_route=\/wp\/v2\/pages\/2870"}],"wp:attachment":[{"href":"http:\/\/pclos.janu.hu\/index.php?rest_route=%2Fwp%2Fv2%2Fmedia&parent=2983"}],"curies":[{"name":"wp","href":"https:\/\/api.w.org\/{rel}","templated":true}]}}