{"id":305,"date":"2013-10-23T08:21:40","date_gmt":"2013-10-23T06:21:40","guid":{"rendered":"http:\/\/pclos.janu.hu\/?page_id=305"},"modified":"2013-10-23T18:11:56","modified_gmt":"2013-10-23T16:11:56","slug":"aprilis","status":"publish","type":"page","link":"http:\/\/pclos.janu.hu\/?page_id=305","title":{"rendered":"\u00e1prilis"},"content":{"rendered":"<p><strong><a title=\"CD \u00edr\u00e1s k\u00f6zvetlen\u00fcl\" href=\"http:\/\/pclos.janu.hu\/?p=306\" target=\"_blank\">CD-\u00edr\u00e1s Interneten kereszt\u00fcl ISO f\u00e1jl n\u00e9lk\u00fcl<\/a>\u00a0<\/strong>Az \u00edr\u00e1s eredetileg a <a href=\"http:\/\/linuxconfig.org\" target=\"_blank\">linuxconfig.org<\/a>-on jelent meg. Hogyan lehet parancssorb\u00f3l gyorsan CD-t \u00edrni?<\/p>\n","protected":false},"excerpt":{"rendered":"<p>CD-\u00edr\u00e1s Interneten kereszt\u00fcl ISO f\u00e1jl n\u00e9lk\u00fcl\u00a0Az \u00edr\u00e1s eredetileg a linuxconfig.org-on jelent meg. Hogyan lehet parancssorb\u00f3l gyorsan CD-t \u00edrni?<\/p>\n","protected":false},"author":1,"featured_media":0,"parent":292,"menu_order":40,"comment_status":"open","ping_status":"closed","template":"","meta":{"footnotes":""},"class_list":["post-305","page","type-page","status-publish","hentry"],"_links":{"self":[{"href":"http:\/\/pclos.janu.hu\/index.php?rest_route=\/wp\/v2\/pages\/305","targetHints":{"allow":["GET"]}}],"collection":[{"href":"http:\/\/pclos.janu.hu\/index.php?rest_route=\/wp\/v2\/pages"}],"about":[{"href":"http:\/\/pclos.janu.hu\/index.php?rest_route=\/wp\/v2\/types\/page"}],"author":[{"embeddable":true,"href":"http:\/\/pclos.janu.hu\/index.php?rest_route=\/wp\/v2\/users\/1"}],"replies":[{"embeddable":true,"href":"http:\/\/pclos.janu.hu\/index.php?rest_route=%2Fwp%2Fv2%2Fcomments&post=305"}],"version-history":[{"count":2,"href":"http:\/\/pclos.janu.hu\/index.php?rest_route=\/wp\/v2\/pages\/305\/revisions"}],"predecessor-version":[{"id":366,"href":"http:\/\/pclos.janu.hu\/index.php?rest_route=\/wp\/v2\/pages\/305\/revisions\/366"}],"up":[{"embeddable":true,"href":"http:\/\/pclos.janu.hu\/index.php?rest_route=\/wp\/v2\/pages\/292"}],"wp:attachment":[{"href":"http:\/\/pclos.janu.hu\/index.php?rest_route=%2Fwp%2Fv2%2Fmedia&parent=305"}],"curies":[{"name":"wp","href":"https:\/\/api.w.org\/{rel}","templated":true}]}}