{"id":3078,"date":"2019-11-11T04:53:43","date_gmt":"2019-11-11T03:53:43","guid":{"rendered":"http:\/\/pclos.janu.hu\/?page_id=3078"},"modified":"2019-11-11T04:53:43","modified_gmt":"2019-11-11T03:53:43","slug":"november","status":"publish","type":"page","link":"http:\/\/pclos.janu.hu\/?page_id=3078","title":{"rendered":"november"},"content":{"rendered":"<p style=\"text-align: justify;\">Ahhoz k\u00e9pest, hogy m\u00e1r az \u00e9v v\u00e9ge fel\u00e9 j\u00e1runk, meglep\u0151en kev\u00e9s cikk jelent meg az e havi sz\u00e1mban. Terveink szerint a fut\u00f3 sorozatok k\u00f6z\u00fcl n\u00e9h\u00e1nyr\u00f3l \u2013 annak befejez\u00e9sekor \u2013 egy \u00e1ttekint\u00e9st adunk, \u00edgy most csak 2 cikket emelt\u00fcnk ki:<\/p>\n<p><a href=\"http:\/\/pclos.janu.hu\/?p=3079\" target=\"_blank\" rel=\"noopener noreferrer\">GIMP oktat\u00f3 &#8211; visszat\u00fckr\u00f6z\u00f6d\u00e9s v\u00edzen effektus<\/a> sz\u00e9p t\u00e1j k\u00f6zel\u00e9ben nincs t\u00f3? K\u00e9sz\u00edts\u00fcnk egyet&#8230;<\/p>\n<p><a href=\"http:\/\/pclos.janu.hu\/?p=3083\" target=\"_blank\" rel=\"noopener noreferrer\">Alkalmi Python &#8211; 10. r\u00e9sz<\/a> anyelv \u00fajabb elemeit ismerhetj\u00fck meg.<\/p>\n","protected":false},"excerpt":{"rendered":"<p>Ahhoz k\u00e9pest, hogy m\u00e1r az \u00e9v v\u00e9ge fel\u00e9 j\u00e1runk, meglep\u0151en kev\u00e9s cikk jelent meg az e havi sz\u00e1mban. Terveink szerint a fut\u00f3 sorozatok k\u00f6z\u00fcl n\u00e9h\u00e1nyr\u00f3l \u2013 annak befejez\u00e9sekor \u2013 egy \u00e1ttekint\u00e9st adunk, \u00edgy most csak 2 cikket emelt\u00fcnk ki: GIMP &hellip; <a href=\"http:\/\/pclos.janu.hu\/?page_id=3078\">Egy kattint\u00e1s ide a folytat\u00e1shoz&#8230;. <span class=\"meta-nav\">&rarr;<\/span><\/a><\/p>\n","protected":false},"author":1,"featured_media":0,"parent":2870,"menu_order":5,"comment_status":"closed","ping_status":"closed","template":"","meta":{"footnotes":""},"class_list":["post-3078","page","type-page","status-publish","hentry"],"_links":{"self":[{"href":"http:\/\/pclos.janu.hu\/index.php?rest_route=\/wp\/v2\/pages\/3078","targetHints":{"allow":["GET"]}}],"collection":[{"href":"http:\/\/pclos.janu.hu\/index.php?rest_route=\/wp\/v2\/pages"}],"about":[{"href":"http:\/\/pclos.janu.hu\/index.php?rest_route=\/wp\/v2\/types\/page"}],"author":[{"embeddable":true,"href":"http:\/\/pclos.janu.hu\/index.php?rest_route=\/wp\/v2\/users\/1"}],"replies":[{"embeddable":true,"href":"http:\/\/pclos.janu.hu\/index.php?rest_route=%2Fwp%2Fv2%2Fcomments&post=3078"}],"version-history":[{"count":1,"href":"http:\/\/pclos.janu.hu\/index.php?rest_route=\/wp\/v2\/pages\/3078\/revisions"}],"predecessor-version":[{"id":3087,"href":"http:\/\/pclos.janu.hu\/index.php?rest_route=\/wp\/v2\/pages\/3078\/revisions\/3087"}],"up":[{"embeddable":true,"href":"http:\/\/pclos.janu.hu\/index.php?rest_route=\/wp\/v2\/pages\/2870"}],"wp:attachment":[{"href":"http:\/\/pclos.janu.hu\/index.php?rest_route=%2Fwp%2Fv2%2Fmedia&parent=3078"}],"curies":[{"name":"wp","href":"https:\/\/api.w.org\/{rel}","templated":true}]}}