{"id":3120,"date":"2020-01-16T09:23:29","date_gmt":"2020-01-16T08:23:29","guid":{"rendered":"http:\/\/pclos.janu.hu\/?page_id=3120"},"modified":"2020-01-16T09:23:29","modified_gmt":"2020-01-16T08:23:29","slug":"2020-2","status":"publish","type":"page","link":"http:\/\/pclos.janu.hu\/?page_id=3120","title":{"rendered":"2020"},"content":{"rendered":"<p>2020. \u00e9vi ford\u00edt\u00e1sok havonta<\/p>\n","protected":false},"excerpt":{"rendered":"<p>2020. \u00e9vi ford\u00edt\u00e1sok havonta<\/p>\n","protected":false},"author":1,"featured_media":0,"parent":12,"menu_order":75,"comment_status":"closed","ping_status":"closed","template":"","meta":{"footnotes":""},"class_list":["post-3120","page","type-page","status-publish","hentry"],"_links":{"self":[{"href":"http:\/\/pclos.janu.hu\/index.php?rest_route=\/wp\/v2\/pages\/3120","targetHints":{"allow":["GET"]}}],"collection":[{"href":"http:\/\/pclos.janu.hu\/index.php?rest_route=\/wp\/v2\/pages"}],"about":[{"href":"http:\/\/pclos.janu.hu\/index.php?rest_route=\/wp\/v2\/types\/page"}],"author":[{"embeddable":true,"href":"http:\/\/pclos.janu.hu\/index.php?rest_route=\/wp\/v2\/users\/1"}],"replies":[{"embeddable":true,"href":"http:\/\/pclos.janu.hu\/index.php?rest_route=%2Fwp%2Fv2%2Fcomments&post=3120"}],"version-history":[{"count":1,"href":"http:\/\/pclos.janu.hu\/index.php?rest_route=\/wp\/v2\/pages\/3120\/revisions"}],"predecessor-version":[{"id":3121,"href":"http:\/\/pclos.janu.hu\/index.php?rest_route=\/wp\/v2\/pages\/3120\/revisions\/3121"}],"up":[{"embeddable":true,"href":"http:\/\/pclos.janu.hu\/index.php?rest_route=\/wp\/v2\/pages\/12"}],"wp:attachment":[{"href":"http:\/\/pclos.janu.hu\/index.php?rest_route=%2Fwp%2Fv2%2Fmedia&parent=3120"}],"curies":[{"name":"wp","href":"https:\/\/api.w.org\/{rel}","templated":true}]}}