{"id":3122,"date":"2020-01-16T14:30:36","date_gmt":"2020-01-16T13:30:36","guid":{"rendered":"http:\/\/pclos.janu.hu\/?page_id=3122"},"modified":"2020-01-16T14:32:56","modified_gmt":"2020-01-16T13:32:56","slug":"januar","status":"publish","type":"page","link":"http:\/\/pclos.janu.hu\/?page_id=3122","title":{"rendered":"janu\u00e1r"},"content":{"rendered":"<p>Boldog \u00daj \u00c9VET!<\/p>\n<p>Legel\u0151sz\u00f6r is eln\u00e9z\u00e9st k\u00e9r\u00fcnk a k\u00e9s\u0151i megjelen\u00e9s\u00e9rt, n\u00e9mi kapacit\u00e1s gonddal k\u00fcszk\u00f6dt\u00fcnk. Rem\u00e9lj\u00fck, hogy a tartalom k\u00e1rp\u00f3tol&#8230;<\/p>\n<p>Neh\u00e9z dolog az \u00e9vkezdet. L\u00e1tszik is azon, hogy kevesebb cikk jelent meg 2019. december\u00e9hez k\u00e9pst.<\/p>\n<p><a href=\"http:\/\/pclos.janu.hu\/?p=3123\" target=\"_blank\" rel=\"noopener noreferrer\">GIMP oktat\u00f3: fot\u00f3 filmcs\u00edk<\/a> diafilmet imit\u00e1l\u00f3 t\u00e9rhat\u00e1s\u00fa cs\u00edk, rekl\u00e1mnak sem utols\u00f3,<\/p>\n<p><a href=\"http:\/\/pclos.janu.hu\/?p=3128\" target=\"_blank\" rel=\"noopener noreferrer\">Tip Top Tips: Firefox 71 a f\u00fcls\u00e1v visszavitele alulra<\/a> &#8211; amit a c\u00edm \u00e1ll\u00edt,<\/p>\n<p><a href=\"http:\/\/pclos.janu.hu\/?p=3130\" target=\"_blank\" rel=\"noopener noreferrer\">IPTV: ingyen sztr\u00edmel\u00e9s a neten<\/a> \u00faj ir\u00e1ny a TV n\u00e9z\u00e9sben IPTV seg\u00edts\u00e9g\u00e9vel,<\/p>\n<p><a href=\"http:\/\/pclos.janu.hu\/?p=3133\" target=\"_blank\" rel=\"noopener noreferrer\">Alkalmi Python &#8211; 12. r\u00e9sz<\/a> Egy rendszer inf\u00f3 alkalmaz\u00e1s k\u00e9sz\u00edt\u00e9se.<\/p>\n","protected":false},"excerpt":{"rendered":"<p>Boldog \u00daj \u00c9VET! Legel\u0151sz\u00f6r is eln\u00e9z\u00e9st k\u00e9r\u00fcnk a k\u00e9s\u0151i megjelen\u00e9s\u00e9rt, n\u00e9mi kapacit\u00e1s gonddal k\u00fcszk\u00f6dt\u00fcnk. Rem\u00e9lj\u00fck, hogy a tartalom k\u00e1rp\u00f3tol&#8230; Neh\u00e9z dolog az \u00e9vkezdet. L\u00e1tszik is azon, hogy kevesebb cikk jelent meg 2019. december\u00e9hez k\u00e9pst. GIMP oktat\u00f3: fot\u00f3 filmcs\u00edk diafilmet imit\u00e1l\u00f3 &hellip; <a href=\"http:\/\/pclos.janu.hu\/?page_id=3122\">Egy kattint\u00e1s ide a folytat\u00e1shoz&#8230;. <span class=\"meta-nav\">&rarr;<\/span><\/a><\/p>\n","protected":false},"author":1,"featured_media":0,"parent":3120,"menu_order":55,"comment_status":"closed","ping_status":"closed","template":"","meta":{"footnotes":""},"class_list":["post-3122","page","type-page","status-publish","hentry"],"_links":{"self":[{"href":"http:\/\/pclos.janu.hu\/index.php?rest_route=\/wp\/v2\/pages\/3122","targetHints":{"allow":["GET"]}}],"collection":[{"href":"http:\/\/pclos.janu.hu\/index.php?rest_route=\/wp\/v2\/pages"}],"about":[{"href":"http:\/\/pclos.janu.hu\/index.php?rest_route=\/wp\/v2\/types\/page"}],"author":[{"embeddable":true,"href":"http:\/\/pclos.janu.hu\/index.php?rest_route=\/wp\/v2\/users\/1"}],"replies":[{"embeddable":true,"href":"http:\/\/pclos.janu.hu\/index.php?rest_route=%2Fwp%2Fv2%2Fcomments&post=3122"}],"version-history":[{"count":2,"href":"http:\/\/pclos.janu.hu\/index.php?rest_route=\/wp\/v2\/pages\/3122\/revisions"}],"predecessor-version":[{"id":3137,"href":"http:\/\/pclos.janu.hu\/index.php?rest_route=\/wp\/v2\/pages\/3122\/revisions\/3137"}],"up":[{"embeddable":true,"href":"http:\/\/pclos.janu.hu\/index.php?rest_route=\/wp\/v2\/pages\/3120"}],"wp:attachment":[{"href":"http:\/\/pclos.janu.hu\/index.php?rest_route=%2Fwp%2Fv2%2Fmedia&parent=3122"}],"curies":[{"name":"wp","href":"https:\/\/api.w.org\/{rel}","templated":true}]}}