{"id":3163,"date":"2020-03-10T13:20:40","date_gmt":"2020-03-10T12:20:40","guid":{"rendered":"http:\/\/pclos.janu.hu\/?page_id=3163"},"modified":"2020-03-10T13:20:40","modified_gmt":"2020-03-10T12:20:40","slug":"marcius","status":"publish","type":"page","link":"http:\/\/pclos.janu.hu\/?page_id=3163","title":{"rendered":"m\u00e1rcius"},"content":{"rendered":"<p>\u00dagy l\u00e1tszik, a szerkeszt\u0151s\u00e9g m\u00e9g t\u00e9li \u00e1lm\u00e1t alussza, mert ebben a h\u00f3napban is kev\u00e9s cikk jelent meg, \u00e9s k\u00f6z\u00fcl\u00fck sem mindegyik tarthat \u00e9rdekl\u0151d\u00e9sra sz\u00e1mot. \u00cdgy csak k\u00e9t \u00e9rdekes cikket mutatunk be:<\/p>\n<p><a href=\"http:\/\/pclos.janu.hu\/?p=3165\" target=\"_blank\" rel=\"noopener noreferrer\">GIMP oktat\u00f3: fot\u00f3szerkeszt\u00e9s &#8211; jav\u00edtott<\/a>: \u00f6sszefoglal\u00f3 a <em><span style=\"color: #993300;\"><strong>GIMP <\/strong><\/span><\/em>fot\u00f3jav\u00edt\u00f3 lehet\u0151s\u00e9geir\u0151l,<\/p>\n<p><a href=\"http:\/\/pclos.janu.hu\/?p=3169\" target=\"_blank\" rel=\"noopener noreferrer\">BASH parancssori billenty\u00fcparancsok<\/a>: b\u0171v\u00e9szked\u00e9s a h\u00e9jprogram parancsbevitel\u00e9ben.<\/p>\n","protected":false},"excerpt":{"rendered":"<p>\u00dagy l\u00e1tszik, a szerkeszt\u0151s\u00e9g m\u00e9g t\u00e9li \u00e1lm\u00e1t alussza, mert ebben a h\u00f3napban is kev\u00e9s cikk jelent meg, \u00e9s k\u00f6z\u00fcl\u00fck sem mindegyik tarthat \u00e9rdekl\u0151d\u00e9sra sz\u00e1mot. \u00cdgy csak k\u00e9t \u00e9rdekes cikket mutatunk be: GIMP oktat\u00f3: fot\u00f3szerkeszt\u00e9s &#8211; jav\u00edtott: \u00f6sszefoglal\u00f3 a GIMP fot\u00f3jav\u00edt\u00f3 &hellip; <a href=\"http:\/\/pclos.janu.hu\/?page_id=3163\">Egy kattint\u00e1s ide a folytat\u00e1shoz&#8230;. <span class=\"meta-nav\">&rarr;<\/span><\/a><\/p>\n","protected":false},"author":1,"featured_media":0,"parent":3120,"menu_order":45,"comment_status":"closed","ping_status":"closed","template":"","meta":{"footnotes":""},"class_list":["post-3163","page","type-page","status-publish","hentry"],"_links":{"self":[{"href":"http:\/\/pclos.janu.hu\/index.php?rest_route=\/wp\/v2\/pages\/3163","targetHints":{"allow":["GET"]}}],"collection":[{"href":"http:\/\/pclos.janu.hu\/index.php?rest_route=\/wp\/v2\/pages"}],"about":[{"href":"http:\/\/pclos.janu.hu\/index.php?rest_route=\/wp\/v2\/types\/page"}],"author":[{"embeddable":true,"href":"http:\/\/pclos.janu.hu\/index.php?rest_route=\/wp\/v2\/users\/1"}],"replies":[{"embeddable":true,"href":"http:\/\/pclos.janu.hu\/index.php?rest_route=%2Fwp%2Fv2%2Fcomments&post=3163"}],"version-history":[{"count":2,"href":"http:\/\/pclos.janu.hu\/index.php?rest_route=\/wp\/v2\/pages\/3163\/revisions"}],"predecessor-version":[{"id":3172,"href":"http:\/\/pclos.janu.hu\/index.php?rest_route=\/wp\/v2\/pages\/3163\/revisions\/3172"}],"up":[{"embeddable":true,"href":"http:\/\/pclos.janu.hu\/index.php?rest_route=\/wp\/v2\/pages\/3120"}],"wp:attachment":[{"href":"http:\/\/pclos.janu.hu\/index.php?rest_route=%2Fwp%2Fv2%2Fmedia&parent=3163"}],"curies":[{"name":"wp","href":"https:\/\/api.w.org\/{rel}","templated":true}]}}