{"id":3174,"date":"2020-04-11T20:39:49","date_gmt":"2020-04-11T18:39:49","guid":{"rendered":"http:\/\/pclos.janu.hu\/?page_id=3174"},"modified":"2020-04-11T20:39:49","modified_gmt":"2020-04-11T18:39:49","slug":"aprilis","status":"publish","type":"page","link":"http:\/\/pclos.janu.hu\/?page_id=3174","title":{"rendered":"\u00e1prilis"},"content":{"rendered":"<p style=\"text-align: justify;\">\u00dagy t\u0171nik, a korona v\u00edrus &#8211; minden rossz hat\u00e1sa mellett &#8211; \u00e9l\u00e9nk\u00edt\u0151en hatott a Magazine szerz\u0151ire. Az \u00e1prilisi sz\u00e1mban \u00e9rdekes cikkek jelentek meg:<\/p>\n<p style=\"text-align: justify;\"><a href=\"http:\/\/pclos.janu.hu\/?p=3175\" target=\"_blank\" rel=\"noopener noreferrer\">Dolgok, amiket karant\u00e9n alatt PCLinuxOS-sel csin\u00e1lhatsz<\/a> j\u00e1t\u00e9kok, filmek, zen\u00e9k hol tal\u00e1lhat\u00f3ak,<\/p>\n<p style=\"text-align: justify;\"><a href=\"http:\/\/pclos.janu.hu\/?p=3180\" target=\"_blank\" rel=\"noopener noreferrer\">Nextcloud kliens be\u00e1ll\u00edt\u00e1sa: \u00e1tdolgozott<\/a> a PCLinuxos felh\u0151j\u00e9nek haszn\u00e1lat\u00e1hoz kliens be\u00e1ll\u00edt\u00e1sa,<\/p>\n<p><a href=\"http:\/\/pclos.janu.hu\/?p=3183\" target=\"_blank\" rel=\"noopener noreferrer\">Inkscape oktat\u00f3: weblaph\u00e1tt\u00e9r k\u00e9sz\u00edt\u00e9se<\/a> Egyszer\u0171 h\u00e1tt\u00e9r k\u00e9sz\u00edt\u00e9se,<\/p>\n<p><a href=\"http:\/\/pclos.janu.hu\/?p=3188\" target=\"_blank\" rel=\"noopener noreferrer\">DuckDuckGo Tracker Radar a rejtett k\u00f6vet\u00e9sek felfed\u00e9s\u00e9hez<\/a> amit a c\u00edm sugall&#8230;,<\/p>\n<p><a href=\"http:\/\/pclos.janu.hu\/?p=3191\" target=\"_blank\" rel=\"noopener noreferrer\">Repo Mustra: VidCutter<\/a> egy egyszer\u0171bb vide\u00f3szerkeszt\u0151.<\/p>\n","protected":false},"excerpt":{"rendered":"<p>\u00dagy t\u0171nik, a korona v\u00edrus &#8211; minden rossz hat\u00e1sa mellett &#8211; \u00e9l\u00e9nk\u00edt\u0151en hatott a Magazine szerz\u0151ire. Az \u00e1prilisi sz\u00e1mban \u00e9rdekes cikkek jelentek meg: Dolgok, amiket karant\u00e9n alatt PCLinuxOS-sel csin\u00e1lhatsz j\u00e1t\u00e9kok, filmek, zen\u00e9k hol tal\u00e1lhat\u00f3ak, Nextcloud kliens be\u00e1ll\u00edt\u00e1sa: \u00e1tdolgozott a PCLinuxos &hellip; <a href=\"http:\/\/pclos.janu.hu\/?page_id=3174\">Egy kattint\u00e1s ide a folytat\u00e1shoz&#8230;. <span class=\"meta-nav\">&rarr;<\/span><\/a><\/p>\n","protected":false},"author":1,"featured_media":0,"parent":3120,"menu_order":40,"comment_status":"closed","ping_status":"closed","template":"","meta":{"footnotes":""},"class_list":["post-3174","page","type-page","status-publish","hentry"],"_links":{"self":[{"href":"http:\/\/pclos.janu.hu\/index.php?rest_route=\/wp\/v2\/pages\/3174","targetHints":{"allow":["GET"]}}],"collection":[{"href":"http:\/\/pclos.janu.hu\/index.php?rest_route=\/wp\/v2\/pages"}],"about":[{"href":"http:\/\/pclos.janu.hu\/index.php?rest_route=\/wp\/v2\/types\/page"}],"author":[{"embeddable":true,"href":"http:\/\/pclos.janu.hu\/index.php?rest_route=\/wp\/v2\/users\/1"}],"replies":[{"embeddable":true,"href":"http:\/\/pclos.janu.hu\/index.php?rest_route=%2Fwp%2Fv2%2Fcomments&post=3174"}],"version-history":[{"count":1,"href":"http:\/\/pclos.janu.hu\/index.php?rest_route=\/wp\/v2\/pages\/3174\/revisions"}],"predecessor-version":[{"id":3194,"href":"http:\/\/pclos.janu.hu\/index.php?rest_route=\/wp\/v2\/pages\/3174\/revisions\/3194"}],"up":[{"embeddable":true,"href":"http:\/\/pclos.janu.hu\/index.php?rest_route=\/wp\/v2\/pages\/3120"}],"wp:attachment":[{"href":"http:\/\/pclos.janu.hu\/index.php?rest_route=%2Fwp%2Fv2%2Fmedia&parent=3174"}],"curies":[{"name":"wp","href":"https:\/\/api.w.org\/{rel}","templated":true}]}}