{"id":3197,"date":"2020-05-08T11:21:31","date_gmt":"2020-05-08T09:21:31","guid":{"rendered":"http:\/\/pclos.janu.hu\/?page_id=3197"},"modified":"2020-05-08T11:23:26","modified_gmt":"2020-05-08T09:23:26","slug":"2020-majus","status":"publish","type":"page","link":"http:\/\/pclos.janu.hu\/?page_id=3197","title":{"rendered":"m\u00e1jus"},"content":{"rendered":"<p style=\"text-align: justify;\">Az \u00faj koronav\u00edrus-j\u00e1rv\u00e1ny \u00fagy l\u00e1tszik, j\u00f3t\u00e9kony hat\u00e1ssal volt a cikkszerz\u0151kre. Nem csak a mennyis\u00e9g, hanem a t\u00e9,a is \u00e9rdekes. Ha lehet ilyet mondani, ennyi el\u0151ny\u00fcnk sz\u00e1rmazik a kialakult helyzetb\u0151l: szerz\u0151ink jobban r\u00e1\u00e9rnek \ud83d\ude42<\/p>\n<p style=\"text-align: justify;\"><a href=\"http:\/\/pclos.janu.hu\/?p=3198\" target=\"_blank\" rel=\"noopener noreferrer\">Biztons\u00e1gban sztr\u00edmel\u00e9s k\u00f6zben: DBD-mentes tippek karant\u00e9nra<\/a>: A DBD\/DRM n\u00e9lk\u00fcli sztr\u00edmek hol n\u00e9zhet\u0151ek?<\/p>\n<p style=\"text-align: justify;\"><a href=\"http:\/\/pclos.janu.hu\/?p=3203\" target=\"_blank\" rel=\"noopener noreferrer\">H\u00e1tt\u00e9rk\u00e9pszemle, \u00e1tdolgozott<\/a> rengeteg ingyenes h\u00e1tt\u00e9r honnan t\u00f6lthet\u0151 le?<\/p>\n<p style=\"text-align: justify;\"><a href=\"http:\/\/pclos.janu.hu\/?p=3207\" target=\"_blank\" rel=\"noopener noreferrer\">GIMP oktat\u00f3: fot\u00f3szerkeszt\u00e9s, 3. r\u00e9sz<\/a> fot\u00f3k szebb\u00e9 manipul\u00e1l\u00e1sa,<\/p>\n<p style=\"text-align: justify;\"><a href=\"http:\/\/pclos.janu.hu\/?p=3210\" target=\"_blank\" rel=\"noopener noreferrer\">Jobb mint a Zoom: pr\u00f3b\u00e1ld ki ezeket a szabad szoftver eszk\u00f6z\u00f6ket kapcsolattart\u00e1shoz<\/a> a c\u00edm mindent elmond \ud83d\ude42<\/p>\n<p style=\"text-align: justify;\"><a href=\"http:\/\/pclos.janu.hu\/?p=3213\" target=\"_blank\" rel=\"noopener noreferrer\">V\u00e9gre! A ShotCut fut PCLinuxOS-en!<\/a> Egy profikkal sikeresen konkur\u00e1l\u00f3 vide\u00f3 szerkeszt\u00f3 program.<\/p>\n<p style=\"text-align: justify;\">\n","protected":false},"excerpt":{"rendered":"<p>Az \u00faj koronav\u00edrus-j\u00e1rv\u00e1ny \u00fagy l\u00e1tszik, j\u00f3t\u00e9kony hat\u00e1ssal volt a cikkszerz\u0151kre. Nem csak a mennyis\u00e9g, hanem a t\u00e9,a is \u00e9rdekes. Ha lehet ilyet mondani, ennyi el\u0151ny\u00fcnk sz\u00e1rmazik a kialakult helyzetb\u0151l: szerz\u0151ink jobban r\u00e1\u00e9rnek \ud83d\ude42 Biztons\u00e1gban sztr\u00edmel\u00e9s k\u00f6zben: DBD-mentes tippek karant\u00e9nra: A &hellip; <a href=\"http:\/\/pclos.janu.hu\/?page_id=3197\">Egy kattint\u00e1s ide a folytat\u00e1shoz&#8230;. <span class=\"meta-nav\">&rarr;<\/span><\/a><\/p>\n","protected":false},"author":1,"featured_media":0,"parent":3120,"menu_order":35,"comment_status":"closed","ping_status":"closed","template":"","meta":{"footnotes":""},"class_list":["post-3197","page","type-page","status-publish","hentry"],"_links":{"self":[{"href":"http:\/\/pclos.janu.hu\/index.php?rest_route=\/wp\/v2\/pages\/3197","targetHints":{"allow":["GET"]}}],"collection":[{"href":"http:\/\/pclos.janu.hu\/index.php?rest_route=\/wp\/v2\/pages"}],"about":[{"href":"http:\/\/pclos.janu.hu\/index.php?rest_route=\/wp\/v2\/types\/page"}],"author":[{"embeddable":true,"href":"http:\/\/pclos.janu.hu\/index.php?rest_route=\/wp\/v2\/users\/1"}],"replies":[{"embeddable":true,"href":"http:\/\/pclos.janu.hu\/index.php?rest_route=%2Fwp%2Fv2%2Fcomments&post=3197"}],"version-history":[{"count":3,"href":"http:\/\/pclos.janu.hu\/index.php?rest_route=\/wp\/v2\/pages\/3197\/revisions"}],"predecessor-version":[{"id":3219,"href":"http:\/\/pclos.janu.hu\/index.php?rest_route=\/wp\/v2\/pages\/3197\/revisions\/3219"}],"up":[{"embeddable":true,"href":"http:\/\/pclos.janu.hu\/index.php?rest_route=\/wp\/v2\/pages\/3120"}],"wp:attachment":[{"href":"http:\/\/pclos.janu.hu\/index.php?rest_route=%2Fwp%2Fv2%2Fmedia&parent=3197"}],"curies":[{"name":"wp","href":"https:\/\/api.w.org\/{rel}","templated":true}]}}