{"id":3242,"date":"2020-07-09T11:10:05","date_gmt":"2020-07-09T09:10:05","guid":{"rendered":"http:\/\/pclos.janu.hu\/?page_id=3242"},"modified":"2020-07-09T12:00:03","modified_gmt":"2020-07-09T10:00:03","slug":"julius","status":"publish","type":"page","link":"http:\/\/pclos.janu.hu\/?page_id=3242","title":{"rendered":"j\u00falius"},"content":{"rendered":"<p>Ebben a h\u00f3napban el\u00e9g szeg\u00e9nyes lett a v\u00e1laszt\u00e9k. Nem keress\u00fck az okokat: ny\u00e1r van, v\u00edrus van \ud83d\ude41<\/p>\n<p style=\"text-align: justify;\"><a href=\"http:\/\/pclos.janu.hu\/?p=3244\" target=\"_blank\" rel=\"noopener noreferrer\">Tetszet\u00f6s termin\u00e1l screenFetch-csel<\/a>: m\u00f3k\u00e1s \u00e1bra termin\u00e1lon: disztrib\u00faci\u00f3nk log\u00f3ja karakterekkel, g\u00e9p\u00fcnk jellemz\u0151i,<\/p>\n<p><a href=\"http:\/\/pclos.janu.hu\/?p=3251\" target=\"_blank\" rel=\"noopener noreferrer\">GIMP oktat\u00f3: sz\u00fcr\u00f6 sablonok k\u00fcl\u00f6nf\u00e9le hat\u00e1sokhoz<\/a> sakkt\u00e1bla g\u00f6rb\u00fcletekkel, labirintus&#8230;<\/p>\n<p>&nbsp;<\/p>\n","protected":false},"excerpt":{"rendered":"<p>Ebben a h\u00f3napban el\u00e9g szeg\u00e9nyes lett a v\u00e1laszt\u00e9k. Nem keress\u00fck az okokat: ny\u00e1r van, v\u00edrus van \ud83d\ude41 Tetszet\u00f6s termin\u00e1l screenFetch-csel: m\u00f3k\u00e1s \u00e1bra termin\u00e1lon: disztrib\u00faci\u00f3nk log\u00f3ja karakterekkel, g\u00e9p\u00fcnk jellemz\u0151i, GIMP oktat\u00f3: sz\u00fcr\u00f6 sablonok k\u00fcl\u00f6nf\u00e9le hat\u00e1sokhoz sakkt\u00e1bla g\u00f6rb\u00fcletekkel, labirintus&#8230; &nbsp;<\/p>\n","protected":false},"author":1,"featured_media":0,"parent":3120,"menu_order":25,"comment_status":"closed","ping_status":"closed","template":"","meta":{"footnotes":""},"class_list":["post-3242","page","type-page","status-publish","hentry"],"_links":{"self":[{"href":"http:\/\/pclos.janu.hu\/index.php?rest_route=\/wp\/v2\/pages\/3242","targetHints":{"allow":["GET"]}}],"collection":[{"href":"http:\/\/pclos.janu.hu\/index.php?rest_route=\/wp\/v2\/pages"}],"about":[{"href":"http:\/\/pclos.janu.hu\/index.php?rest_route=\/wp\/v2\/types\/page"}],"author":[{"embeddable":true,"href":"http:\/\/pclos.janu.hu\/index.php?rest_route=\/wp\/v2\/users\/1"}],"replies":[{"embeddable":true,"href":"http:\/\/pclos.janu.hu\/index.php?rest_route=%2Fwp%2Fv2%2Fcomments&post=3242"}],"version-history":[{"count":4,"href":"http:\/\/pclos.janu.hu\/index.php?rest_route=\/wp\/v2\/pages\/3242\/revisions"}],"predecessor-version":[{"id":3254,"href":"http:\/\/pclos.janu.hu\/index.php?rest_route=\/wp\/v2\/pages\/3242\/revisions\/3254"}],"up":[{"embeddable":true,"href":"http:\/\/pclos.janu.hu\/index.php?rest_route=\/wp\/v2\/pages\/3120"}],"wp:attachment":[{"href":"http:\/\/pclos.janu.hu\/index.php?rest_route=%2Fwp%2Fv2%2Fmedia&parent=3242"}],"curies":[{"name":"wp","href":"https:\/\/api.w.org\/{rel}","templated":true}]}}