{"id":325,"date":"2013-10-23T09:53:40","date_gmt":"2013-10-23T07:53:40","guid":{"rendered":"http:\/\/pclos.janu.hu\/?page_id=325"},"modified":"2013-10-23T09:53:40","modified_gmt":"2013-10-23T07:53:40","slug":"szeptember","status":"publish","type":"page","link":"http:\/\/pclos.janu.hu\/?page_id=325","title":{"rendered":"szeptember"},"content":{"rendered":"<p><a title=\"SCIM\" href=\" http:\/\/pclos.janu.hu\/?p=322 \" target=\"_blank\">\u00cdr\u00e1s t\u00f6bb nyelven SCIM-mel<\/a>\u00a0Nem latinbet\u0171s nyelven val\u00f3 \u00edr\u00e1s<\/p>\n","protected":false},"excerpt":{"rendered":"<p>\u00cdr\u00e1s t\u00f6bb nyelven SCIM-mel\u00a0Nem latinbet\u0171s nyelven val\u00f3 \u00edr\u00e1s<\/p>\n","protected":false},"author":1,"featured_media":0,"parent":292,"menu_order":0,"comment_status":"open","ping_status":"closed","template":"","meta":{"footnotes":""},"class_list":["post-325","page","type-page","status-publish","hentry"],"_links":{"self":[{"href":"http:\/\/pclos.janu.hu\/index.php?rest_route=\/wp\/v2\/pages\/325","targetHints":{"allow":["GET"]}}],"collection":[{"href":"http:\/\/pclos.janu.hu\/index.php?rest_route=\/wp\/v2\/pages"}],"about":[{"href":"http:\/\/pclos.janu.hu\/index.php?rest_route=\/wp\/v2\/types\/page"}],"author":[{"embeddable":true,"href":"http:\/\/pclos.janu.hu\/index.php?rest_route=\/wp\/v2\/users\/1"}],"replies":[{"embeddable":true,"href":"http:\/\/pclos.janu.hu\/index.php?rest_route=%2Fwp%2Fv2%2Fcomments&post=325"}],"version-history":[{"count":1,"href":"http:\/\/pclos.janu.hu\/index.php?rest_route=\/wp\/v2\/pages\/325\/revisions"}],"predecessor-version":[{"id":327,"href":"http:\/\/pclos.janu.hu\/index.php?rest_route=\/wp\/v2\/pages\/325\/revisions\/327"}],"up":[{"embeddable":true,"href":"http:\/\/pclos.janu.hu\/index.php?rest_route=\/wp\/v2\/pages\/292"}],"wp:attachment":[{"href":"http:\/\/pclos.janu.hu\/index.php?rest_route=%2Fwp%2Fv2%2Fmedia&parent=325"}],"curies":[{"name":"wp","href":"https:\/\/api.w.org\/{rel}","templated":true}]}}