{"id":3264,"date":"2020-09-08T21:44:37","date_gmt":"2020-09-08T19:44:37","guid":{"rendered":"http:\/\/pclos.janu.hu\/?page_id=3264"},"modified":"2020-09-08T21:44:37","modified_gmt":"2020-09-08T19:44:37","slug":"augusztus","status":"publish","type":"page","link":"http:\/\/pclos.janu.hu\/?page_id=3264","title":{"rendered":"augusztus"},"content":{"rendered":"<p style=\"text-align: justify;\">Egy f\u00e9lre\u00e9rt\u00e9s miatt elmaradt az augusztusi cikkek id\u0151ben val\u00f3 kiad\u00e1sa. Most a szeptemberivel egy\u00fctt k\u00f6z\u00f6lj\u00fck ezeket. Igaz\u00e1n b\u0151 term\u00e9s volt \ud83d\ude42<\/p>\n<p style=\"text-align: justify;\"><a href=\"http:\/\/pclos.janu.hu\/?p=3265\" target=\"_blank\" rel=\"noopener noreferrer\">Inkscape 1.0 bemutat\u00e1sa<\/a>: t\u00f6bb, mint 3 \u00e9v fejleszt\u00e9s ut\u00e1n hasznos (egy\u00e1ltal\u00e1n nem) kis alkalmaz\u00e1s bemutat\u00e1sa,<\/p>\n<p><a href=\"http:\/\/pclos.janu.hu\/?p=3268\" target=\"_blank\" rel=\"noopener noreferrer\">Inkscape Tutorial: Inkscape 1.0 \u00fajdons\u00e1gok<\/a>: van mit felfedezni az \u00faj v\u00e1ltozatban \u2013 <strong><span style=\"color: #008000;\">Meemaw<\/span><\/strong> meg is kezdte!<\/p>\n<p><a href=\"http:\/\/pclos.janu.hu\/?p=3273\" target=\"_blank\" rel=\"noopener noreferrer\">Ventoy: a cs\u00facs USB bet\u00f6lt\u00f6<\/a>: igazi hi\u00e1nyp\u00f3tl\u00f3! USB flash drive boot-olhat\u00f3v\u00e1 t\u00e9tele,<\/p>\n<p><a href=\"http:\/\/pclos.janu.hu\/?p=3280\" target=\"_blank\" rel=\"noopener noreferrer\">F\u00e1jlok k\u00f6zvetlen \u00e1tvitele PC-rol Amazon Fire Stick-re<\/a>: a speci\u00e1lis Amazon eszk\u00f6z\u00f6n megl\u00e9v\u00f3 f\u00e1jlok m\u00e1sol\u00e1sa,<\/p>\n<p><a href=\"http:\/\/pclos.janu.hu\/?p=3276\" target=\"_blank\" rel=\"noopener noreferrer\">VLC lej\u00e1tsz\u00e1si lista k\u00e9sz\u00edt\u00e9se parancssorb\u00f3l<\/a>: amit a c\u00edm sugall: egy szkript lej\u00e1tsz\u00e1si list\u00e1k k\u00e9sz\u00edt\u00e9s\u00e9re,<\/p>\n<p><a href=\"http:\/\/pclos.janu.hu\/?p=3284\" target=\"_blank\" rel=\"noopener noreferrer\">Az EFF kereshet\u00f6 adatb\u00e1zist hozott l\u00e9tre a rend\u00f6ri szervekr\u00f6l \u00e9s az \u00e1ltaluk, a k\u00f6z\u00f6ss\u00e9g elleni k\u00e9mked\u00e9sre haszn\u00e1lt eszk\u00f6z\u00f6kr\u00f6l<\/a>: amit a c\u00edm mond: a mag\u00e1nszf\u00e9ra v\u00e9delm\u00e9ben nyilv\u00e1nos adatb\u00e1zist hiztak l\u00e9tre az USA-ban,<\/p>\n<p><a href=\"http:\/\/pclos.janu.hu\/?p=3287\" target=\"_blank\" rel=\"noopener noreferrer\">Repo Mustra: Gscan2pdf<\/a>: dokumentum szkennel\u0151 OCR lehet\u0151s\u00e9ggel,<\/p>\n<p>&nbsp;<\/p>\n","protected":false},"excerpt":{"rendered":"<p>Egy f\u00e9lre\u00e9rt\u00e9s miatt elmaradt az augusztusi cikkek id\u0151ben val\u00f3 kiad\u00e1sa. Most a szeptemberivel egy\u00fctt k\u00f6z\u00f6lj\u00fck ezeket. Igaz\u00e1n b\u0151 term\u00e9s volt \ud83d\ude42 Inkscape 1.0 bemutat\u00e1sa: t\u00f6bb, mint 3 \u00e9v fejleszt\u00e9s ut\u00e1n hasznos (egy\u00e1ltal\u00e1n nem) kis alkalmaz\u00e1s bemutat\u00e1sa, Inkscape Tutorial: Inkscape 1.0 &hellip; <a href=\"http:\/\/pclos.janu.hu\/?page_id=3264\">Egy kattint\u00e1s ide a folytat\u00e1shoz&#8230;. <span class=\"meta-nav\">&rarr;<\/span><\/a><\/p>\n","protected":false},"author":1,"featured_media":0,"parent":3120,"menu_order":20,"comment_status":"closed","ping_status":"closed","template":"","meta":{"footnotes":""},"class_list":["post-3264","page","type-page","status-publish","hentry"],"_links":{"self":[{"href":"http:\/\/pclos.janu.hu\/index.php?rest_route=\/wp\/v2\/pages\/3264","targetHints":{"allow":["GET"]}}],"collection":[{"href":"http:\/\/pclos.janu.hu\/index.php?rest_route=\/wp\/v2\/pages"}],"about":[{"href":"http:\/\/pclos.janu.hu\/index.php?rest_route=\/wp\/v2\/types\/page"}],"author":[{"embeddable":true,"href":"http:\/\/pclos.janu.hu\/index.php?rest_route=\/wp\/v2\/users\/1"}],"replies":[{"embeddable":true,"href":"http:\/\/pclos.janu.hu\/index.php?rest_route=%2Fwp%2Fv2%2Fcomments&post=3264"}],"version-history":[{"count":1,"href":"http:\/\/pclos.janu.hu\/index.php?rest_route=\/wp\/v2\/pages\/3264\/revisions"}],"predecessor-version":[{"id":3290,"href":"http:\/\/pclos.janu.hu\/index.php?rest_route=\/wp\/v2\/pages\/3264\/revisions\/3290"}],"up":[{"embeddable":true,"href":"http:\/\/pclos.janu.hu\/index.php?rest_route=\/wp\/v2\/pages\/3120"}],"wp:attachment":[{"href":"http:\/\/pclos.janu.hu\/index.php?rest_route=%2Fwp%2Fv2%2Fmedia&parent=3264"}],"curies":[{"name":"wp","href":"https:\/\/api.w.org\/{rel}","templated":true}]}}