{"id":3307,"date":"2020-10-10T09:33:10","date_gmt":"2020-10-10T07:33:10","guid":{"rendered":"http:\/\/pclos.janu.hu\/?page_id=3307"},"modified":"2020-10-10T09:33:10","modified_gmt":"2020-10-10T07:33:10","slug":"oktober","status":"publish","type":"page","link":"http:\/\/pclos.janu.hu\/?page_id=3307","title":{"rendered":"okt\u00f3ber"},"content":{"rendered":"<p style=\"text-align: justify;\">Magazinunk f\u0151szerkeszt\u0151je havi bek\u00f6sz\u00f6nt\u0151j\u00e9ben megeml\u00edtette hobbij\u00e1t. H\u00e1t igen, egyre h\u0171v\u00f6sebb id\u0151 van, el\u0151t\u00e9rbe ker\u00fclnek a szobai foglalatoss\u00e1gok. Ilyen lehet a <span style=\"color: #008080;\"><strong>Pclos Magazine<\/strong><\/span> okt\u00f3beri sz\u00e1ma cikkeinek olvas\u00e1sa is. Az \u00e9rdekesebbek ford\u00edt\u00e1s\u00e1t itt k\u00f6z\u00f6lj\u00fck:<\/p>\n<p style=\"text-align: justify;\"><a href=\"http:\/\/pclos.janu.hu\/?p=3308\" target=\"_blank\" rel=\"noopener noreferrer\">Helyi t\u00fckr\u00f6z\u00e9s be\u00e1ll\u00edt\u00e1sa \u00e9s napra k\u00e9szen tart\u00e1sa<\/a>: \u00e9p\u00edts\u00fcnk saj\u00e1t t\u00e1rol\u00f3t \u2013 \u00e9s biztos\u00edtsuk a folyamatos aktualiz\u00e1l\u00e1s\u00e1t!<\/p>\n<p><a href=\"http:\/\/pclos.janu.hu\/?p=3311\" target=\"_blank\" rel=\"noopener noreferrer\">Inkscape 1.0 \u00fajdons\u00e1gok \u2013 3. r\u00e9sz<\/a>: izgalmas \u00e9s \u00e9rdekes \u00fajdons\u00e1gok,<\/p>\n<p><a href=\"http:\/\/pclos.janu.hu\/?p=3314\" target=\"_blank\" rel=\"noopener noreferrer\">Zabol\u00e1zd meg a Gmail vad\u00e1llatodat<\/a>: \u00d6tletek a t\u00e1rhely jobb kihaszn\u00e1l\u00e1s\u00e1hoz,<\/p>\n<p><a href=\"http:\/\/pclos.janu.hu\/?p=3318\" target=\"_blank\" rel=\"noopener noreferrer\">Repo Mustra: XnConvert<\/a>: k\u00f6tegelt k\u00e9pfeldogoz\u00e1sra val\u00f3 program.<\/p>\n","protected":false},"excerpt":{"rendered":"<p>Magazinunk f\u0151szerkeszt\u0151je havi bek\u00f6sz\u00f6nt\u0151j\u00e9ben megeml\u00edtette hobbij\u00e1t. H\u00e1t igen, egyre h\u0171v\u00f6sebb id\u0151 van, el\u0151t\u00e9rbe ker\u00fclnek a szobai foglalatoss\u00e1gok. Ilyen lehet a Pclos Magazine okt\u00f3beri sz\u00e1ma cikkeinek olvas\u00e1sa is. Az \u00e9rdekesebbek ford\u00edt\u00e1s\u00e1t itt k\u00f6z\u00f6lj\u00fck: Helyi t\u00fckr\u00f6z\u00e9s be\u00e1ll\u00edt\u00e1sa \u00e9s napra k\u00e9szen tart\u00e1sa: \u00e9p\u00edts\u00fcnk &hellip; <a href=\"http:\/\/pclos.janu.hu\/?page_id=3307\">Egy kattint\u00e1s ide a folytat\u00e1shoz&#8230;. <span class=\"meta-nav\">&rarr;<\/span><\/a><\/p>\n","protected":false},"author":1,"featured_media":0,"parent":3120,"menu_order":10,"comment_status":"closed","ping_status":"closed","template":"","meta":{"footnotes":""},"class_list":["post-3307","page","type-page","status-publish","hentry"],"_links":{"self":[{"href":"http:\/\/pclos.janu.hu\/index.php?rest_route=\/wp\/v2\/pages\/3307","targetHints":{"allow":["GET"]}}],"collection":[{"href":"http:\/\/pclos.janu.hu\/index.php?rest_route=\/wp\/v2\/pages"}],"about":[{"href":"http:\/\/pclos.janu.hu\/index.php?rest_route=\/wp\/v2\/types\/page"}],"author":[{"embeddable":true,"href":"http:\/\/pclos.janu.hu\/index.php?rest_route=\/wp\/v2\/users\/1"}],"replies":[{"embeddable":true,"href":"http:\/\/pclos.janu.hu\/index.php?rest_route=%2Fwp%2Fv2%2Fcomments&post=3307"}],"version-history":[{"count":2,"href":"http:\/\/pclos.janu.hu\/index.php?rest_route=\/wp\/v2\/pages\/3307\/revisions"}],"predecessor-version":[{"id":3325,"href":"http:\/\/pclos.janu.hu\/index.php?rest_route=\/wp\/v2\/pages\/3307\/revisions\/3325"}],"up":[{"embeddable":true,"href":"http:\/\/pclos.janu.hu\/index.php?rest_route=\/wp\/v2\/pages\/3120"}],"wp:attachment":[{"href":"http:\/\/pclos.janu.hu\/index.php?rest_route=%2Fwp%2Fv2%2Fmedia&parent=3307"}],"curies":[{"name":"wp","href":"https:\/\/api.w.org\/{rel}","templated":true}]}}