{"id":3342,"date":"2020-12-04T13:11:59","date_gmt":"2020-12-04T12:11:59","guid":{"rendered":"http:\/\/pclos.janu.hu\/?page_id=3342"},"modified":"2020-12-04T13:11:59","modified_gmt":"2020-12-04T12:11:59","slug":"december","status":"publish","type":"page","link":"http:\/\/pclos.janu.hu\/?page_id=3342","title":{"rendered":"december"},"content":{"rendered":"<p style=\"text-align: justify;\">Az \u00e9v utols\u00f3 <span style=\"color: #3366ff;\"><strong>PCLinuxOS Magazine<\/strong><\/span>-ja kicsit k\u00e1rp\u00f3tol benn\u00fcnket az el\u0151z\u0151 havi v\u00e9konyan csordog\u00e1lt cikkek\u00e9rt:<\/p>\n<p><a href=\"http:\/\/pclos.janu.hu\/?p=3343\" target=\"_blank\" rel=\"noopener noreferrer\">K\u00e9pzaj cs\u00f6kkent\u00e9se k\u00e9pek egym\u00e1sra halmoz\u00e1s\u00e1val&#8230;<\/a>: felv\u00e9tel sorozatb\u00f3l sz\u00ednvonalas k\u00e9p el\u0151\u00e1ll\u00edt\u00e1sa,<\/p>\n<p><a href=\"http:\/\/pclos.janu.hu\/?p=3349\" target=\"_blank\" rel=\"noopener noreferrer\">Inkscape oktat\u00f3: saj\u00e1t napt\u00e1r k\u00e9sz\u00edt\u00e9se<\/a>: \u00daj \u00e9v, a r\u00e9gi napt\u00e1r eldobhat\u00f3. Csin\u00e1ljunk \u00fajat!<\/p>\n<p><a href=\"http:\/\/pclos.janu.hu\/?p=3353\" target=\"_blank\" rel=\"noopener noreferrer\">Repo Mustra: Shortwave<\/a>: egy \u00faj internetes r\u00e1di\u00f3lej\u00e1tsz\u00f3.<\/p>\n<p><a href=\"http:\/\/pclos.janu.hu\/?p=3357\" target=\"_blank\" rel=\"noopener noreferrer\">Hamis k\u00fcls\u00f6 mem\u00f3ri\u00e1k<\/a>: az ember esze meg\u00e1ll, m\u00e1r a mem\u00f3ria m\u00e9ret\u00e9t is hamis\u00edtj\u00e1k!<\/p>\n<p><a href=\"http:\/\/pclos.janu.hu\/?p=3360\" target=\"_blank\" rel=\"noopener noreferrer\">Timeshift haszn\u00e1lata a PCLinuxOS rendszered ment\u00e9s\u00e9re&#8230;<\/a>: biztons\u00e1g mindenek el\u0151tt<\/p>\n","protected":false},"excerpt":{"rendered":"<p>Az \u00e9v utols\u00f3 PCLinuxOS Magazine-ja kicsit k\u00e1rp\u00f3tol benn\u00fcnket az el\u0151z\u0151 havi v\u00e9konyan csordog\u00e1lt cikkek\u00e9rt: K\u00e9pzaj cs\u00f6kkent\u00e9se k\u00e9pek egym\u00e1sra halmoz\u00e1s\u00e1val&#8230;: felv\u00e9tel sorozatb\u00f3l sz\u00ednvonalas k\u00e9p el\u0151\u00e1ll\u00edt\u00e1sa, Inkscape oktat\u00f3: saj\u00e1t napt\u00e1r k\u00e9sz\u00edt\u00e9se: \u00daj \u00e9v, a r\u00e9gi napt\u00e1r eldobhat\u00f3. Csin\u00e1ljunk \u00fajat! Repo Mustra: Shortwave: &hellip; <a href=\"http:\/\/pclos.janu.hu\/?page_id=3342\">Egy kattint\u00e1s ide a folytat\u00e1shoz&#8230;. <span class=\"meta-nav\">&rarr;<\/span><\/a><\/p>\n","protected":false},"author":1,"featured_media":0,"parent":3120,"menu_order":0,"comment_status":"closed","ping_status":"closed","template":"","meta":{"footnotes":""},"class_list":["post-3342","page","type-page","status-publish","hentry"],"_links":{"self":[{"href":"http:\/\/pclos.janu.hu\/index.php?rest_route=\/wp\/v2\/pages\/3342","targetHints":{"allow":["GET"]}}],"collection":[{"href":"http:\/\/pclos.janu.hu\/index.php?rest_route=\/wp\/v2\/pages"}],"about":[{"href":"http:\/\/pclos.janu.hu\/index.php?rest_route=\/wp\/v2\/types\/page"}],"author":[{"embeddable":true,"href":"http:\/\/pclos.janu.hu\/index.php?rest_route=\/wp\/v2\/users\/1"}],"replies":[{"embeddable":true,"href":"http:\/\/pclos.janu.hu\/index.php?rest_route=%2Fwp%2Fv2%2Fcomments&post=3342"}],"version-history":[{"count":1,"href":"http:\/\/pclos.janu.hu\/index.php?rest_route=\/wp\/v2\/pages\/3342\/revisions"}],"predecessor-version":[{"id":3364,"href":"http:\/\/pclos.janu.hu\/index.php?rest_route=\/wp\/v2\/pages\/3342\/revisions\/3364"}],"up":[{"embeddable":true,"href":"http:\/\/pclos.janu.hu\/index.php?rest_route=\/wp\/v2\/pages\/3120"}],"wp:attachment":[{"href":"http:\/\/pclos.janu.hu\/index.php?rest_route=%2Fwp%2Fv2%2Fmedia&parent=3342"}],"curies":[{"name":"wp","href":"https:\/\/api.w.org\/{rel}","templated":true}]}}