{"id":337,"date":"2013-10-23T10:51:48","date_gmt":"2013-10-23T08:51:48","guid":{"rendered":"http:\/\/pclos.janu.hu\/?page_id=337"},"modified":"2013-10-30T15:23:20","modified_gmt":"2013-10-30T14:23:20","slug":"admin-nemet","status":"publish","type":"page","link":"http:\/\/pclos.janu.hu\/?page_id=337","title":{"rendered":"Admin (n\u00e9met)"},"content":{"rendered":"<h2><a title=\"admin\" href=\"http:\/\/www.admin-magazin.de\/\" target=\"_blank\">Admin<\/a>: IT-praxis &amp; Strategie<\/h2>\n<p><a href=\"http:\/\/pclos.janu.hu\/?p=663\" target=\"_blank\">Admin-Tipp: az etc \u00e1llom\u00e1nyok verzi\u00f3 kezel\u00e9se<\/a>\u00a0Debianosok, Ubuntusok figyelem! A \/etc-ben uralkod\u00f3 felfordul\u00e1s cs\u00f6kkent\u00e9s\u00e9re\u00a0<em>van<\/em><em> lehet\u0151s\u00e9g<\/em>! Ez a tipp az <code>etckeeper<\/code>-r\u0151l sz\u00f3l.<\/p>\n<p><a title=\"Mos-Statistics\" href=\"http:\/\/pclos.janu.hu\/?p=443 \" target=\"_blank\">Az Apache webszerver fut\u00e1si statisztik\u00e1j\u00e1t szolg\u00e1ltatja SNMP-n egy \u00faj modul<\/a>. \u00c9rdekes lehet webszerver \u00fczemeltet\u0151k sz\u00e1m\u00e1ra<\/p>\n<p><a title=\"virtualbox\" href=\"http:\/\/pclos.janu.hu\/?p=333 \" target=\"_blank\">Az ingyenes VirtualBox \u00faj verzi\u00f3ja m\u00e1r el\u00e9rhet\u0151<\/a>\u00a0r\u00f6vid ismertet\u0151 a 4.3-as virtualbox \u00faj lehet\u0151s\u00e9geir\u0151l.<\/p>\n","protected":false},"excerpt":{"rendered":"<p>Admin: IT-praxis &amp; Strategie Admin-Tipp: az etc \u00e1llom\u00e1nyok verzi\u00f3 kezel\u00e9se\u00a0Debianosok, Ubuntusok figyelem! A \/etc-ben uralkod\u00f3 felfordul\u00e1s cs\u00f6kkent\u00e9s\u00e9re\u00a0van lehet\u0151s\u00e9g! Ez a tipp az etckeeper-r\u0151l sz\u00f3l. Az Apache webszerver fut\u00e1si statisztik\u00e1j\u00e1t szolg\u00e1ltatja SNMP-n egy \u00faj modul. \u00c9rdekes lehet webszerver \u00fczemeltet\u0151k sz\u00e1m\u00e1ra Az &hellip; <a href=\"http:\/\/pclos.janu.hu\/?page_id=337\">Egy kattint\u00e1s ide a folytat\u00e1shoz&#8230;. <span class=\"meta-nav\">&rarr;<\/span><\/a><\/p>\n","protected":false},"author":1,"featured_media":0,"parent":334,"menu_order":0,"comment_status":"open","ping_status":"closed","template":"","meta":{"footnotes":""},"class_list":["post-337","page","type-page","status-publish","hentry"],"_links":{"self":[{"href":"http:\/\/pclos.janu.hu\/index.php?rest_route=\/wp\/v2\/pages\/337","targetHints":{"allow":["GET"]}}],"collection":[{"href":"http:\/\/pclos.janu.hu\/index.php?rest_route=\/wp\/v2\/pages"}],"about":[{"href":"http:\/\/pclos.janu.hu\/index.php?rest_route=\/wp\/v2\/types\/page"}],"author":[{"embeddable":true,"href":"http:\/\/pclos.janu.hu\/index.php?rest_route=\/wp\/v2\/users\/1"}],"replies":[{"embeddable":true,"href":"http:\/\/pclos.janu.hu\/index.php?rest_route=%2Fwp%2Fv2%2Fcomments&post=337"}],"version-history":[{"count":5,"href":"http:\/\/pclos.janu.hu\/index.php?rest_route=\/wp\/v2\/pages\/337\/revisions"}],"predecessor-version":[{"id":665,"href":"http:\/\/pclos.janu.hu\/index.php?rest_route=\/wp\/v2\/pages\/337\/revisions\/665"}],"up":[{"embeddable":true,"href":"http:\/\/pclos.janu.hu\/index.php?rest_route=\/wp\/v2\/pages\/334"}],"wp:attachment":[{"href":"http:\/\/pclos.janu.hu\/index.php?rest_route=%2Fwp%2Fv2%2Fmedia&parent=337"}],"curies":[{"name":"wp","href":"https:\/\/api.w.org\/{rel}","templated":true}]}}