{"id":3428,"date":"2021-04-11T20:30:41","date_gmt":"2021-04-11T18:30:41","guid":{"rendered":"http:\/\/pclos.janu.hu\/?page_id=3428"},"modified":"2021-04-11T20:30:41","modified_gmt":"2021-04-11T18:30:41","slug":"aprilis","status":"publish","type":"page","link":"http:\/\/pclos.janu.hu\/?page_id=3428","title":{"rendered":"\u00e1prilis"},"content":{"rendered":"<p style=\"text-align: justify;\">Furcsa dolog az id\u0151j\u00e1r\u00e1s&#8230; Csillag\u00e1szati \u2013 \u00e9s most m\u00e1r meteorol\u00f3giai is \u2013 tavasz van, mik\u00f6zben havazik. A <span style=\"color: #3366ff;\"><strong>PCLinuxOS Magazine<\/strong><\/span> is egyfajta felem\u00e1ss\u00e1got mutat: m\u00e1r-m\u00e1r bek\u00f6sz\u00f6nt\u00f6tt a tavasz, de a magazin kicsit m\u00e9g t\u00e9li \u00e1lmot alszik; nem sok \u00faj cikk jelent meg.<\/p>\n<p><a href=\"http:\/\/pclos.janu.hu\/?p=3429\" target=\"_blank\" rel=\"noopener\">Inkscape oktat\u00f3: Chrome Text<\/a>: f\u00e9nyl\u0151 bet\u0171k \u2013 egyszer\u0171en,<\/p>\n<p><a href=\"http:\/\/pclos.janu.hu\/?p=3433\" target=\"_blank\" rel=\"noopener\">FTP Double Commander-rel: hogyan?<\/a> egy alternat\u00edv FTP kliens,<\/p>\n<p><a href=\"http:\/\/pclos.janu.hu\/?p=3437\" target=\"_blank\" rel=\"noopener\">Repo Mustra: MiniTube<\/a>: youtube haszn\u00e1lata egyszer\u0171en.<\/p>\n","protected":false},"excerpt":{"rendered":"<p>Furcsa dolog az id\u0151j\u00e1r\u00e1s&#8230; Csillag\u00e1szati \u2013 \u00e9s most m\u00e1r meteorol\u00f3giai is \u2013 tavasz van, mik\u00f6zben havazik. A PCLinuxOS Magazine is egyfajta felem\u00e1ss\u00e1got mutat: m\u00e1r-m\u00e1r bek\u00f6sz\u00f6nt\u00f6tt a tavasz, de a magazin kicsit m\u00e9g t\u00e9li \u00e1lmot alszik; nem sok \u00faj cikk jelent &hellip; <a href=\"http:\/\/pclos.janu.hu\/?page_id=3428\">Egy kattint\u00e1s ide a folytat\u00e1shoz&#8230;. <span class=\"meta-nav\">&rarr;<\/span><\/a><\/p>\n","protected":false},"author":1,"featured_media":0,"parent":3368,"menu_order":40,"comment_status":"closed","ping_status":"closed","template":"","meta":{"footnotes":""},"class_list":["post-3428","page","type-page","status-publish","hentry"],"_links":{"self":[{"href":"http:\/\/pclos.janu.hu\/index.php?rest_route=\/wp\/v2\/pages\/3428","targetHints":{"allow":["GET"]}}],"collection":[{"href":"http:\/\/pclos.janu.hu\/index.php?rest_route=\/wp\/v2\/pages"}],"about":[{"href":"http:\/\/pclos.janu.hu\/index.php?rest_route=\/wp\/v2\/types\/page"}],"author":[{"embeddable":true,"href":"http:\/\/pclos.janu.hu\/index.php?rest_route=\/wp\/v2\/users\/1"}],"replies":[{"embeddable":true,"href":"http:\/\/pclos.janu.hu\/index.php?rest_route=%2Fwp%2Fv2%2Fcomments&post=3428"}],"version-history":[{"count":1,"href":"http:\/\/pclos.janu.hu\/index.php?rest_route=\/wp\/v2\/pages\/3428\/revisions"}],"predecessor-version":[{"id":3440,"href":"http:\/\/pclos.janu.hu\/index.php?rest_route=\/wp\/v2\/pages\/3428\/revisions\/3440"}],"up":[{"embeddable":true,"href":"http:\/\/pclos.janu.hu\/index.php?rest_route=\/wp\/v2\/pages\/3368"}],"wp:attachment":[{"href":"http:\/\/pclos.janu.hu\/index.php?rest_route=%2Fwp%2Fv2%2Fmedia&parent=3428"}],"curies":[{"name":"wp","href":"https:\/\/api.w.org\/{rel}","templated":true}]}}