{"id":3445,"date":"2021-05-11T08:03:29","date_gmt":"2021-05-11T06:03:29","guid":{"rendered":"http:\/\/pclos.janu.hu\/?page_id=3445"},"modified":"2021-06-18T07:57:15","modified_gmt":"2021-06-18T05:57:15","slug":"majus","status":"publish","type":"page","link":"http:\/\/pclos.janu.hu\/?page_id=3445","title":{"rendered":"m\u00e1jus"},"content":{"rendered":"<p style=\"text-align: justify;\">Visszavonhatatlanul itt a j\u00f3 (vagy legal\u00e1bbis jobb) id\u0151: \u00e9l\u00e9nk\u00fcl a term\u00e9szet, term\u0151re fordultak a gy\u00fcm\u00f6lcsf\u00e1k, \u00e9l\u00e9nkz\u00f6ldben pomp\u00e1znak a r\u00e9tek, s\u00fct a nap (nem mindig)&#8230;<\/p>\n<p>\u00c9l\u00e9nk\u00fcl a <span style=\"color: #3366ff;\"><strong>PCLinuxOS Magazine<\/strong><\/span> is, a m\u00e1jusi sz\u00e1m sok \u00e9rdekess\u00e9get tartalmaz. Ebb\u0151l emelt\u00fcnk ki n\u00e9h\u00e1nyat:<\/p>\n<p><a href=\"http:\/\/pclos.janu.hu\/?p=3446\" target=\"_blank\" rel=\"noopener\">Glabels haszn\u00e1lata: friss\u00edt\u00e9s<\/a>: c\u00edmke gy\u00e1rt\u00e1s gyorsan, egyszer\u0171en &#8211; \u00e9s eleg\u00e1nsan,<\/p>\n<p><a href=\"http:\/\/pclos.janu.hu\/?p=3449\" target=\"_blank\" rel=\"noopener\">Repo mustra: LosslessCut<\/a>: vide\u00f3 \u00e1talak\u00edt\u00f3 \u00e9s -v\u00e1g\u00f3 eszk\u00f6z,<\/p>\n<p><a href=\"http:\/\/pclos.janu.hu\/?p=3452\" target=\"_blank\" rel=\"noopener\">GIMP oktat\u00f3: h\u00e1tt\u00e9r elt\u00e1vol\u00edt\u00e1sa<\/a>: a nem megfelel\u0151 h\u00e1tt\u00e9r lecser\u00e9l\u00e9se,<\/p>\n<p><a href=\"http:\/\/pclos.janu.hu\/?p=3458\" target=\"_blank\" rel=\"noopener\">Mobilhaszn\u00e1lata webkamerak\u00e9nt<\/a>: mit ki nem k\u00e9nyszer\u00edt a j\u00e1rv\u00e1ny&#8230; okostelefon web kamerak\u00e9nt \u2013 egyszer\u0171en.<\/p>\n<p><a href=\"http:\/\/pclos.janu.hu\/?p=3464\" target=\"_blank\" rel=\"noopener\">A Prism Project \u2013 egy \u00e1gyban a CIA-val, NSA-vel<\/a>: a c\u00edm mag\u00e1\u00e9rt besz\u00e9l&#8230;<\/p>\n","protected":false},"excerpt":{"rendered":"<p>Visszavonhatatlanul itt a j\u00f3 (vagy legal\u00e1bbis jobb) id\u0151: \u00e9l\u00e9nk\u00fcl a term\u00e9szet, term\u0151re fordultak a gy\u00fcm\u00f6lcsf\u00e1k, \u00e9l\u00e9nkz\u00f6ldben pomp\u00e1znak a r\u00e9tek, s\u00fct a nap (nem mindig)&#8230; \u00c9l\u00e9nk\u00fcl a PCLinuxOS Magazine is, a m\u00e1jusi sz\u00e1m sok \u00e9rdekess\u00e9get tartalmaz. Ebb\u0151l emelt\u00fcnk ki n\u00e9h\u00e1nyat: Glabels &hellip; <a href=\"http:\/\/pclos.janu.hu\/?page_id=3445\">Egy kattint\u00e1s ide a folytat\u00e1shoz&#8230;. <span class=\"meta-nav\">&rarr;<\/span><\/a><\/p>\n","protected":false},"author":1,"featured_media":0,"parent":3368,"menu_order":35,"comment_status":"closed","ping_status":"closed","template":"","meta":{"footnotes":""},"class_list":["post-3445","page","type-page","status-publish","hentry"],"_links":{"self":[{"href":"http:\/\/pclos.janu.hu\/index.php?rest_route=\/wp\/v2\/pages\/3445","targetHints":{"allow":["GET"]}}],"collection":[{"href":"http:\/\/pclos.janu.hu\/index.php?rest_route=\/wp\/v2\/pages"}],"about":[{"href":"http:\/\/pclos.janu.hu\/index.php?rest_route=\/wp\/v2\/types\/page"}],"author":[{"embeddable":true,"href":"http:\/\/pclos.janu.hu\/index.php?rest_route=\/wp\/v2\/users\/1"}],"replies":[{"embeddable":true,"href":"http:\/\/pclos.janu.hu\/index.php?rest_route=%2Fwp%2Fv2%2Fcomments&post=3445"}],"version-history":[{"count":3,"href":"http:\/\/pclos.janu.hu\/index.php?rest_route=\/wp\/v2\/pages\/3445\/revisions"}],"predecessor-version":[{"id":3468,"href":"http:\/\/pclos.janu.hu\/index.php?rest_route=\/wp\/v2\/pages\/3445\/revisions\/3468"}],"up":[{"embeddable":true,"href":"http:\/\/pclos.janu.hu\/index.php?rest_route=\/wp\/v2\/pages\/3368"}],"wp:attachment":[{"href":"http:\/\/pclos.janu.hu\/index.php?rest_route=%2Fwp%2Fv2%2Fmedia&parent=3445"}],"curies":[{"name":"wp","href":"https:\/\/api.w.org\/{rel}","templated":true}]}}