{"id":3469,"date":"2021-06-18T07:50:15","date_gmt":"2021-06-18T05:50:15","guid":{"rendered":"http:\/\/pclos.janu.hu\/?page_id=3469"},"modified":"2021-06-18T07:50:15","modified_gmt":"2021-06-18T05:50:15","slug":"junius","status":"publish","type":"page","link":"http:\/\/pclos.janu.hu\/?page_id=3469","title":{"rendered":"j\u00fanius"},"content":{"rendered":"<p>\u00c9rezhet\u0151 a ny\u00e1r bek\u00f6sz\u00f6nte. Kevesebb c\u00edkk, igaz, ezek ugyan\u00fagy tartalmasak, mint az eddigiek:<\/p>\n<p><a href=\"http:\/\/pclos.janu.hu\/?p=3471\" target=\"_blank\" rel=\"noopener\">Inkscape Tutorial: sziv\u00e1rv\u00e1ny k\u00e9sz\u00edt\u00e9se<\/a>: a term\u00e9szeti csoda \u2013 digit\u00e1lisan,<\/p>\n<p><a href=\"http:\/\/pclos.janu.hu\/?p=3474\" target=\"_blank\" rel=\"noopener\">nnn: a termin\u00e1lalap\u00fa f\u00e1jlkezel\u00f6, amir\u00f6l nem tudtad, hogy kell<\/a>: m\u00e1r megint egy Commander, nem is ak\u00e1rmilyen!<\/p>\n<p>&nbsp;<\/p>\n","protected":false},"excerpt":{"rendered":"<p>\u00c9rezhet\u0151 a ny\u00e1r bek\u00f6sz\u00f6nte. Kevesebb c\u00edkk, igaz, ezek ugyan\u00fagy tartalmasak, mint az eddigiek: Inkscape Tutorial: sziv\u00e1rv\u00e1ny k\u00e9sz\u00edt\u00e9se: a term\u00e9szeti csoda \u2013 digit\u00e1lisan, nnn: a termin\u00e1lalap\u00fa f\u00e1jlkezel\u00f6, amir\u00f6l nem tudtad, hogy kell: m\u00e1r megint egy Commander, nem is ak\u00e1rmilyen! &nbsp;<\/p>\n","protected":false},"author":1,"featured_media":0,"parent":3368,"menu_order":30,"comment_status":"closed","ping_status":"closed","template":"","meta":{"footnotes":""},"class_list":["post-3469","page","type-page","status-publish","hentry"],"_links":{"self":[{"href":"http:\/\/pclos.janu.hu\/index.php?rest_route=\/wp\/v2\/pages\/3469","targetHints":{"allow":["GET"]}}],"collection":[{"href":"http:\/\/pclos.janu.hu\/index.php?rest_route=\/wp\/v2\/pages"}],"about":[{"href":"http:\/\/pclos.janu.hu\/index.php?rest_route=\/wp\/v2\/types\/page"}],"author":[{"embeddable":true,"href":"http:\/\/pclos.janu.hu\/index.php?rest_route=\/wp\/v2\/users\/1"}],"replies":[{"embeddable":true,"href":"http:\/\/pclos.janu.hu\/index.php?rest_route=%2Fwp%2Fv2%2Fcomments&post=3469"}],"version-history":[{"count":2,"href":"http:\/\/pclos.janu.hu\/index.php?rest_route=\/wp\/v2\/pages\/3469\/revisions"}],"predecessor-version":[{"id":3477,"href":"http:\/\/pclos.janu.hu\/index.php?rest_route=\/wp\/v2\/pages\/3469\/revisions\/3477"}],"up":[{"embeddable":true,"href":"http:\/\/pclos.janu.hu\/index.php?rest_route=\/wp\/v2\/pages\/3368"}],"wp:attachment":[{"href":"http:\/\/pclos.janu.hu\/index.php?rest_route=%2Fwp%2Fv2%2Fmedia&parent=3469"}],"curies":[{"name":"wp","href":"https:\/\/api.w.org\/{rel}","templated":true}]}}