{"id":347,"date":"2013-10-23T13:41:47","date_gmt":"2013-10-23T11:41:47","guid":{"rendered":"http:\/\/pclos.janu.hu\/?page_id=347"},"modified":"2013-10-23T13:47:25","modified_gmt":"2013-10-23T11:47:25","slug":"marcius","status":"publish","type":"page","link":"http:\/\/pclos.janu.hu\/?page_id=347","title":{"rendered":"m\u00e1rcius"},"content":{"rendered":"<p><a title=\"BitTorrent m\u00e1sk\u00e9pp\" href=\"http:\/\/pclos.janu.hu\/?p=348\" target=\"_blank\">BitTorrent \u00faj megk\u00f6zel\u00edt\u00e9sben<\/a>\u00a0a \u201eboszork\u00e1ny\u00fcld\u00f6z\u00e9s\u201d k\u00f6vetkezt\u00e9ben kialakult \u00faj megold\u00e1st ismerteti ez a cikk.<\/p>\n","protected":false},"excerpt":{"rendered":"<p>BitTorrent \u00faj megk\u00f6zel\u00edt\u00e9sben\u00a0a \u201eboszork\u00e1ny\u00fcld\u00f6z\u00e9s\u201d k\u00f6vetkezt\u00e9ben kialakult \u00faj megold\u00e1st ismerteti ez a cikk.<\/p>\n","protected":false},"author":1,"featured_media":0,"parent":330,"menu_order":45,"comment_status":"open","ping_status":"closed","template":"","meta":{"footnotes":""},"class_list":["post-347","page","type-page","status-publish","hentry"],"_links":{"self":[{"href":"http:\/\/pclos.janu.hu\/index.php?rest_route=\/wp\/v2\/pages\/347","targetHints":{"allow":["GET"]}}],"collection":[{"href":"http:\/\/pclos.janu.hu\/index.php?rest_route=\/wp\/v2\/pages"}],"about":[{"href":"http:\/\/pclos.janu.hu\/index.php?rest_route=\/wp\/v2\/types\/page"}],"author":[{"embeddable":true,"href":"http:\/\/pclos.janu.hu\/index.php?rest_route=\/wp\/v2\/users\/1"}],"replies":[{"embeddable":true,"href":"http:\/\/pclos.janu.hu\/index.php?rest_route=%2Fwp%2Fv2%2Fcomments&post=347"}],"version-history":[{"count":2,"href":"http:\/\/pclos.janu.hu\/index.php?rest_route=\/wp\/v2\/pages\/347\/revisions"}],"predecessor-version":[{"id":358,"href":"http:\/\/pclos.janu.hu\/index.php?rest_route=\/wp\/v2\/pages\/347\/revisions\/358"}],"up":[{"embeddable":true,"href":"http:\/\/pclos.janu.hu\/index.php?rest_route=\/wp\/v2\/pages\/330"}],"wp:attachment":[{"href":"http:\/\/pclos.janu.hu\/index.php?rest_route=%2Fwp%2Fv2%2Fmedia&parent=347"}],"curies":[{"name":"wp","href":"https:\/\/api.w.org\/{rel}","templated":true}]}}