{"id":3482,"date":"2021-07-16T07:29:37","date_gmt":"2021-07-16T05:29:37","guid":{"rendered":"http:\/\/pclos.janu.hu\/?page_id=3482"},"modified":"2021-07-16T07:29:37","modified_gmt":"2021-07-16T05:29:37","slug":"julius","status":"publish","type":"page","link":"http:\/\/pclos.janu.hu\/?page_id=3482","title":{"rendered":"j\u00falius"},"content":{"rendered":"<p style=\"text-align: justify;\">A meglehet\u0151sen udvariatlan j\u00fanius ut\u00e1n az elk\u00e9peszt\u0151en forr\u00f3 j\u00falius j\u00f6tt. Hab\u00e1r ezt a jelz\u0151t ink\u00e1bb a forrong\u00e1sokra szokt\u00e1k alkalmazni, most t\u00e9nyleg \u201ecsak\u201d a forr\u00f3s\u00e1gra vonatkoztatjuk. De m\u00e9g ez sem g\u00e1tolta meg a szerkeszt\u0151s\u00e9get abban, hogy \u00e9rdekes \u00e9s l\u00e9nyeges tartalm\u00fa cikkeket adjanak k\u00f6zre:<\/p>\n<p><a href=\"http:\/\/pclos.janu.hu\/?p=3484\" target=\"_blank\" rel=\"noopener\">Network Manager: inform\u00e1ci\u00f3k a v\u00e1lt\u00e1sr\u00f3l<\/a>: sokakat \u00e9rhetett meglepet\u00e9s: megv\u00e1ltozott a PCLinuxOS h\u00e1l\u00f3zat kezel\u00e9se,<\/p>\n<p><a href=\"http:\/\/pclos.janu.hu\/?p=3489\" target=\"_blank\" rel=\"noopener\">Repo mustra: Motrix let\u00f6lt\u00e9skezel\u00f6<\/a>: egy j\u00f3 min\u0151s\u00e9g\u0171 let\u00f6lt\u00e9skezel\u0151 a <span style=\"color: #3366ff;\"><strong>PCLinuxOS<\/strong><\/span> t\u00e1rol\u00f3j\u00e1b\u00f3l,<\/p>\n<p><a href=\"http:\/\/pclos.janu.hu\/?p=3493\" target=\"_blank\" rel=\"noopener\">GIMP oktat\u00f3: h\u00e1tt\u00e9r elt\u00e1vol\u00edt\u00e1sa \u2013 2. r\u00e9sz<\/a>: a m\u00e9g nem ismertetett megold\u00e1sok le\u00edr\u00e1sa,<\/p>\n<p><a href=\"http:\/\/pclos.janu.hu\/?p=3496\" target=\"_blank\" rel=\"noopener\">Vide\u00f3szerkeszt\u00e9s Shotcut-tal<\/a>: egy m\u00e1sik vide\u00f3szerkeszt\u0151.<\/p>\n","protected":false},"excerpt":{"rendered":"<p>A meglehet\u0151sen udvariatlan j\u00fanius ut\u00e1n az elk\u00e9peszt\u0151en forr\u00f3 j\u00falius j\u00f6tt. Hab\u00e1r ezt a jelz\u0151t ink\u00e1bb a forrong\u00e1sokra szokt\u00e1k alkalmazni, most t\u00e9nyleg \u201ecsak\u201d a forr\u00f3s\u00e1gra vonatkoztatjuk. De m\u00e9g ez sem g\u00e1tolta meg a szerkeszt\u0151s\u00e9get abban, hogy \u00e9rdekes \u00e9s l\u00e9nyeges tartalm\u00fa cikkeket &hellip; <a href=\"http:\/\/pclos.janu.hu\/?page_id=3482\">Egy kattint\u00e1s ide a folytat\u00e1shoz&#8230;. <span class=\"meta-nav\">&rarr;<\/span><\/a><\/p>\n","protected":false},"author":1,"featured_media":0,"parent":3368,"menu_order":25,"comment_status":"closed","ping_status":"closed","template":"","meta":{"footnotes":""},"class_list":["post-3482","page","type-page","status-publish","hentry"],"_links":{"self":[{"href":"http:\/\/pclos.janu.hu\/index.php?rest_route=\/wp\/v2\/pages\/3482","targetHints":{"allow":["GET"]}}],"collection":[{"href":"http:\/\/pclos.janu.hu\/index.php?rest_route=\/wp\/v2\/pages"}],"about":[{"href":"http:\/\/pclos.janu.hu\/index.php?rest_route=\/wp\/v2\/types\/page"}],"author":[{"embeddable":true,"href":"http:\/\/pclos.janu.hu\/index.php?rest_route=\/wp\/v2\/users\/1"}],"replies":[{"embeddable":true,"href":"http:\/\/pclos.janu.hu\/index.php?rest_route=%2Fwp%2Fv2%2Fcomments&post=3482"}],"version-history":[{"count":2,"href":"http:\/\/pclos.janu.hu\/index.php?rest_route=\/wp\/v2\/pages\/3482\/revisions"}],"predecessor-version":[{"id":3499,"href":"http:\/\/pclos.janu.hu\/index.php?rest_route=\/wp\/v2\/pages\/3482\/revisions\/3499"}],"up":[{"embeddable":true,"href":"http:\/\/pclos.janu.hu\/index.php?rest_route=\/wp\/v2\/pages\/3368"}],"wp:attachment":[{"href":"http:\/\/pclos.janu.hu\/index.php?rest_route=%2Fwp%2Fv2%2Fmedia&parent=3482"}],"curies":[{"name":"wp","href":"https:\/\/api.w.org\/{rel}","templated":true}]}}