{"id":3502,"date":"2021-08-09T22:52:05","date_gmt":"2021-08-09T20:52:05","guid":{"rendered":"http:\/\/pclos.janu.hu\/?page_id=3502"},"modified":"2021-08-09T22:52:05","modified_gmt":"2021-08-09T20:52:05","slug":"augusztus","status":"publish","type":"page","link":"http:\/\/pclos.janu.hu\/?page_id=3502","title":{"rendered":"augusztus"},"content":{"rendered":"<p style=\"text-align: justify;\">Ez a h\u00f3nap sem mentes a kellemetlen meglepet\u00e9st\u0151l. \u00cdgy nem csoda, ha egy k\u00fcl\u00f6n cikk sz\u00f3l az e-mail-ek titkos\u00edt\u00e1s\u00e1r\u00f3l, mert a mag\u00e1nszf\u00e9ra v\u00e9delme egyre nagyobb hangs\u00falyt kap \u2013 ahol lehet, v\u00e9dekezn\u00fcnk kell!<\/p>\n<p><a href=\"http:\/\/pclos.janu.hu\/?p=3503\" target=\"_blank\" rel=\"noopener\">Inkscape oktat\u00f3: az \u00faj kiad\u00e1sr\u00f3l<\/a>: az <em>Inkscape 1.1<\/em>,<\/p>\n<p><a href=\"http:\/\/pclos.janu.hu\/?p=3506\" target=\"_blank\" rel=\"noopener\">Audacity: \u00fagy t\u00fcnik Spyware<\/a>: m\u00e1just\u00f3l \u00faj tulajdonos \u2013 \u00faj vesz\u00e9ly!<\/p>\n<p><a href=\"http:\/\/pclos.janu.hu\/?p=3509\" target=\"_blank\" rel=\"noopener\">Sztrimel\u00e9s okos TV-re PCLinuxOS alatt<\/a>: mi mindenre j\u00f3 a PC\/laptop?<\/p>\n<p><a href=\"http:\/\/pclos.janu.hu\/?p=3513\" target=\"_blank\" rel=\"noopener\">E-mail-\u00f6nv\u00e9delem: k\u00e9zik\u00f6nyv a megfigyel\u00e9s elleni harchoz GnuPG titkos\u00edt\u00e1ssal<\/a>: a lev\u00e9ltitok v\u00e9delme \u2013 digit\u00e1lisan is.<\/p>\n<p>&nbsp;<\/p>\n","protected":false},"excerpt":{"rendered":"<p>Ez a h\u00f3nap sem mentes a kellemetlen meglepet\u00e9st\u0151l. \u00cdgy nem csoda, ha egy k\u00fcl\u00f6n cikk sz\u00f3l az e-mail-ek titkos\u00edt\u00e1s\u00e1r\u00f3l, mert a mag\u00e1nszf\u00e9ra v\u00e9delme egyre nagyobb hangs\u00falyt kap \u2013 ahol lehet, v\u00e9dekezn\u00fcnk kell! Inkscape oktat\u00f3: az \u00faj kiad\u00e1sr\u00f3l: az Inkscape 1.1, &hellip; <a href=\"http:\/\/pclos.janu.hu\/?page_id=3502\">Egy kattint\u00e1s ide a folytat\u00e1shoz&#8230;. <span class=\"meta-nav\">&rarr;<\/span><\/a><\/p>\n","protected":false},"author":1,"featured_media":0,"parent":3368,"menu_order":20,"comment_status":"closed","ping_status":"closed","template":"","meta":{"footnotes":""},"class_list":["post-3502","page","type-page","status-publish","hentry"],"_links":{"self":[{"href":"http:\/\/pclos.janu.hu\/index.php?rest_route=\/wp\/v2\/pages\/3502","targetHints":{"allow":["GET"]}}],"collection":[{"href":"http:\/\/pclos.janu.hu\/index.php?rest_route=\/wp\/v2\/pages"}],"about":[{"href":"http:\/\/pclos.janu.hu\/index.php?rest_route=\/wp\/v2\/types\/page"}],"author":[{"embeddable":true,"href":"http:\/\/pclos.janu.hu\/index.php?rest_route=\/wp\/v2\/users\/1"}],"replies":[{"embeddable":true,"href":"http:\/\/pclos.janu.hu\/index.php?rest_route=%2Fwp%2Fv2%2Fcomments&post=3502"}],"version-history":[{"count":1,"href":"http:\/\/pclos.janu.hu\/index.php?rest_route=\/wp\/v2\/pages\/3502\/revisions"}],"predecessor-version":[{"id":3516,"href":"http:\/\/pclos.janu.hu\/index.php?rest_route=\/wp\/v2\/pages\/3502\/revisions\/3516"}],"up":[{"embeddable":true,"href":"http:\/\/pclos.janu.hu\/index.php?rest_route=\/wp\/v2\/pages\/3368"}],"wp:attachment":[{"href":"http:\/\/pclos.janu.hu\/index.php?rest_route=%2Fwp%2Fv2%2Fmedia&parent=3502"}],"curies":[{"name":"wp","href":"https:\/\/api.w.org\/{rel}","templated":true}]}}