{"id":3562,"date":"2021-11-12T11:57:16","date_gmt":"2021-11-12T10:57:16","guid":{"rendered":"http:\/\/pclos.janu.hu\/?page_id=3562"},"modified":"2021-12-05T09:25:56","modified_gmt":"2021-12-05T08:25:56","slug":"november","status":"publish","type":"page","link":"http:\/\/pclos.janu.hu\/?page_id=3562","title":{"rendered":"november"},"content":{"rendered":"<p style=\"text-align: justify;\">Titkon rem\u00e9lt\u00fck, hogy a COVID-19 negyedik hull\u00e1ma tal\u00e1n nem lesz o\u00e9yan durva, mint a kor\u00e1bbiak. Sajnos, nem gy alakult&#8230;<\/p>\n<p>Amiben mi segteni tudunk az \u00e1tv\u00e9szel\u00e9sben, az nem sok, de tal\u00e1n \u00e9rdekes: A <strong><span style=\"color: #0000ff;\">PCLinuxOS Magazine<\/span><\/strong> november havi cikkeib\u0151l az \u00e9rdekesebbek:<\/p>\n<p><a href=\"http:\/\/pclos.janu.hu\/?p=3564\" target=\"_blank\" rel=\"noopener\">V\u00e1lt\u00e1s a Network Manager-re LXQt \u00e9s MATE alatt<\/a>: \u00fajabb fel\u00fcleten v\u00e9grehajthat\u00f3 \u00e1t\u00e1ll\u00e1s,<\/p>\n<p><a href=\"http:\/\/pclos.janu.hu\/?p=3570\" target=\"_blank\" rel=\"noopener\">Az \u00e9let jobb egy\u00fctt, ha elker\u00fcl\u00f6d a Windows 11-et<\/a>: a c\u00edm mindent el\u00e1rul&#8230;<\/p>\n<p><a href=\"http:\/\/pclos.janu.hu\/?p=3575\" target=\"_blank\" rel=\"noopener\">GIMP oktat\u00f3: gyakori GIMP hib\u00e1k<\/a>: ne hib\u00e1zz! Ha m\u00e9gis, seg\u00edt <span style=\"color: #008000;\"><strong>MeeMaw<\/strong>,<\/span><\/p>\n<p><a href=\"http:\/\/pclos.janu.hu\/?p=3578\" target=\"_blank\" rel=\"noopener\">Softmaker FreeOffice 2021 PCLinuxOS alatt<\/a>: egy \u00fajabb irodai programcsomag<\/p>\n","protected":false},"excerpt":{"rendered":"<p>Titkon rem\u00e9lt\u00fck, hogy a COVID-19 negyedik hull\u00e1ma tal\u00e1n nem lesz o\u00e9yan durva, mint a kor\u00e1bbiak. Sajnos, nem gy alakult&#8230; Amiben mi segteni tudunk az \u00e1tv\u00e9szel\u00e9sben, az nem sok, de tal\u00e1n \u00e9rdekes: A PCLinuxOS Magazine november havi cikkeib\u0151l az \u00e9rdekesebbek: V\u00e1lt\u00e1s &hellip; <a href=\"http:\/\/pclos.janu.hu\/?page_id=3562\">Egy kattint\u00e1s ide a folytat\u00e1shoz&#8230;. <span class=\"meta-nav\">&rarr;<\/span><\/a><\/p>\n","protected":false},"author":1,"featured_media":0,"parent":3368,"menu_order":5,"comment_status":"closed","ping_status":"closed","template":"","meta":{"footnotes":""},"class_list":["post-3562","page","type-page","status-publish","hentry"],"_links":{"self":[{"href":"http:\/\/pclos.janu.hu\/index.php?rest_route=\/wp\/v2\/pages\/3562","targetHints":{"allow":["GET"]}}],"collection":[{"href":"http:\/\/pclos.janu.hu\/index.php?rest_route=\/wp\/v2\/pages"}],"about":[{"href":"http:\/\/pclos.janu.hu\/index.php?rest_route=\/wp\/v2\/types\/page"}],"author":[{"embeddable":true,"href":"http:\/\/pclos.janu.hu\/index.php?rest_route=\/wp\/v2\/users\/1"}],"replies":[{"embeddable":true,"href":"http:\/\/pclos.janu.hu\/index.php?rest_route=%2Fwp%2Fv2%2Fcomments&post=3562"}],"version-history":[{"count":1,"href":"http:\/\/pclos.janu.hu\/index.php?rest_route=\/wp\/v2\/pages\/3562\/revisions"}],"predecessor-version":[{"id":3581,"href":"http:\/\/pclos.janu.hu\/index.php?rest_route=\/wp\/v2\/pages\/3562\/revisions\/3581"}],"up":[{"embeddable":true,"href":"http:\/\/pclos.janu.hu\/index.php?rest_route=\/wp\/v2\/pages\/3368"}],"wp:attachment":[{"href":"http:\/\/pclos.janu.hu\/index.php?rest_route=%2Fwp%2Fv2%2Fmedia&parent=3562"}],"curies":[{"name":"wp","href":"https:\/\/api.w.org\/{rel}","templated":true}]}}