{"id":3584,"date":"2021-12-05T10:01:56","date_gmt":"2021-12-05T09:01:56","guid":{"rendered":"http:\/\/pclos.janu.hu\/?page_id=3584"},"modified":"2021-12-05T10:20:50","modified_gmt":"2021-12-05T09:20:50","slug":"december","status":"publish","type":"page","link":"http:\/\/pclos.janu.hu\/?page_id=3584","title":{"rendered":"december"},"content":{"rendered":"<div style=\"border: 5px double green; border-radius: 15px; text-align: center; font-size: 18px;\">\n<p>Minden kedves olvas\u00f3nknak<br \/>\n<strong><span style=\"text-align: center; font-size: 24px; color: #339966;\">Kellemes kar\u00e1csonyi \u00fcnnepeket,<br \/>\nBoldog \u00daj \u00c9vet<\/span><\/strong><br \/>\nk\u00edv\u00e1nunk!<\/p>\n<\/div>\n<p style=\"text-align: justify;\">Az USA-beli nagy \u00fczletl\u00e1ncokban m\u00e1r jav\u00e1ban tart a kar\u00e1csonyi el\u0151k\u00e9sz\u00fclet. Amikor ott j\u00e1rtam, m\u00e1r szeptembet v\u00e9g\u00e9n, okt\u00f3ber ekej\u00e9n megjelentek a feld\u00edsz\u00edtett feny\u0151f\u00e1k a boltokban, a mindenf\u00e9le kar\u00e1csonyi kell\u00e9kek v\u00e1s\u00e1ra beindult.<\/p>\n<p style=\"text-align: justify;\">Dics\u00e9retes m\u00f3don a <span style=\"color: #0000ff;\"><strong>PCLinuxOS Magazine <\/strong><\/span>nem tartott ezzel a t\u00falz\u00f3 magatart\u00e1ssal \u2013 eddig. A decemberi sz\u00e1m viszont b\u0151velkedik a szerkeszt\u0151s\u00e9g tagjai, a rendszeres szerz\u0151k kar\u00e1csonyi aj\u00e1nd\u00e9k aj\u00e1nlataival. \u00cdgy nem sok hely maradt a szakm\u00e1nak. 2 cikket az\u00e9rt tal\u00e1ltunk, \u00edme:<\/p>\n<p><a href=\"http:\/\/pclos.janu.hu\/?p=3585\" target=\"_blank\" rel=\"noopener\">Inkscape oktat\u00f3: pontozott sz\u00f6veg<\/a>: egyszer\u0171 sz\u00f6vegdekor\u00e1ci\u00f3,<\/p>\n<p><a href=\"http:\/\/pclos.janu.hu\/?p=3588\" target=\"_blank\" rel=\"noopener\">Repo Mustra: FF Multi Converter<\/a>: sokf\u00e9le konverzi\u00f3t biztos\u00edt\u00f3 alkalmaz\u00e9s.<\/p>\n","protected":false},"excerpt":{"rendered":"<p>Minden kedves olvas\u00f3nknak Kellemes kar\u00e1csonyi \u00fcnnepeket, Boldog \u00daj \u00c9vet k\u00edv\u00e1nunk! Az USA-beli nagy \u00fczletl\u00e1ncokban m\u00e1r jav\u00e1ban tart a kar\u00e1csonyi el\u0151k\u00e9sz\u00fclet. Amikor ott j\u00e1rtam, m\u00e1r szeptembet v\u00e9g\u00e9n, okt\u00f3ber ekej\u00e9n megjelentek a feld\u00edsz\u00edtett feny\u0151f\u00e1k a boltokban, a mindenf\u00e9le kar\u00e1csonyi kell\u00e9kek v\u00e1s\u00e1ra beindult. &hellip; <a href=\"http:\/\/pclos.janu.hu\/?page_id=3584\">Egy kattint\u00e1s ide a folytat\u00e1shoz&#8230;. <span class=\"meta-nav\">&rarr;<\/span><\/a><\/p>\n","protected":false},"author":1,"featured_media":0,"parent":3368,"menu_order":0,"comment_status":"closed","ping_status":"closed","template":"","meta":{"footnotes":""},"class_list":["post-3584","page","type-page","status-publish","hentry"],"_links":{"self":[{"href":"http:\/\/pclos.janu.hu\/index.php?rest_route=\/wp\/v2\/pages\/3584","targetHints":{"allow":["GET"]}}],"collection":[{"href":"http:\/\/pclos.janu.hu\/index.php?rest_route=\/wp\/v2\/pages"}],"about":[{"href":"http:\/\/pclos.janu.hu\/index.php?rest_route=\/wp\/v2\/types\/page"}],"author":[{"embeddable":true,"href":"http:\/\/pclos.janu.hu\/index.php?rest_route=\/wp\/v2\/users\/1"}],"replies":[{"embeddable":true,"href":"http:\/\/pclos.janu.hu\/index.php?rest_route=%2Fwp%2Fv2%2Fcomments&post=3584"}],"version-history":[{"count":3,"href":"http:\/\/pclos.janu.hu\/index.php?rest_route=\/wp\/v2\/pages\/3584\/revisions"}],"predecessor-version":[{"id":3594,"href":"http:\/\/pclos.janu.hu\/index.php?rest_route=\/wp\/v2\/pages\/3584\/revisions\/3594"}],"up":[{"embeddable":true,"href":"http:\/\/pclos.janu.hu\/index.php?rest_route=\/wp\/v2\/pages\/3368"}],"wp:attachment":[{"href":"http:\/\/pclos.janu.hu\/index.php?rest_route=%2Fwp%2Fv2%2Fmedia&parent=3584"}],"curies":[{"name":"wp","href":"https:\/\/api.w.org\/{rel}","templated":true}]}}