{"id":3600,"date":"2022-01-11T02:53:47","date_gmt":"2022-01-11T01:53:47","guid":{"rendered":"http:\/\/pclos.janu.hu\/?page_id=3600"},"modified":"2022-02-10T04:29:22","modified_gmt":"2022-02-10T03:29:22","slug":"januar","status":"publish","type":"page","link":"http:\/\/pclos.janu.hu\/?page_id=3600","title":{"rendered":"janu\u00e1r"},"content":{"rendered":"<p style=\"text-align: justify;\">Nem tudom, ki hogy van vele, de mi \u00fagy \u00e9rezz\u00fck, szinte pillanatok alatt elr\u00f6ppent az el\u0151z\u0151 \u00e9v. Sok \u00e9rdekes cikket k\u00f6z\u00f6lt a <span style=\"color: #3366ff;\"><strong>PCLinuxOS Magazine<\/strong><\/span>, tal\u00e1n volt k\u00f6zt\u00fck kev\u00e9sb\u00e9 \u00e9rdekes is, de mindegyik l\u00e9nyeges ismereteket k\u00f6z\u00f6lt, vagy rendszerezve ismertetett. Rem\u00e9lj\u00fck, hogy a sz\u00ednvonal az \u00e9rdekess\u00e9g nem v\u00e1ltozik, vagy ha igen, akkor el\u0151ny\u00e9re.<\/p>\n<p style=\"text-align: justify;\">Az e havi sz\u00e1mb\u00f3l 3 cikk ford\u00edt\u00e1s\u00e1t k\u00f6z\u00f6lj\u00fck:<\/p>\n<p><a href=\"http:\/\/pclos.janu.hu\/?p=3601\" target=\"_blank\" rel=\"noopener\">GIMP oktat\u00f3: pecs\u00e9tszer\u00fc sz\u00f6veghat\u00e1s<\/a>: pecs\u00e9telj\u00fck le dokumentumainkat!<\/p>\n<p><a href=\"http:\/\/pclos.janu.hu\/?p=3607\" target=\"_blank\" rel=\"noopener\">Log4J \u2013 Mi a legs\u00falyosabb s\u00e9r\u00fcl\u00e9kenys\u00e9g 2021-ben?<\/a> Egy\u00e1ltal\u00e1n nem nagy dics\u0151s\u00e9g ebben a kateg\u00f3ri\u00e1ban els\u0151nek lenni&#8230;<\/p>\n<p style=\"text-align: justify;\"><a href=\"http:\/\/pclos.janu.hu\/?p=3611\" target=\"_blank\" rel=\"noopener\">A Brit t\u00f6rv\u00e9nyjavaslat az \u00fczenetk\u00fcld\u00f6 alkalmaz\u00e1sok \u2019BCC\u2019-z\u00e9s\u00e9re, a mag\u00e1n\u00e9letet vesz\u00e9lyezteti<\/a>: \u00fajabb durva t\u00e1mad\u00e1s a mag\u00e1nszf\u00e9ra ellen.<\/p>\n","protected":false},"excerpt":{"rendered":"<p>Nem tudom, ki hogy van vele, de mi \u00fagy \u00e9rezz\u00fck, szinte pillanatok alatt elr\u00f6ppent az el\u0151z\u0151 \u00e9v. Sok \u00e9rdekes cikket k\u00f6z\u00f6lt a PCLinuxOS Magazine, tal\u00e1n volt k\u00f6zt\u00fck kev\u00e9sb\u00e9 \u00e9rdekes is, de mindegyik l\u00e9nyeges ismereteket k\u00f6z\u00f6lt, vagy rendszerezve ismertetett. Rem\u00e9lj\u00fck, hogy &hellip; <a href=\"http:\/\/pclos.janu.hu\/?page_id=3600\">Egy kattint\u00e1s ide a folytat\u00e1shoz&#8230;. <span class=\"meta-nav\">&rarr;<\/span><\/a><\/p>\n","protected":false},"author":1,"featured_media":0,"parent":3597,"menu_order":55,"comment_status":"closed","ping_status":"closed","template":"","meta":{"footnotes":""},"class_list":["post-3600","page","type-page","status-publish","hentry"],"_links":{"self":[{"href":"http:\/\/pclos.janu.hu\/index.php?rest_route=\/wp\/v2\/pages\/3600","targetHints":{"allow":["GET"]}}],"collection":[{"href":"http:\/\/pclos.janu.hu\/index.php?rest_route=\/wp\/v2\/pages"}],"about":[{"href":"http:\/\/pclos.janu.hu\/index.php?rest_route=\/wp\/v2\/types\/page"}],"author":[{"embeddable":true,"href":"http:\/\/pclos.janu.hu\/index.php?rest_route=\/wp\/v2\/users\/1"}],"replies":[{"embeddable":true,"href":"http:\/\/pclos.janu.hu\/index.php?rest_route=%2Fwp%2Fv2%2Fcomments&post=3600"}],"version-history":[{"count":1,"href":"http:\/\/pclos.janu.hu\/index.php?rest_route=\/wp\/v2\/pages\/3600\/revisions"}],"predecessor-version":[{"id":3616,"href":"http:\/\/pclos.janu.hu\/index.php?rest_route=\/wp\/v2\/pages\/3600\/revisions\/3616"}],"up":[{"embeddable":true,"href":"http:\/\/pclos.janu.hu\/index.php?rest_route=\/wp\/v2\/pages\/3597"}],"wp:attachment":[{"href":"http:\/\/pclos.janu.hu\/index.php?rest_route=%2Fwp%2Fv2%2Fmedia&parent=3600"}],"curies":[{"name":"wp","href":"https:\/\/api.w.org\/{rel}","templated":true}]}}