{"id":3618,"date":"2022-02-10T05:48:28","date_gmt":"2022-02-10T04:48:28","guid":{"rendered":"http:\/\/pclos.janu.hu\/?page_id=3618"},"modified":"2022-04-10T02:43:20","modified_gmt":"2022-04-10T00:43:20","slug":"februar","status":"publish","type":"page","link":"http:\/\/pclos.janu.hu\/?page_id=3618","title":{"rendered":"febru\u00e1r"},"content":{"rendered":"<p style=\"text-align: justify;\">F\u00e9lig-meddig m\u00e9g t\u00e9li \u00e1lm\u00e1t alussza a szoftver vil\u00e1g. Megjelennek ugyan \u00fajabb verzi\u00f3k, de igaz\u00e1n nagy \u201edob\u00e1sok\u201d-ra m\u00e9g ebben a h\u00f3napban sem ker\u00fcl sor (legal\u00e1bbis bejelentve semmi nincs).<\/p>\n<p style=\"text-align: justify;\">Nem \u00edgy a <span style=\"color: #3366ff;\"><strong>PCLinuxOS Magazine<\/strong><\/span>-n\u00e1l! Igaz, bejelentve itt sincs valami egetrenget\u0151, de csendben teszik a szerkeszt\u0151k a dolgukat. A febru\u00e1ri sz\u00e1mb\u00f3l a k\u00f6vetkez\u0151ket tartottuk \u00e9rdemesnek ut\u00e1nk\u00f6zl\u00e9sre:<\/p>\n<p style=\"text-align: justify;\"><a href=\"http:\/\/pclos.janu.hu\/?p=3620\" target=\"_blank\" rel=\"noopener\">Inkscape oktat\u00f3: sz\u00f6vegportr\u00e9 effektus<\/a>: k\u00e9p h\u00e1ttere sz\u00f6veg vagy sz\u00fcveg h\u00e1ttere k\u00e9p, ki ahogy gondolja \ud83d\ude42<\/p>\n<p><a href=\"http:\/\/pclos.janu.hu\/?p=3625\" target=\"_blank\" rel=\"noopener\">Brave Browser: a mag\u00e1n\u00e9let hamis?<\/a> A mag\u00e1n\u00e9let v\u00e9delme, avagy hogyan v\u00e1ltozott a <em>Brave<\/em> b\u00f6ng\u00e9sz\u0151 hozz\u00e1\u00e1ll\u00e1sa a priv\u00e1t szf\u00e9r\u00e1hoz,<\/p>\n<p><a href=\"http:\/\/pclos.janu.hu\/?p=3628\" target=\"_blank\" rel=\"noopener\">Skrooge friss\u00edtett: tippek kezd\u00f6knek<\/a>: Oszd be a p\u00e9nzedet \u2013 okosan,<\/p>\n<p><a href=\"http:\/\/pclos.janu.hu\/?p=3632\" target=\"_blank\" rel=\"noopener\">Repo Mustra: Xtreme let\u00f6lt\u00e9skezel\u00f6<\/a>: egy nagy tud\u00e1s\u00fa downloader.<\/p>\n","protected":false},"excerpt":{"rendered":"<p>F\u00e9lig-meddig m\u00e9g t\u00e9li \u00e1lm\u00e1t alussza a szoftver vil\u00e1g. Megjelennek ugyan \u00fajabb verzi\u00f3k, de igaz\u00e1n nagy \u201edob\u00e1sok\u201d-ra m\u00e9g ebben a h\u00f3napban sem ker\u00fcl sor (legal\u00e1bbis bejelentve semmi nincs). Nem \u00edgy a PCLinuxOS Magazine-n\u00e1l! Igaz, bejelentve itt sincs valami egetrenget\u0151, de csendben &hellip; <a href=\"http:\/\/pclos.janu.hu\/?page_id=3618\">Egy kattint\u00e1s ide a folytat\u00e1shoz&#8230;. <span class=\"meta-nav\">&rarr;<\/span><\/a><\/p>\n","protected":false},"author":1,"featured_media":0,"parent":3597,"menu_order":51,"comment_status":"closed","ping_status":"closed","template":"","meta":{"footnotes":""},"class_list":["post-3618","page","type-page","status-publish","hentry"],"_links":{"self":[{"href":"http:\/\/pclos.janu.hu\/index.php?rest_route=\/wp\/v2\/pages\/3618","targetHints":{"allow":["GET"]}}],"collection":[{"href":"http:\/\/pclos.janu.hu\/index.php?rest_route=\/wp\/v2\/pages"}],"about":[{"href":"http:\/\/pclos.janu.hu\/index.php?rest_route=\/wp\/v2\/types\/page"}],"author":[{"embeddable":true,"href":"http:\/\/pclos.janu.hu\/index.php?rest_route=\/wp\/v2\/users\/1"}],"replies":[{"embeddable":true,"href":"http:\/\/pclos.janu.hu\/index.php?rest_route=%2Fwp%2Fv2%2Fcomments&post=3618"}],"version-history":[{"count":5,"href":"http:\/\/pclos.janu.hu\/index.php?rest_route=\/wp\/v2\/pages\/3618\/revisions"}],"predecessor-version":[{"id":3693,"href":"http:\/\/pclos.janu.hu\/index.php?rest_route=\/wp\/v2\/pages\/3618\/revisions\/3693"}],"up":[{"embeddable":true,"href":"http:\/\/pclos.janu.hu\/index.php?rest_route=\/wp\/v2\/pages\/3597"}],"wp:attachment":[{"href":"http:\/\/pclos.janu.hu\/index.php?rest_route=%2Fwp%2Fv2%2Fmedia&parent=3618"}],"curies":[{"name":"wp","href":"https:\/\/api.w.org\/{rel}","templated":true}]}}