{"id":3669,"date":"2022-04-04T21:48:21","date_gmt":"2022-04-04T19:48:21","guid":{"rendered":"http:\/\/pclos.janu.hu\/?page_id=3669"},"modified":"2022-04-04T21:48:21","modified_gmt":"2022-04-04T19:48:21","slug":"aprilis","status":"publish","type":"page","link":"http:\/\/pclos.janu.hu\/?page_id=3669","title":{"rendered":"\u00e1prilis"},"content":{"rendered":"<p style=\"text-align: justify;\">Csak\u00a0 nem k\u00e9pes a j\u00f3 id\u0151 bek\u00f6sz\u00f6nni&#8230; Ett\u0151l m\u00e9g kedvenc magazinunk v\u00e1ltozatlanul ig\u00e9nyes tartalommal, havi rendszeress\u00e9ggel megjelenik \u2013 most is hozott b\u0151ven \u00e9rdekess\u00e9get:<\/p>\n<p style=\"text-align: justify;\"><a href=\"http:\/\/pclos.janu.hu\/?p=3671\" target=\"_blank\" rel=\"noopener\">KDE Connect PCLinuxOS-on<\/a>: van sz\u00e1m\u00edt\u00f3g\u00e9p\u00fcnk, van mobil telefonunk. Mi\u00e9rt ne m\u0171k\u00f6dhetn\u00e9nek egy\u00fatt?<\/p>\n<p><a href=\"http:\/\/pclos.janu.hu\/?p=3674\" target=\"_blank\" rel=\"noopener\">MP3-f\u00e1jlhoz albumk\u00e9p t\u00e1rs\u00edt\u00e1sa k\u00f6nnyen<\/a>: sz\u00e9p is, meg n\u00e9mi gyakorlati haszna is van&#8230;<\/p>\n<p><a href=\"http:\/\/pclos.janu.hu\/?p=3678\" target=\"_blank\" rel=\"noopener\">Inkscape oktat\u00f3: absztrakt h\u00e1tt\u00e9r<\/a>: k\u00f6nnyen, gyorsan sz\u00e9p h\u00e1tt\u00e9r,<\/p>\n<p><a href=\"http:\/\/pclos.janu.hu\/?p=3681\" target=\"_blank\" rel=\"noopener\">WebP Graphics: az \u00faj sr\u00e1c a h\u00e1zban<\/a>: ez azt\u00e1n grafika!<\/p>\n<p><a href=\"http:\/\/pclos.janu.hu\/?p=3684\" target=\"_blank\" rel=\"noopener\">Repo Mustra: Cryptomator<\/a>: titkos\u00edtott f\u00e1jlt\u00e1rol\u00e1s,<\/p>\n<p><a href=\"http:\/\/pclos.janu.hu\/?p=3687\" target=\"_blank\" rel=\"noopener\">Firefox \u00faj let\u00f6lt\u00e9si be\u00e1ll\u00edt\u00e1s. Hogy \u00e1ll\u00edtsuk vissza a r\u00e9git<\/a>: ha nem tetszik az \u00faj let\u00f6lt\u00e9si megold\u00e1s a <em>FireFox<\/em>-ban&#8230;<\/p>\n","protected":false},"excerpt":{"rendered":"<p>Csak\u00a0 nem k\u00e9pes a j\u00f3 id\u0151 bek\u00f6sz\u00f6nni&#8230; Ett\u0151l m\u00e9g kedvenc magazinunk v\u00e1ltozatlanul ig\u00e9nyes tartalommal, havi rendszeress\u00e9ggel megjelenik \u2013 most is hozott b\u0151ven \u00e9rdekess\u00e9get: KDE Connect PCLinuxOS-on: van sz\u00e1m\u00edt\u00f3g\u00e9p\u00fcnk, van mobil telefonunk. Mi\u00e9rt ne m\u0171k\u00f6dhetn\u00e9nek egy\u00fatt? MP3-f\u00e1jlhoz albumk\u00e9p t\u00e1rs\u00edt\u00e1sa k\u00f6nnyen: sz\u00e9p &hellip; <a href=\"http:\/\/pclos.janu.hu\/?page_id=3669\">Egy kattint\u00e1s ide a folytat\u00e1shoz&#8230;. <span class=\"meta-nav\">&rarr;<\/span><\/a><\/p>\n","protected":false},"author":1,"featured_media":0,"parent":3597,"menu_order":40,"comment_status":"closed","ping_status":"closed","template":"","meta":{"footnotes":""},"class_list":["post-3669","page","type-page","status-publish","hentry"],"_links":{"self":[{"href":"http:\/\/pclos.janu.hu\/index.php?rest_route=\/wp\/v2\/pages\/3669","targetHints":{"allow":["GET"]}}],"collection":[{"href":"http:\/\/pclos.janu.hu\/index.php?rest_route=\/wp\/v2\/pages"}],"about":[{"href":"http:\/\/pclos.janu.hu\/index.php?rest_route=\/wp\/v2\/types\/page"}],"author":[{"embeddable":true,"href":"http:\/\/pclos.janu.hu\/index.php?rest_route=\/wp\/v2\/users\/1"}],"replies":[{"embeddable":true,"href":"http:\/\/pclos.janu.hu\/index.php?rest_route=%2Fwp%2Fv2%2Fcomments&post=3669"}],"version-history":[{"count":2,"href":"http:\/\/pclos.janu.hu\/index.php?rest_route=\/wp\/v2\/pages\/3669\/revisions"}],"predecessor-version":[{"id":3690,"href":"http:\/\/pclos.janu.hu\/index.php?rest_route=\/wp\/v2\/pages\/3669\/revisions\/3690"}],"up":[{"embeddable":true,"href":"http:\/\/pclos.janu.hu\/index.php?rest_route=\/wp\/v2\/pages\/3597"}],"wp:attachment":[{"href":"http:\/\/pclos.janu.hu\/index.php?rest_route=%2Fwp%2Fv2%2Fmedia&parent=3669"}],"curies":[{"name":"wp","href":"https:\/\/api.w.org\/{rel}","templated":true}]}}