{"id":367,"date":"2013-10-23T18:20:20","date_gmt":"2013-10-23T16:20:20","guid":{"rendered":"http:\/\/pclos.janu.hu\/?page_id=367"},"modified":"2013-10-23T18:52:45","modified_gmt":"2013-10-23T16:52:45","slug":"aprilis","status":"publish","type":"page","link":"http:\/\/pclos.janu.hu\/?page_id=367","title":{"rendered":"\u00e1prilis"},"content":{"rendered":"<p><a title=\"tartsd napra k\u00e9szen a rendszeredet\" href=\"http:\/\/pclos.janu.hu\/?p=369\" target=\"_blank\">Tartsd napra k\u00e9szen a rendszered<\/a>\u00a0A gnome-update-notifier m\u00e1s (els\u0151sorban: KDE4) ablakkezel\u0151 alatti alternat\u00edv\u00e1ja.<\/p>\n<p><a title=\"GNOME telep\u00edt\u00e9s ut\u00e1n\" href=\"http:\/\/pclos.janu.hu\/?p=374\" target=\"_blank\">PCLinuxOS Gnome \u2013 telep\u00edt\u00e9s ut\u00e1n javasolt teend\u0151k<\/a>\u00a0\u00d6sszefoglal\u00f3 a szerz\u0151 \u00e1ltal javasolt teend\u0151kr\u0151l.<\/p>\n","protected":false},"excerpt":{"rendered":"<p>Tartsd napra k\u00e9szen a rendszered\u00a0A gnome-update-notifier m\u00e1s (els\u0151sorban: KDE4) ablakkezel\u0151 alatti alternat\u00edv\u00e1ja. PCLinuxOS Gnome \u2013 telep\u00edt\u00e9s ut\u00e1n javasolt teend\u0151k\u00a0\u00d6sszefoglal\u00f3 a szerz\u0151 \u00e1ltal javasolt teend\u0151kr\u0151l.<\/p>\n","protected":false},"author":1,"featured_media":0,"parent":330,"menu_order":40,"comment_status":"open","ping_status":"closed","template":"","meta":{"footnotes":""},"class_list":["post-367","page","type-page","status-publish","hentry"],"_links":{"self":[{"href":"http:\/\/pclos.janu.hu\/index.php?rest_route=\/wp\/v2\/pages\/367","targetHints":{"allow":["GET"]}}],"collection":[{"href":"http:\/\/pclos.janu.hu\/index.php?rest_route=\/wp\/v2\/pages"}],"about":[{"href":"http:\/\/pclos.janu.hu\/index.php?rest_route=\/wp\/v2\/types\/page"}],"author":[{"embeddable":true,"href":"http:\/\/pclos.janu.hu\/index.php?rest_route=\/wp\/v2\/users\/1"}],"replies":[{"embeddable":true,"href":"http:\/\/pclos.janu.hu\/index.php?rest_route=%2Fwp%2Fv2%2Fcomments&post=367"}],"version-history":[{"count":4,"href":"http:\/\/pclos.janu.hu\/index.php?rest_route=\/wp\/v2\/pages\/367\/revisions"}],"predecessor-version":[{"id":377,"href":"http:\/\/pclos.janu.hu\/index.php?rest_route=\/wp\/v2\/pages\/367\/revisions\/377"}],"up":[{"embeddable":true,"href":"http:\/\/pclos.janu.hu\/index.php?rest_route=\/wp\/v2\/pages\/330"}],"wp:attachment":[{"href":"http:\/\/pclos.janu.hu\/index.php?rest_route=%2Fwp%2Fv2%2Fmedia&parent=367"}],"curies":[{"name":"wp","href":"https:\/\/api.w.org\/{rel}","templated":true}]}}