{"id":3694,"date":"2022-05-18T18:18:10","date_gmt":"2022-05-18T16:18:10","guid":{"rendered":"http:\/\/pclos.janu.hu\/?page_id=3694"},"modified":"2022-05-18T19:45:59","modified_gmt":"2022-05-18T17:45:59","slug":"majus","status":"publish","type":"page","link":"http:\/\/pclos.janu.hu\/?page_id=3694","title":{"rendered":"m\u00e1jus"},"content":{"rendered":"<p style=\"text-align: justify;\">\u201eM\u00e1jusi es\u0151 aranyat \u00e9r\u201d. Szerencs\u00e9re ez az informatikai cikkekre ebben a form\u00e1ban nem igaz, mert a cikk-es\u0151 b\u00e1rmikor aranyat \u00e9r. A <span style=\"color: #3366ff;\"><strong>PCLinuxOS Magazine<\/strong><\/span> m\u00e1jusi sz\u00e1m\u00e1ban megjelent cikkek is ezek k\u00f6z\u00e9 tartozik.<\/p>\n<p style=\"text-align: justify;\">(A ford\u00edt\u00e1sok megjelen\u00e9si k\u00e9s\u00e9s\u00e9nek oka a szerkeszt\u0151s\u00e9g egy\u00e9b ir\u00e1ny\u00fa leterhelts\u00e9ge volt, ami\u00e9rt eln\u00e9z\u00e9st is k\u00e9r\u00fcnk)<\/p>\n<p><a href=\"http:\/\/pclos.janu.hu\/?p=3697\" target=\"_blank\" rel=\"noopener\">MP3-f\u00e1jlok: rendet a k\u00e1oszb\u00f3l<\/a>: a f\u00e1jlok lej\u00e1tsz\u00e1so sorrendj\u00e9nek be\u00e1ll\u00edt\u00e1sa,<\/p>\n<p><a href=\"http:\/\/pclos.janu.hu\/?p=3700\" target=\"_blank\" rel=\"noopener\">GIMP oktat\u00f3: Bokeh-elmos\u00e1s<\/a>: elmos\u00f3dott h\u00e1tt\u00e9r l\u00e9terhoz\u00e1sa,<\/p>\n<p style=\"text-align: justify;\"><a href=\"http:\/\/pclos.janu.hu\/?p=3705\" target=\"_blank\" rel=\"noopener\">Firefox be\u00e1ll\u00edt\u00e1sok a jobb online szem\u00e9lyi adatv\u00e9delem\u00e9rt<\/a>: ism\u00e9t m\u00f3dos\u00edtani kell a FireFox alap\u00e9rtelmezett be\u00e1ll\u00edt\u00e1s\u00e1t.<\/p>\n","protected":false},"excerpt":{"rendered":"<p>\u201eM\u00e1jusi es\u0151 aranyat \u00e9r\u201d. Szerencs\u00e9re ez az informatikai cikkekre ebben a form\u00e1ban nem igaz, mert a cikk-es\u0151 b\u00e1rmikor aranyat \u00e9r. A PCLinuxOS Magazine m\u00e1jusi sz\u00e1m\u00e1ban megjelent cikkek is ezek k\u00f6z\u00e9 tartozik. (A ford\u00edt\u00e1sok megjelen\u00e9si k\u00e9s\u00e9s\u00e9nek oka a szerkeszt\u0151s\u00e9g egy\u00e9b ir\u00e1ny\u00fa &hellip; <a href=\"http:\/\/pclos.janu.hu\/?page_id=3694\">Egy kattint\u00e1s ide a folytat\u00e1shoz&#8230;. <span class=\"meta-nav\">&rarr;<\/span><\/a><\/p>\n","protected":false},"author":1,"featured_media":0,"parent":3597,"menu_order":35,"comment_status":"closed","ping_status":"closed","template":"","meta":{"footnotes":""},"class_list":["post-3694","page","type-page","status-publish","hentry"],"_links":{"self":[{"href":"http:\/\/pclos.janu.hu\/index.php?rest_route=\/wp\/v2\/pages\/3694","targetHints":{"allow":["GET"]}}],"collection":[{"href":"http:\/\/pclos.janu.hu\/index.php?rest_route=\/wp\/v2\/pages"}],"about":[{"href":"http:\/\/pclos.janu.hu\/index.php?rest_route=\/wp\/v2\/types\/page"}],"author":[{"embeddable":true,"href":"http:\/\/pclos.janu.hu\/index.php?rest_route=\/wp\/v2\/users\/1"}],"replies":[{"embeddable":true,"href":"http:\/\/pclos.janu.hu\/index.php?rest_route=%2Fwp%2Fv2%2Fcomments&post=3694"}],"version-history":[{"count":3,"href":"http:\/\/pclos.janu.hu\/index.php?rest_route=\/wp\/v2\/pages\/3694\/revisions"}],"predecessor-version":[{"id":3709,"href":"http:\/\/pclos.janu.hu\/index.php?rest_route=\/wp\/v2\/pages\/3694\/revisions\/3709"}],"up":[{"embeddable":true,"href":"http:\/\/pclos.janu.hu\/index.php?rest_route=\/wp\/v2\/pages\/3597"}],"wp:attachment":[{"href":"http:\/\/pclos.janu.hu\/index.php?rest_route=%2Fwp%2Fv2%2Fmedia&parent=3694"}],"curies":[{"name":"wp","href":"https:\/\/api.w.org\/{rel}","templated":true}]}}