{"id":3770,"date":"2022-09-12T21:45:05","date_gmt":"2022-09-12T19:45:05","guid":{"rendered":"http:\/\/pclos.janu.hu\/?page_id=3770"},"modified":"2022-09-12T21:46:27","modified_gmt":"2022-09-12T19:46:27","slug":"szeptember","status":"publish","type":"page","link":"http:\/\/pclos.janu.hu\/?page_id=3770","title":{"rendered":"szeptember"},"content":{"rendered":"<p style=\"text-align: justify;\">Szeptember&#8230; \u00daj tan\u00e9v \u2013 \u00e9s most az \u00faj rezsisz\u00e1ml\u00e1k megjelen\u00e9se \ud83d\ude41 A <span style=\"color: #3366ff;\"><strong>PCLinuxOS Magazine<\/strong> <\/span>szerencs\u00e9re v\u00e1ltozatlan k\u00f6r\u00fclm\u00e9nyek k\u00f6zt, ugyanolyan felt\u00e9telekkel havonta jelenik meg. Most 3 \u00e9rdekes cikket mutatunk be:<\/p>\n<p><a href=\"http:\/\/pclos.janu.hu\/?p=3771\" target=\"_blank\" rel=\"noopener\">Alkot\u00e1s GIMP 2022 alatt<\/a>: sz\u00e9p kis mont\u00e1zs k\u00f6nny\u0171 el\u0151\u00e1ll\u00edt\u00e1sa,<\/p>\n<p style=\"text-align: justify;\"><a href=\"http:\/\/pclos.janu.hu\/?p=3774\" target=\"_blank\" rel=\"noopener\">Repo Mustra: Rapid Photo Downloader<\/a>: amit a n\u00e9v is jelent, fot\u00f3k, vide\u00f3k gyors let\u00f6lt\u00e9se kamer\u00e1r\u00f3l,<\/p>\n<p><a href=\"http:\/\/pclos.janu.hu\/?p=3777\" target=\"_blank\" rel=\"noopener\">GIMP oktat\u00f3: \u00e1rny\u00e9k k\u00e9sz\u00edt\u00e9se saj\u00e1t t\u00e9m\u00e1b\u00f3l<\/a>: adjunk \u00e1rny\u00e9kot a t\u00e1rgy(ak)nak!<\/p>\n","protected":false},"excerpt":{"rendered":"<p>Szeptember&#8230; \u00daj tan\u00e9v \u2013 \u00e9s most az \u00faj rezsisz\u00e1ml\u00e1k megjelen\u00e9se \ud83d\ude41 A PCLinuxOS Magazine szerencs\u00e9re v\u00e1ltozatlan k\u00f6r\u00fclm\u00e9nyek k\u00f6zt, ugyanolyan felt\u00e9telekkel havonta jelenik meg. Most 3 \u00e9rdekes cikket mutatunk be: Alkot\u00e1s GIMP 2022 alatt: sz\u00e9p kis mont\u00e1zs k\u00f6nny\u0171 el\u0151\u00e1ll\u00edt\u00e1sa, Repo Mustra: &hellip; <a href=\"http:\/\/pclos.janu.hu\/?page_id=3770\">Egy kattint\u00e1s ide a folytat\u00e1shoz&#8230;. <span class=\"meta-nav\">&rarr;<\/span><\/a><\/p>\n","protected":false},"author":1,"featured_media":0,"parent":3597,"menu_order":15,"comment_status":"closed","ping_status":"closed","template":"","meta":{"footnotes":""},"class_list":["post-3770","page","type-page","status-publish","hentry"],"_links":{"self":[{"href":"http:\/\/pclos.janu.hu\/index.php?rest_route=\/wp\/v2\/pages\/3770","targetHints":{"allow":["GET"]}}],"collection":[{"href":"http:\/\/pclos.janu.hu\/index.php?rest_route=\/wp\/v2\/pages"}],"about":[{"href":"http:\/\/pclos.janu.hu\/index.php?rest_route=\/wp\/v2\/types\/page"}],"author":[{"embeddable":true,"href":"http:\/\/pclos.janu.hu\/index.php?rest_route=\/wp\/v2\/users\/1"}],"replies":[{"embeddable":true,"href":"http:\/\/pclos.janu.hu\/index.php?rest_route=%2Fwp%2Fv2%2Fcomments&post=3770"}],"version-history":[{"count":1,"href":"http:\/\/pclos.janu.hu\/index.php?rest_route=\/wp\/v2\/pages\/3770\/revisions"}],"predecessor-version":[{"id":3782,"href":"http:\/\/pclos.janu.hu\/index.php?rest_route=\/wp\/v2\/pages\/3770\/revisions\/3782"}],"up":[{"embeddable":true,"href":"http:\/\/pclos.janu.hu\/index.php?rest_route=\/wp\/v2\/pages\/3597"}],"wp:attachment":[{"href":"http:\/\/pclos.janu.hu\/index.php?rest_route=%2Fwp%2Fv2%2Fmedia&parent=3770"}],"curies":[{"name":"wp","href":"https:\/\/api.w.org\/{rel}","templated":true}]}}