{"id":3785,"date":"2022-10-08T18:55:44","date_gmt":"2022-10-08T16:55:44","guid":{"rendered":"http:\/\/pclos.janu.hu\/?page_id=3785"},"modified":"2022-10-08T18:55:44","modified_gmt":"2022-10-08T16:55:44","slug":"oktober","status":"publish","type":"page","link":"http:\/\/pclos.janu.hu\/?page_id=3785","title":{"rendered":"okt\u00f3ber"},"content":{"rendered":"<p style=\"text-align: justify;\">A borong\u00f3s, csapad\u00e9kos napokon j\u00f3l esik a (majdnem) bef\u0171t\u00f6tt szob\u00e1ban a <span style=\"color: #3366ff;\"><strong>PCLinuxOS Magazine<\/strong><\/span> \u00faj xikkeinek olvas\u00e1sa. \u00cdme a leg\u00e9rdeksebbek:<\/p>\n<p style=\"text-align: justify;\"><a href=\"http:\/\/pclos.janu.hu\/?p=3786\" target=\"_blank\" rel=\"noopener\">PDF els\u00f6 r\u00e9sz: az univerz\u00e1lis dokumentum l\u00e9trehoz\u00e1sa<\/a>: indul\u00f3 sorozat a PDF f\u00e1jlokr\u00f3l, benne a <em>pandoc<\/em> haszn\u00e1lata,<\/p>\n<p style=\"text-align: justify;\"><a href=\"http:\/\/pclos.janu.hu\/?p=3789\" target=\"_blank\" rel=\"noopener\">Inkscape oktat\u00f3: objektum sokszoroz\u00e1sa alakzat ment\u00e9n<\/a>: szellemes \u00e9s egyszer\u0171 megold\u00e1s alakzatok k\u00f6r\u00fcli ism\u00e9tl\u00e9sre,<\/p>\n<p style=\"text-align: justify;\"><a href=\"http:\/\/pclos.janu.hu\/?p=3793\" target=\"_blank\" rel=\"noopener\">V\u00e9dd meg a postafi\u00f3kodat: DuckDuckGo Email Protection Beta el\u00e9rhet\u00f6<\/a>: a keres\u0151j\u00e9r\u0151l ismert szervezet \u00faj, nagyon fontos fejleszt\u00e9se,<\/p>\n","protected":false},"excerpt":{"rendered":"<p>A borong\u00f3s, csapad\u00e9kos napokon j\u00f3l esik a (majdnem) bef\u0171t\u00f6tt szob\u00e1ban a PCLinuxOS Magazine \u00faj xikkeinek olvas\u00e1sa. \u00cdme a leg\u00e9rdeksebbek: PDF els\u00f6 r\u00e9sz: az univerz\u00e1lis dokumentum l\u00e9trehoz\u00e1sa: indul\u00f3 sorozat a PDF f\u00e1jlokr\u00f3l, benne a pandoc haszn\u00e1lata, Inkscape oktat\u00f3: objektum sokszoroz\u00e1sa alakzat &hellip; <a href=\"http:\/\/pclos.janu.hu\/?page_id=3785\">Egy kattint\u00e1s ide a folytat\u00e1shoz&#8230;. <span class=\"meta-nav\">&rarr;<\/span><\/a><\/p>\n","protected":false},"author":1,"featured_media":0,"parent":3597,"menu_order":10,"comment_status":"closed","ping_status":"closed","template":"","meta":{"footnotes":""},"class_list":["post-3785","page","type-page","status-publish","hentry"],"_links":{"self":[{"href":"http:\/\/pclos.janu.hu\/index.php?rest_route=\/wp\/v2\/pages\/3785","targetHints":{"allow":["GET"]}}],"collection":[{"href":"http:\/\/pclos.janu.hu\/index.php?rest_route=\/wp\/v2\/pages"}],"about":[{"href":"http:\/\/pclos.janu.hu\/index.php?rest_route=\/wp\/v2\/types\/page"}],"author":[{"embeddable":true,"href":"http:\/\/pclos.janu.hu\/index.php?rest_route=\/wp\/v2\/users\/1"}],"replies":[{"embeddable":true,"href":"http:\/\/pclos.janu.hu\/index.php?rest_route=%2Fwp%2Fv2%2Fcomments&post=3785"}],"version-history":[{"count":1,"href":"http:\/\/pclos.janu.hu\/index.php?rest_route=\/wp\/v2\/pages\/3785\/revisions"}],"predecessor-version":[{"id":3798,"href":"http:\/\/pclos.janu.hu\/index.php?rest_route=\/wp\/v2\/pages\/3785\/revisions\/3798"}],"up":[{"embeddable":true,"href":"http:\/\/pclos.janu.hu\/index.php?rest_route=\/wp\/v2\/pages\/3597"}],"wp:attachment":[{"href":"http:\/\/pclos.janu.hu\/index.php?rest_route=%2Fwp%2Fv2%2Fmedia&parent=3785"}],"curies":[{"name":"wp","href":"https:\/\/api.w.org\/{rel}","templated":true}]}}