{"id":3801,"date":"2022-11-12T04:36:58","date_gmt":"2022-11-12T03:36:58","guid":{"rendered":"http:\/\/pclos.janu.hu\/?page_id=3801"},"modified":"2022-11-12T04:37:51","modified_gmt":"2022-11-12T03:37:51","slug":"november","status":"publish","type":"page","link":"http:\/\/pclos.janu.hu\/?page_id=3801","title":{"rendered":"november"},"content":{"rendered":"<p>M\u00e1r alaposan benne vagyunk az \u0151szben. H\u0171v\u00f6s van, j\u00f3l esik a meleg szob\u00e1ban (m\u00e1r ha meleg, de ebbe most ne menj\u00fcnk bele&#8230;) olvasni. Nos, a <span style=\"color: #3366ff;\"><strong>PCLinuxOS Magazine<\/strong><\/span> novemberi sz\u00e1ma \u00edg\u00e9r \u00e9rdekess\u00e9geket:<\/p>\n<p><a href=\"http:\/\/pclos.janu.hu\/?p=3802\" target=\"_blank\" rel=\"noopener\">PDF 2.r\u00e9sz: az univerz\u00e1lis dokumentum szerkeszt\u00e9se<\/a>: ne f\u00e9lj\u00fcnk beleny\u00falni a .pdf-ekbe \u2013 de \u00f3vatosan!<\/p>\n<p><a href=\"http:\/\/pclos.janu.hu\/?p=3807\" target=\"_blank\" rel=\"noopener\">GIMP oktat\u00f3: szokatlan g\u00f6mbakv\u00e1rium<\/a>: \u00fcvegpalackba p\u00e1linka&#8230; helyett hal,<\/p>\n<p><a href=\"http:\/\/pclos.janu.hu\/?p=3810\" target=\"_blank\" rel=\"noopener\">Repo Mustra: FeatherNotes<\/a>: k\u00f6nnyen kezelhet\u00f3 jegyzetkezel\u00f3.<\/p>\n","protected":false},"excerpt":{"rendered":"<p>M\u00e1r alaposan benne vagyunk az \u0151szben. H\u0171v\u00f6s van, j\u00f3l esik a meleg szob\u00e1ban (m\u00e1r ha meleg, de ebbe most ne menj\u00fcnk bele&#8230;) olvasni. Nos, a PCLinuxOS Magazine novemberi sz\u00e1ma \u00edg\u00e9r \u00e9rdekess\u00e9geket: PDF 2.r\u00e9sz: az univerz\u00e1lis dokumentum szerkeszt\u00e9se: ne f\u00e9lj\u00fcnk beleny\u00falni &hellip; <a href=\"http:\/\/pclos.janu.hu\/?page_id=3801\">Egy kattint\u00e1s ide a folytat\u00e1shoz&#8230;. <span class=\"meta-nav\">&rarr;<\/span><\/a><\/p>\n","protected":false},"author":1,"featured_media":0,"parent":3597,"menu_order":5,"comment_status":"closed","ping_status":"closed","template":"","meta":{"footnotes":""},"class_list":["post-3801","page","type-page","status-publish","hentry"],"_links":{"self":[{"href":"http:\/\/pclos.janu.hu\/index.php?rest_route=\/wp\/v2\/pages\/3801","targetHints":{"allow":["GET"]}}],"collection":[{"href":"http:\/\/pclos.janu.hu\/index.php?rest_route=\/wp\/v2\/pages"}],"about":[{"href":"http:\/\/pclos.janu.hu\/index.php?rest_route=\/wp\/v2\/types\/page"}],"author":[{"embeddable":true,"href":"http:\/\/pclos.janu.hu\/index.php?rest_route=\/wp\/v2\/users\/1"}],"replies":[{"embeddable":true,"href":"http:\/\/pclos.janu.hu\/index.php?rest_route=%2Fwp%2Fv2%2Fcomments&post=3801"}],"version-history":[{"count":1,"href":"http:\/\/pclos.janu.hu\/index.php?rest_route=\/wp\/v2\/pages\/3801\/revisions"}],"predecessor-version":[{"id":3813,"href":"http:\/\/pclos.janu.hu\/index.php?rest_route=\/wp\/v2\/pages\/3801\/revisions\/3813"}],"up":[{"embeddable":true,"href":"http:\/\/pclos.janu.hu\/index.php?rest_route=\/wp\/v2\/pages\/3597"}],"wp:attachment":[{"href":"http:\/\/pclos.janu.hu\/index.php?rest_route=%2Fwp%2Fv2%2Fmedia&parent=3801"}],"curies":[{"name":"wp","href":"https:\/\/api.w.org\/{rel}","templated":true}]}}