{"id":3819,"date":"2022-12-09T07:16:34","date_gmt":"2022-12-09T06:16:34","guid":{"rendered":"http:\/\/pclos.janu.hu\/?page_id=3819"},"modified":"2022-12-09T07:42:50","modified_gmt":"2022-12-09T06:42:50","slug":"december","status":"publish","type":"page","link":"http:\/\/pclos.janu.hu\/?page_id=3819","title":{"rendered":"december"},"content":{"rendered":"<p style=\"text-align: justify;\">Ism\u00e9t \u00e9vv\u00e9ge&#8230; Nagyon hamar elrep\u00fclt ez az \u00e9v is. M\u00e1r nyakig benne vagyunk a kar\u00e1csonyi bev\u00e1s\u00e1rl\u00e1sokban (m\u00e1r ha maradt r\u00e1 p\u00e9nz\u00fcnk) \u2013 ezzel \u00edgy lehetnek a <span style=\"color: #3366ff;\"><strong>Magazine<\/strong><\/span> szerkeszt\u0151i \u00e9s szerz\u00f3i is, mert csak 2 k\u00f6zl\u00e9sre \u00e9rdemes cikk jelent meg a sz\u00e1mos aj\u00e1nd\u00e9k-\u00f6tlet mellett:<\/p>\n<p style=\"text-align: justify;\"><a href=\"http:\/\/pclos.janu.hu\/?p=3820\" target=\"_blank\" rel=\"noopener\">Repo Mustra: Free Download Manager<\/a>: egy j\u00f3l kialak\u00edtott, k\u00f6nnyen haszn\u00e1lhat\u00f3 let\u00f6lt\u00e9s kezel\u0151,<\/p>\n<p style=\"text-align: justify;\"><a href=\"http:\/\/pclos.janu.hu\/?p=3823\" target=\"_blank\" rel=\"noopener\">Mintanyom\u00e1s fest\u00e9ksz\u00f3r\u00f3 eszk\u00f6zzel<\/a>: egyszer\u0171en k\u00e9sz\u00edthet\u0151 k\u00e9p, ak\u00e1r \u00e9ppen kar\u00e1csonyi t\u00e9m\u00e1val.<\/p>\n","protected":false},"excerpt":{"rendered":"<p>Ism\u00e9t \u00e9vv\u00e9ge&#8230; Nagyon hamar elrep\u00fclt ez az \u00e9v is. M\u00e1r nyakig benne vagyunk a kar\u00e1csonyi bev\u00e1s\u00e1rl\u00e1sokban (m\u00e1r ha maradt r\u00e1 p\u00e9nz\u00fcnk) \u2013 ezzel \u00edgy lehetnek a Magazine szerkeszt\u0151i \u00e9s szerz\u00f3i is, mert csak 2 k\u00f6zl\u00e9sre \u00e9rdemes cikk jelent meg a &hellip; <a href=\"http:\/\/pclos.janu.hu\/?page_id=3819\">Egy kattint\u00e1s ide a folytat\u00e1shoz&#8230;. <span class=\"meta-nav\">&rarr;<\/span><\/a><\/p>\n","protected":false},"author":1,"featured_media":0,"parent":3597,"menu_order":0,"comment_status":"closed","ping_status":"closed","template":"","meta":{"footnotes":""},"class_list":["post-3819","page","type-page","status-publish","hentry"],"_links":{"self":[{"href":"http:\/\/pclos.janu.hu\/index.php?rest_route=\/wp\/v2\/pages\/3819","targetHints":{"allow":["GET"]}}],"collection":[{"href":"http:\/\/pclos.janu.hu\/index.php?rest_route=\/wp\/v2\/pages"}],"about":[{"href":"http:\/\/pclos.janu.hu\/index.php?rest_route=\/wp\/v2\/types\/page"}],"author":[{"embeddable":true,"href":"http:\/\/pclos.janu.hu\/index.php?rest_route=\/wp\/v2\/users\/1"}],"replies":[{"embeddable":true,"href":"http:\/\/pclos.janu.hu\/index.php?rest_route=%2Fwp%2Fv2%2Fcomments&post=3819"}],"version-history":[{"count":1,"href":"http:\/\/pclos.janu.hu\/index.php?rest_route=\/wp\/v2\/pages\/3819\/revisions"}],"predecessor-version":[{"id":3827,"href":"http:\/\/pclos.janu.hu\/index.php?rest_route=\/wp\/v2\/pages\/3819\/revisions\/3827"}],"up":[{"embeddable":true,"href":"http:\/\/pclos.janu.hu\/index.php?rest_route=\/wp\/v2\/pages\/3597"}],"wp:attachment":[{"href":"http:\/\/pclos.janu.hu\/index.php?rest_route=%2Fwp%2Fv2%2Fmedia&parent=3819"}],"curies":[{"name":"wp","href":"https:\/\/api.w.org\/{rel}","templated":true}]}}