{"id":3869,"date":"2023-02-13T21:30:20","date_gmt":"2023-02-13T20:30:20","guid":{"rendered":"http:\/\/pclos.janu.hu\/?page_id=3869"},"modified":"2023-02-13T21:30:20","modified_gmt":"2023-02-13T20:30:20","slug":"februar","status":"publish","type":"page","link":"http:\/\/pclos.janu.hu\/?page_id=3869","title":{"rendered":"febru\u00e1r"},"content":{"rendered":"<p>M\u00e9g meglehet\u0151sen benne vagyunk a t\u00e9lben, de m\u00e1r csak a legr\u00f6videbb h\u00f3nap idej\u00e9ig. J\u00f3, ez csak a meteorol\u00f3giai t\u00e9l, de legal\u00e1bb rem\u00e9nykedhet\u00fcnk a jobb id\u0151 k\u00f6zeledt\u00e9ben. Addig is n\u00e9zz\u00fck, mit termett nek\u00fcnk a <span style=\"color: #3366ff;\"><strong>PCLinuxOS Magazine<\/strong><\/span>?<\/p>\n<p style=\"text-align: justify;\">PDF 3B r\u00e9sz: <a href=\"http:\/\/pclos.janu.hu\/?p=3870\" target=\"_blank\" rel=\"noopener\">PDF-f\u00e1jlok manipul\u00e1l\u00e1sa, parancssori st\u00edlus<\/a>: a sorozat befejez\u0151 r\u00e9sz\u00e9ben a parancssori alkalmaz\u00e1sok k\u00f6z\u00fcl j\u00f3 n\u00e9h\u00e1nyat mutat be a szerz\u0151,<\/p>\n<p><a href=\"http:\/\/pclos.janu.hu\/?p=3874\" target=\"_blank\" rel=\"noopener\">Inkscape oktat\u00f3: Mandala tervez\u00e9se<\/a>: \u00e9rdekes \u00e9s sz\u00e9p alakzatokat lehet tervezni, k\u00e9sz\u00edteni,<\/p>\n<p><a href=\"http:\/\/pclos.janu.hu\/?p=3879\" target=\"_blank\" rel=\"noopener\">Repo mustra: Koodo Reader<\/a>: egy nagy tud\u00e1s\u00fa e-book olvas\u00f3,<\/p>\n<p><a href=\"http:\/\/pclos.janu.hu\/?p=3883\" target=\"_blank\" rel=\"noopener\">Repo mustra: SSVNC-Viewer<\/a>: egyszer\u0171, de igen kiv\u00e1l\u00f3 VNC n\u00e9z\u0151ke,<\/p>\n<p><a href=\"http:\/\/pclos.janu.hu\/?p=3886\" target=\"_blank\" rel=\"noopener\">Az LXQt felfedez\u00e9se: alapok 1. r\u00e9sz<\/a>: feltehet\u0151en egy sorozat els\u0151 cikke.<\/p>\n","protected":false},"excerpt":{"rendered":"<p>M\u00e9g meglehet\u0151sen benne vagyunk a t\u00e9lben, de m\u00e1r csak a legr\u00f6videbb h\u00f3nap idej\u00e9ig. J\u00f3, ez csak a meteorol\u00f3giai t\u00e9l, de legal\u00e1bb rem\u00e9nykedhet\u00fcnk a jobb id\u0151 k\u00f6zeledt\u00e9ben. Addig is n\u00e9zz\u00fck, mit termett nek\u00fcnk a PCLinuxOS Magazine? PDF 3B r\u00e9sz: PDF-f\u00e1jlok manipul\u00e1l\u00e1sa, &hellip; <a href=\"http:\/\/pclos.janu.hu\/?page_id=3869\">Egy kattint\u00e1s ide a folytat\u00e1shoz&#8230;. <span class=\"meta-nav\">&rarr;<\/span><\/a><\/p>\n","protected":false},"author":1,"featured_media":0,"parent":3831,"menu_order":50,"comment_status":"closed","ping_status":"closed","template":"","meta":{"footnotes":""},"class_list":["post-3869","page","type-page","status-publish","hentry"],"_links":{"self":[{"href":"http:\/\/pclos.janu.hu\/index.php?rest_route=\/wp\/v2\/pages\/3869","targetHints":{"allow":["GET"]}}],"collection":[{"href":"http:\/\/pclos.janu.hu\/index.php?rest_route=\/wp\/v2\/pages"}],"about":[{"href":"http:\/\/pclos.janu.hu\/index.php?rest_route=\/wp\/v2\/types\/page"}],"author":[{"embeddable":true,"href":"http:\/\/pclos.janu.hu\/index.php?rest_route=\/wp\/v2\/users\/1"}],"replies":[{"embeddable":true,"href":"http:\/\/pclos.janu.hu\/index.php?rest_route=%2Fwp%2Fv2%2Fcomments&post=3869"}],"version-history":[{"count":1,"href":"http:\/\/pclos.janu.hu\/index.php?rest_route=\/wp\/v2\/pages\/3869\/revisions"}],"predecessor-version":[{"id":3889,"href":"http:\/\/pclos.janu.hu\/index.php?rest_route=\/wp\/v2\/pages\/3869\/revisions\/3889"}],"up":[{"embeddable":true,"href":"http:\/\/pclos.janu.hu\/index.php?rest_route=\/wp\/v2\/pages\/3831"}],"wp:attachment":[{"href":"http:\/\/pclos.janu.hu\/index.php?rest_route=%2Fwp%2Fv2%2Fmedia&parent=3869"}],"curies":[{"name":"wp","href":"https:\/\/api.w.org\/{rel}","templated":true}]}}