{"id":3913,"date":"2023-04-09T12:25:51","date_gmt":"2023-04-09T10:25:51","guid":{"rendered":"http:\/\/pclos.janu.hu\/?page_id=3913"},"modified":"2023-05-15T22:14:28","modified_gmt":"2023-05-15T20:14:28","slug":"aprilis","status":"publish","type":"page","link":"http:\/\/pclos.janu.hu\/?page_id=3913","title":{"rendered":"\u00e1prilis"},"content":{"rendered":"<p style=\"text-align: justify;\">Bolondos h\u00f3napba l\u00e9pt\u00fcnk&#8230; Nemcsak az\u00e9rt, mert ebben a h\u00f3napban van a bolondok napja, hanem mert az id\u0151j\u00e1r\u00e1s is most \u0171z g\u00fanyt vel\u00fcnk: m\u00e1r a tavaszt \u00fcnnepelt\u00fck, amikor a t\u00e9l v\u00e1gott vissza. Persze ez nem k\u00fcl\u00f6nleges, volt m\u00e1r p\u00e9lda arra, hogy h\u00fasv\u00e9tkor havazott.<\/p>\n<p style=\"text-align: justify;\">A Magazine f\u0151szerkeszt\u0151je egy kicsit elm\u00e9lkedett a MI-r\u00f3l (angolosan AI). Z\u00e1r\u00f3 mondatk\u00e9nt ezt \u00edrta: \u201eUntil next month, I bid you peace, happiness, serenity, prosperity, and continued good health!\u201d, azaz: \u201eA j<span class=\"HwtZe\" lang=\"hu\"><span class=\"jCAhz ChMk0b\"><span class=\"ryNqvb\">\u00f6v\u0151 h\u00f3napig b\u00e9k\u00e9t, boldogs\u00e1got, nyugalmat, j\u00f3l\u00e9tet \u00e9s tov\u00e1bbi j\u00f3 eg\u00e9szs\u00e9get k\u00edv\u00e1nok!<\/span><\/span><\/span>&#8222;<\/p>\n<p style=\"text-align: justify;\">Mi is megk\u00e9rt\u00fck az AI-t, mit k\u00edv\u00e1nna a PCLOS alkalmaz\u00f3knak. Ezt v\u00e1laszolta \u2013 amivel messzemen\u0151en egyet lehet \u00e9rteni:<\/p>\n<blockquote>\n<p style=\"text-align: justify;\">Ha Linux felhaszn\u00e1l\u00f3 vagy, akkor val\u00f3sz\u00edn\u0171leg \u00e9lvezed az \u00faj kih\u00edv\u00e1sokat \u00e9s lehet\u0151s\u00e9geket, amelyekkel a ny\u00edlt forr\u00e1sk\u00f3d\u00fa szoftverek rendelkeznek \u2013 hasonl\u00f3an ahhoz, ahogy az emberek egyre t\u00f6bbet tanulnak \u00e9s fejl\u0151dnek a H\u00fasv\u00e9t szelleme mellett.<\/p>\n<\/blockquote>\n<p>E havi t\u00e9m\u00e1ink:<\/p>\n<p style=\"text-align: justify;\"><a href=\"http:\/\/pclos.janu.hu\/?p=3914\" target=\"_blank\" rel=\"noopener\">LXQt felfedez\u00e9se<\/a>: alapok, 3. r\u00e9sz: befejez\u0151 r\u00e9sz a billenty\u0171zet kioszt\u00e1sr\u00f3l, felhaszn\u00e1l\u00f3i parancs be\u00e9p\u00fcl\u0151r\u0151l \u00e9s m\u00e1sokr\u00f3l,<\/p>\n<p style=\"text-align: justify;\"><a href=\"http:\/\/pclos.janu.hu\/?p=3919\" target=\"_blank\" rel=\"noopener\">Kib\u00f6v\u00edtett v\u00e1laszt\u00e9k: AppImage- \u00e9s Flatpak-csomagok<\/a>: AppImage \u00e9s FlatPak csomagok telep\u00edt\u00e9se PCLinuxOS-ra,<\/p>\n<p style=\"text-align: justify;\"><a href=\"http:\/\/pclos.janu.hu\/?p=3922\" target=\"_blank\" rel=\"noopener\">Inkscape Tutorial: vonalrajz<\/a>: Log\u00f3 k\u00e9sz\u00edt\u00e9se \u201e\u00datvonal\u201d eszk\u00f6z haszn\u00e1lat\u00e1val,<\/p>\n<p style=\"text-align: justify;\"><a href=\"http:\/\/pclos.janu.hu\/?p=3925\" target=\"_blank\" rel=\"noopener\">Repo mustra: Buttercup jelsz\u00f3kezel\u00f6<\/a>: egy kiv\u00e1l\u00f3 jelsz\u00f3 kezel\u0151 alkalmaz\u00e1s,<\/p>\n<p style=\"text-align: justify;\"><a href=\"http:\/\/pclos.janu.hu\/?p=3928\" target=\"_blank\" rel=\"noopener\">Repo mustra: Calcurse napt\u00e1r \u00e9s hat\u00e1rid\u0151 nyilv\u00e1ntart\u00f3<\/a>: egy k\u00f6nny\u0171 s\u00faly\u00fa, de nagy tud\u00e1s\u00fa napt\u00e1r program.<\/p>\n","protected":false},"excerpt":{"rendered":"<p>Bolondos h\u00f3napba l\u00e9pt\u00fcnk&#8230; Nemcsak az\u00e9rt, mert ebben a h\u00f3napban van a bolondok napja, hanem mert az id\u0151j\u00e1r\u00e1s is most \u0171z g\u00fanyt vel\u00fcnk: m\u00e1r a tavaszt \u00fcnnepelt\u00fck, amikor a t\u00e9l v\u00e1gott vissza. Persze ez nem k\u00fcl\u00f6nleges, volt m\u00e1r p\u00e9lda arra, hogy &hellip; <a href=\"http:\/\/pclos.janu.hu\/?page_id=3913\">Egy kattint\u00e1s ide a folytat\u00e1shoz&#8230;. <span class=\"meta-nav\">&rarr;<\/span><\/a><\/p>\n","protected":false},"author":1,"featured_media":0,"parent":3831,"menu_order":40,"comment_status":"closed","ping_status":"closed","template":"","meta":{"footnotes":""},"class_list":["post-3913","page","type-page","status-publish","hentry"],"_links":{"self":[{"href":"http:\/\/pclos.janu.hu\/index.php?rest_route=\/wp\/v2\/pages\/3913","targetHints":{"allow":["GET"]}}],"collection":[{"href":"http:\/\/pclos.janu.hu\/index.php?rest_route=\/wp\/v2\/pages"}],"about":[{"href":"http:\/\/pclos.janu.hu\/index.php?rest_route=\/wp\/v2\/types\/page"}],"author":[{"embeddable":true,"href":"http:\/\/pclos.janu.hu\/index.php?rest_route=\/wp\/v2\/users\/1"}],"replies":[{"embeddable":true,"href":"http:\/\/pclos.janu.hu\/index.php?rest_route=%2Fwp%2Fv2%2Fcomments&post=3913"}],"version-history":[{"count":1,"href":"http:\/\/pclos.janu.hu\/index.php?rest_route=\/wp\/v2\/pages\/3913\/revisions"}],"predecessor-version":[{"id":3932,"href":"http:\/\/pclos.janu.hu\/index.php?rest_route=\/wp\/v2\/pages\/3913\/revisions\/3932"}],"up":[{"embeddable":true,"href":"http:\/\/pclos.janu.hu\/index.php?rest_route=\/wp\/v2\/pages\/3831"}],"wp:attachment":[{"href":"http:\/\/pclos.janu.hu\/index.php?rest_route=%2Fwp%2Fv2%2Fmedia&parent=3913"}],"curies":[{"name":"wp","href":"https:\/\/api.w.org\/{rel}","templated":true}]}}