{"id":395,"date":"2013-10-24T09:41:16","date_gmt":"2013-10-24T07:41:16","guid":{"rendered":"http:\/\/pclos.janu.hu\/?page_id=395"},"modified":"2013-12-31T18:10:47","modified_gmt":"2013-12-31T17:10:47","slug":"julius","status":"publish","type":"page","link":"http:\/\/pclos.janu.hu\/?page_id=395","title":{"rendered":"j\u00falius"},"content":{"rendered":"<p>Semmi \u00fcdvrivalg\u00e1s, semmi fanf\u00e1r, a 3.2.18-as kernel csendben \u00e1tker\u00fclt a tesztel\u0151 t\u00e1rol\u00f3b\u00f3l az \u00e9lesbe. A f\u0151szerkeszt\u0151 a\u00a0<em>synaptic<\/em> haszn\u00e1lat\u00e1val javasolja a telep\u00edt\u00e9st.<\/p>\n<p><a href=\"http:\/\/pclos.janu.hu\/?p=840\" target=\"_blank\">Avast antiv\u00edrus PCLinuxOS-en<\/a>\u00a0B\u00e1rmit is h\u00edresztelnek: v\u00edrus detekt\u00e1l\u00f3ra Linux alatt is sz\u00fcks\u00e9g van!<\/p>\n<p><a title=\"kompozer\" href=\"http:\/\/pclos.janu.hu\/?p=397\" target=\"_blank\">KompoZer: ismerkedj\u00fcnk meg<\/a>\u00a0k\u00e9sz\u00edts\u00fcnk WEB-lapot, de ne egyszer\u0171 editorral, amikor van nagyszer\u0171 seg\u00e9deszk\u00f6z hozz\u00e1! Az eredeti cikk: KompoZer: <a title=\"konpozer\" href=\"http:\/\/pclosmag.com\/html\/Issues\/201207\/page05.html\" target=\"_blank\">Let&#8217;s Get Acquainted<\/a><\/p>\n<p><a title=\"iso k\u00e9sz\u00edt\u00e9s\" href=\"http:\/\/pclos.janu.hu\/?p=400\" target=\"_blank\">ISO k\u00e9sz\u00edt\u00e9se DVD-r\u0151l, vagy CD-r\u0151l<\/a>\u00a0Ha van egy CD-d vagy DVD-d, k\u00e9sz\u00edthetsz r\u00f3la iso f\u00e1jlt. Az eredeti cikk: <a title=\"Create an iso\" href=\"http:\/\/pclosmag.com\/html\/Issues\/201207\/page18.html\" target=\"_blank\">Create An ISO From A DVD or CD<\/a><\/p>\n","protected":false},"excerpt":{"rendered":"<p>Semmi \u00fcdvrivalg\u00e1s, semmi fanf\u00e1r, a 3.2.18-as kernel csendben \u00e1tker\u00fclt a tesztel\u0151 t\u00e1rol\u00f3b\u00f3l az \u00e9lesbe. A f\u0151szerkeszt\u0151 a\u00a0synaptic haszn\u00e1lat\u00e1val javasolja a telep\u00edt\u00e9st. Avast antiv\u00edrus PCLinuxOS-en\u00a0B\u00e1rmit is h\u00edresztelnek: v\u00edrus detekt\u00e1l\u00f3ra Linux alatt is sz\u00fcks\u00e9g van! KompoZer: ismerkedj\u00fcnk meg\u00a0k\u00e9sz\u00edts\u00fcnk WEB-lapot, de ne egyszer\u0171 &hellip; <a href=\"http:\/\/pclos.janu.hu\/?page_id=395\">Egy kattint\u00e1s ide a folytat\u00e1shoz&#8230;. <span class=\"meta-nav\">&rarr;<\/span><\/a><\/p>\n","protected":false},"author":1,"featured_media":0,"parent":330,"menu_order":25,"comment_status":"open","ping_status":"closed","template":"","meta":{"footnotes":""},"class_list":["post-395","page","type-page","status-publish","hentry"],"_links":{"self":[{"href":"http:\/\/pclos.janu.hu\/index.php?rest_route=\/wp\/v2\/pages\/395","targetHints":{"allow":["GET"]}}],"collection":[{"href":"http:\/\/pclos.janu.hu\/index.php?rest_route=\/wp\/v2\/pages"}],"about":[{"href":"http:\/\/pclos.janu.hu\/index.php?rest_route=\/wp\/v2\/types\/page"}],"author":[{"embeddable":true,"href":"http:\/\/pclos.janu.hu\/index.php?rest_route=\/wp\/v2\/users\/1"}],"replies":[{"embeddable":true,"href":"http:\/\/pclos.janu.hu\/index.php?rest_route=%2Fwp%2Fv2%2Fcomments&post=395"}],"version-history":[{"count":4,"href":"http:\/\/pclos.janu.hu\/index.php?rest_route=\/wp\/v2\/pages\/395\/revisions"}],"predecessor-version":[{"id":845,"href":"http:\/\/pclos.janu.hu\/index.php?rest_route=\/wp\/v2\/pages\/395\/revisions\/845"}],"up":[{"embeddable":true,"href":"http:\/\/pclos.janu.hu\/index.php?rest_route=\/wp\/v2\/pages\/330"}],"wp:attachment":[{"href":"http:\/\/pclos.janu.hu\/index.php?rest_route=%2Fwp%2Fv2%2Fmedia&parent=395"}],"curies":[{"name":"wp","href":"https:\/\/api.w.org\/{rel}","templated":true}]}}