{"id":3989,"date":"2023-08-13T02:45:55","date_gmt":"2023-08-13T00:45:55","guid":{"rendered":"http:\/\/pclos.janu.hu\/?page_id=3989"},"modified":"2023-08-13T02:47:27","modified_gmt":"2023-08-13T00:47:27","slug":"augusztus","status":"publish","type":"page","link":"http:\/\/pclos.janu.hu\/?page_id=3989","title":{"rendered":"augusztus"},"content":{"rendered":"<p>A kor\u00e1bbi h\u00f3napok cikkeinek mennyis\u00e9ge kicsit elk\u00e9nyeztetett benn\u00fcnket, ez\u00e9rt kiss\u00e9 meglep\u0151dt\u00fcnk, amikor szemezget\u00e9seink k\u00f6zben k\u00f6zvetlen\u00fcl a szakm\u00e1r\u00f3l sz\u00f3l\u00f3 cikket csak kett\u0151t tal\u00e1ltunk:<\/p>\n<p><a href=\"http:\/\/pclos.janu.hu\/?p=3990\" target=\"_blank\" rel=\"noopener\">Inkscape oktat\u00f3: vektoros k\u00e9p kop\u00edroz\u00e1sa<\/a>: \u00fajabb szellemes megold\u00e1s egy k\u00e9p egy r\u00e9szlet\u00e9nek \u00f6n\u00e1ll\u00f3v\u00e1 alak\u00edt\u00e1s\u00e1ra,<\/p>\n<p><a href=\"http:\/\/pclos.janu.hu\/?p=3993\" target=\"_blank\" rel=\"noopener\">VBA\/Excel makr\u00f3k futtat\u00e1sa PCLinuxOS alatt<\/a>: egy valamire val\u00f3 <strong><span style=\"color: #ff6600;\">Linux<\/span><\/strong>oson nem tud\u00a0 a <span style=\"color: #339966;\"><strong>MS<\/strong><\/span> kifogni!<\/p>\n","protected":false},"excerpt":{"rendered":"<p>A kor\u00e1bbi h\u00f3napok cikkeinek mennyis\u00e9ge kicsit elk\u00e9nyeztetett benn\u00fcnket, ez\u00e9rt kiss\u00e9 meglep\u0151dt\u00fcnk, amikor szemezget\u00e9seink k\u00f6zben k\u00f6zvetlen\u00fcl a szakm\u00e1r\u00f3l sz\u00f3l\u00f3 cikket csak kett\u0151t tal\u00e1ltunk: Inkscape oktat\u00f3: vektoros k\u00e9p kop\u00edroz\u00e1sa: \u00fajabb szellemes megold\u00e1s egy k\u00e9p egy r\u00e9szlet\u00e9nek \u00f6n\u00e1ll\u00f3v\u00e1 alak\u00edt\u00e1s\u00e1ra, VBA\/Excel makr\u00f3k futtat\u00e1sa PCLinuxOS &hellip; <a href=\"http:\/\/pclos.janu.hu\/?page_id=3989\">Egy kattint\u00e1s ide a folytat\u00e1shoz&#8230;. <span class=\"meta-nav\">&rarr;<\/span><\/a><\/p>\n","protected":false},"author":1,"featured_media":0,"parent":3831,"menu_order":20,"comment_status":"closed","ping_status":"closed","template":"","meta":{"footnotes":""},"class_list":["post-3989","page","type-page","status-publish","hentry"],"_links":{"self":[{"href":"http:\/\/pclos.janu.hu\/index.php?rest_route=\/wp\/v2\/pages\/3989","targetHints":{"allow":["GET"]}}],"collection":[{"href":"http:\/\/pclos.janu.hu\/index.php?rest_route=\/wp\/v2\/pages"}],"about":[{"href":"http:\/\/pclos.janu.hu\/index.php?rest_route=\/wp\/v2\/types\/page"}],"author":[{"embeddable":true,"href":"http:\/\/pclos.janu.hu\/index.php?rest_route=\/wp\/v2\/users\/1"}],"replies":[{"embeddable":true,"href":"http:\/\/pclos.janu.hu\/index.php?rest_route=%2Fwp%2Fv2%2Fcomments&post=3989"}],"version-history":[{"count":2,"href":"http:\/\/pclos.janu.hu\/index.php?rest_route=\/wp\/v2\/pages\/3989\/revisions"}],"predecessor-version":[{"id":3997,"href":"http:\/\/pclos.janu.hu\/index.php?rest_route=\/wp\/v2\/pages\/3989\/revisions\/3997"}],"up":[{"embeddable":true,"href":"http:\/\/pclos.janu.hu\/index.php?rest_route=\/wp\/v2\/pages\/3831"}],"wp:attachment":[{"href":"http:\/\/pclos.janu.hu\/index.php?rest_route=%2Fwp%2Fv2%2Fmedia&parent=3989"}],"curies":[{"name":"wp","href":"https:\/\/api.w.org\/{rel}","templated":true}]}}