{"id":4002,"date":"2023-09-17T04:04:45","date_gmt":"2023-09-17T02:04:45","guid":{"rendered":"http:\/\/pclos.janu.hu\/?page_id=4002"},"modified":"2023-09-17T04:04:45","modified_gmt":"2023-09-17T02:04:45","slug":"szeptember","status":"publish","type":"page","link":"http:\/\/pclos.janu.hu\/?page_id=4002","title":{"rendered":"szeptember"},"content":{"rendered":"<p style=\"text-align: justify;\">A szeptember a hivatalos els\u0151 \u0151szi h\u00f3nap. Ez az id\u0151j\u00e1r\u00e1son csak egy-k\u00e9t napja l\u00e1tszik, de a term\u00e9szet m\u00e9g ink\u00e1bb a nyarat id\u00e9zi.<\/p>\n<p style=\"text-align: justify;\">A PCLinuxOS h\u00e1zat\u00e1j\u00e1n is felpezsd\u00fclt az \u00e9let, \u00fajabb figyelemre \u00e9rdemes cikkek jelentek meg a legut\u00f3bbi sz\u00e1mban:<\/p>\n<p><a href=\"http:\/\/pclos.janu.hu\/?p=4003\" target=\"_blank\" rel=\"noopener\">GIMP oktat\u00f3: ember hozz\u00e1ad\u00e1sa csoportfot\u00f3hoz<\/a>: hi\u00e1nyz\u00f3 szem\u00e9ly r\u00e1illeszt\u00e9se egy fot\u00f3hoz,<\/p>\n<p style=\"text-align: justify;\"><a href=\"http:\/\/pclos.janu.hu\/?p=4007\" target=\"_blank\" rel=\"noopener\">Thunar felhaszn\u00e1l\u00f3i m\u00fcveletek almen\u00fcbe rendez\u00e9se<\/a>: saj\u00e1t parancsok \u00e1tl\u00e1that\u00f3 men\u00fcrendszerbe foglal\u00e1sa,<\/p>\n<p style=\"text-align: justify;\"><a href=\"http:\/\/pclos.janu.hu\/?p=4010\" target=\"_blank\" rel=\"noopener\">S\u00f6t\u00e9t t\u00e9ma bekapcsol\u00e1sa Trinity Mini-ben<\/a>: a <em>Trinity <\/em>felhaszn\u00e1l\u00f3knak igaz\u00e1n nagy seg\u00edts\u00e9g ez a le\u00edr\u00e1s, ha s\u00f6t\u00e9t t\u00e9m\u00e1t szeretn\u00e9nek haszn\u00e1lni,<\/p>\n<p><a href=\"http:\/\/pclos.janu.hu\/?p=4013\" target=\"_blank\" rel=\"noopener\">A PCLinuxOS \u00faj \u201emylive-install\u201d telep\u00edt\u00f6j\u00e9nek \u00e1ttekint\u00e9se<\/a>: megv\u00e1ltozott a PCLinuxOS telep\u00edt\u0151je! A cikk ezt ismerteti.<\/p>\n","protected":false},"excerpt":{"rendered":"<p>A szeptember a hivatalos els\u0151 \u0151szi h\u00f3nap. Ez az id\u0151j\u00e1r\u00e1son csak egy-k\u00e9t napja l\u00e1tszik, de a term\u00e9szet m\u00e9g ink\u00e1bb a nyarat id\u00e9zi. A PCLinuxOS h\u00e1zat\u00e1j\u00e1n is felpezsd\u00fclt az \u00e9let, \u00fajabb figyelemre \u00e9rdemes cikkek jelentek meg a legut\u00f3bbi sz\u00e1mban: GIMP oktat\u00f3: &hellip; <a href=\"http:\/\/pclos.janu.hu\/?page_id=4002\">Egy kattint\u00e1s ide a folytat\u00e1shoz&#8230;. <span class=\"meta-nav\">&rarr;<\/span><\/a><\/p>\n","protected":false},"author":1,"featured_media":0,"parent":3831,"menu_order":15,"comment_status":"closed","ping_status":"closed","template":"","meta":{"footnotes":""},"class_list":["post-4002","page","type-page","status-publish","hentry"],"_links":{"self":[{"href":"http:\/\/pclos.janu.hu\/index.php?rest_route=\/wp\/v2\/pages\/4002","targetHints":{"allow":["GET"]}}],"collection":[{"href":"http:\/\/pclos.janu.hu\/index.php?rest_route=\/wp\/v2\/pages"}],"about":[{"href":"http:\/\/pclos.janu.hu\/index.php?rest_route=\/wp\/v2\/types\/page"}],"author":[{"embeddable":true,"href":"http:\/\/pclos.janu.hu\/index.php?rest_route=\/wp\/v2\/users\/1"}],"replies":[{"embeddable":true,"href":"http:\/\/pclos.janu.hu\/index.php?rest_route=%2Fwp%2Fv2%2Fcomments&post=4002"}],"version-history":[{"count":1,"href":"http:\/\/pclos.janu.hu\/index.php?rest_route=\/wp\/v2\/pages\/4002\/revisions"}],"predecessor-version":[{"id":4018,"href":"http:\/\/pclos.janu.hu\/index.php?rest_route=\/wp\/v2\/pages\/4002\/revisions\/4018"}],"up":[{"embeddable":true,"href":"http:\/\/pclos.janu.hu\/index.php?rest_route=\/wp\/v2\/pages\/3831"}],"wp:attachment":[{"href":"http:\/\/pclos.janu.hu\/index.php?rest_route=%2Fwp%2Fv2%2Fmedia&parent=4002"}],"curies":[{"name":"wp","href":"https:\/\/api.w.org\/{rel}","templated":true}]}}