{"id":4020,"date":"2023-10-08T05:10:48","date_gmt":"2023-10-08T03:10:48","guid":{"rendered":"http:\/\/pclos.janu.hu\/?page_id=4020"},"modified":"2023-10-08T05:10:48","modified_gmt":"2023-10-08T03:10:48","slug":"oktober","status":"publish","type":"page","link":"http:\/\/pclos.janu.hu\/?page_id=4020","title":{"rendered":"okt\u00f3ber"},"content":{"rendered":"<p>Tudtommal Magyarorsz\u00e1gon a becsap\u00e1si k\u00eds\u00e9rletek a k\u00f6vetkez\u0151kben ismertetett form\u00e1ja m\u00e9g nem jelent meg, de nem \u00e1rt tudni arr\u00f3l, amir\u0151l a <span style=\"color: #3366ff;\"><strong>PCLinuxOS Magazine<\/strong><\/span> <span style=\"color: #993300;\"><strong>f\u0151szerkeszt\u0151je<\/strong><\/span> a vez\u00e9rcikkben eml\u00edt\u00e9st tett:<\/p>\n<blockquote>\n<p style=\"text-align: justify; margin-bottom: 0px;\"><span class=\"HwtZe\" lang=\"hu\"><span class=\"jCAhz ChMk0b\"><span class=\"ryNqvb\">Tudom, hogy a legt\u00f6bben val\u00f3sz\u00edn\u0171leg mind kaptak \u201et\u00e1mogat\u00e1si\u201d h\u00edv\u00e1st valakit\u0151l, aki Indi\u00e1ban tart\u00f3zkodik, \u00e9s azt mondta, hogy az \u00d6n sz\u00e1m\u00edt\u00f3g\u00e9pe \u201eelutas\u00edtja\u201d a friss\u00edt\u00e9seket, \u00e9s ennek eredm\u00e9nyek\u00e9nt \u201ebiztons\u00e1gi probl\u00e9ma\u201d van a sz\u00e1m\u00edt\u00f3g\u00e9p\u00e9vel.<\/span><\/span> <span class=\"jCAhz ChMk0b\"><span class=\"ryNqvb\">Val\u00f3j\u00e1ban meg lenn\u00e9k lepve, ha a cikk olvas\u00f3inak t\u00f6bbs\u00e9ge nem kapna ilyen spam-h\u00edv\u00e1sokat.<\/span><\/span> \u201e<span class=\"jCAhz ChMk0b\"><span class=\"ryNqvb\">\u0150k\u201d azt \u00e1ll\u00edtj\u00e1k, hogy h\u00e1romszor k\u00eds\u00e9reltek meg \u201efriss\u00edt\u00e9seket\u201d k\u00fcldeni a sz\u00e1m\u00edt\u00f3g\u00e9p\u00e9re, de a \u201efriss\u00edt\u00e9seket\u201d mindh\u00e1rom alkalommal elutas\u00edtott\u00e1k.<\/span><\/span> <\/span><\/p>\n<p style=\"text-align: justify; margin-top: 5px; margin-bottom: 0px;\"><span class=\"HwtZe\" lang=\"hu\"><span class=\"jCAhz ChMk0b\"><span class=\"ryNqvb\">Ez ismer\u0151sen hangzik?<\/span><\/span> <span class=\"jCAhz ChMk0b\"><span class=\"ryNqvb\">Vagy valami hasonl\u00f3t kapott?<\/span><\/span> <span class=\"jCAhz ChMk0b\"><span class=\"ryNqvb\">Fogadok, hogy igen.<\/span><\/span> <span class=\"jCAhz ChMk0b\"><span class=\"ryNqvb\">Egy ideje nem kaptam ilyen t\u00edpus\u00fa\/m\u0171faj\u00fa \u00e1tver\u00e9si h\u00edv\u00e1st, ez a h\u00edv\u00e1s valamikor\u00a0 szeptember k\u00f6zep\u00e9n t\u00f6rt\u00e9nt.<\/span><\/span> <\/span><\/p>\n<p style=\"text-align: justify; margin-top: 5px; margin-bottom: 0px;\"><span class=\"HwtZe\" lang=\"hu\"><span class=\"jCAhz ChMk0b\"><span class=\"ryNqvb\">NINCS K\u00c9RD\u00c9S, hogy ezek csal\u00f3k.<\/span><\/span> <span class=\"jCAhz ChMk0b\"><span class=\"ryNqvb\">Soha nem tal\u00e1lkoztam \u201eEric\u201d nev\u0171 indiai emberrel.<\/span><\/span> <span class=\"jCAhz ChMk0b\"><span class=\"ryNqvb\">Puszt\u00e1n az akcentusukr\u00f3l lehet tudni, hogy Indi\u00e1b\u00f3l sz\u00e1rmaznak.<\/span><\/span> <span class=\"jCAhz ChMk0b\"><span class=\"ryNqvb\">Nevezd aminek akarod, de ez az, ami.<\/span><\/span><\/span><\/p>\n<\/blockquote>\n<p style=\"text-align: justify; margin-top: 5px; margin-bottom: 0px;\">Szerencs\u00e9re a <span style=\"color: #3366ff;\"><strong>Magazine<\/strong><\/span> okt\u00f3beri sz\u00e1ma nem ezzel a t\u00e9m\u00e1val foglalkozik, n\u00e9zz\u00fck is, mi j\u00f3t tartalmaz sz\u00e1munkra:<\/p>\n<p style=\"text-align: justify;\"><a href=\"http:\/\/pclos.janu.hu\/?p=4021\" target=\"_blank\" rel=\"noopener\">13 nyelven el\u00e9rhet\u00f6 a mylive-install s\u00fag\u00f3ja<\/a>: (de magyarul m\u00e9g nem) \u00faj install\u00e1l\u00f3 program, \u00faj seg\u00edt\u0151 (help) f\u00e1jl, g\u00e9pi ford\u00edt\u00e1s\u00fa alapon,<\/p>\n<p><a href=\"http:\/\/pclos.janu.hu\/?p=4024\" target=\"_blank\" rel=\"noopener\">Inkscape oktat\u00f3: t\u00e1j k\u00e9sz\u00edt\u00e9se<\/a>: megint egy nagyszer\u0171 megold\u00e1s, egy t\u00e1jk\u00e9p &#8211; gyorsan,<\/p>\n<p><a href=\"http:\/\/pclos.janu.hu\/?p=4027\" target=\"_blank\" rel=\"noopener\">Repo Mustra: FreeTube<\/a>: egy nagyszer\u0171 szabad szoftveres <em>YouTube<\/em> kliens,<\/p>\n<p style=\"text-align: justify;\"><a href=\"http:\/\/pclos.janu.hu\/?p=4030\" target=\"_blank\" rel=\"noopener\">Thunar felhaszn\u00e1l\u00f3i m\u00fcvelet PDF-k egyes\u00edt\u00e9s\u00e9re<\/a>: az Xfce f\u00e1jlkezel\u0151je k\u00e9pes\u00e9geinek n\u00f6vel\u00e9se.<\/p>\n","protected":false},"excerpt":{"rendered":"<p>Tudtommal Magyarorsz\u00e1gon a becsap\u00e1si k\u00eds\u00e9rletek a k\u00f6vetkez\u0151kben ismertetett form\u00e1ja m\u00e9g nem jelent meg, de nem \u00e1rt tudni arr\u00f3l, amir\u0151l a PCLinuxOS Magazine f\u0151szerkeszt\u0151je a vez\u00e9rcikkben eml\u00edt\u00e9st tett: Tudom, hogy a legt\u00f6bben val\u00f3sz\u00edn\u0171leg mind kaptak \u201et\u00e1mogat\u00e1si\u201d h\u00edv\u00e1st valakit\u0151l, aki Indi\u00e1ban tart\u00f3zkodik, &hellip; <a href=\"http:\/\/pclos.janu.hu\/?page_id=4020\">Egy kattint\u00e1s ide a folytat\u00e1shoz&#8230;. <span class=\"meta-nav\">&rarr;<\/span><\/a><\/p>\n","protected":false},"author":1,"featured_media":0,"parent":3831,"menu_order":10,"comment_status":"closed","ping_status":"closed","template":"","meta":{"footnotes":""},"class_list":["post-4020","page","type-page","status-publish","hentry"],"_links":{"self":[{"href":"http:\/\/pclos.janu.hu\/index.php?rest_route=\/wp\/v2\/pages\/4020","targetHints":{"allow":["GET"]}}],"collection":[{"href":"http:\/\/pclos.janu.hu\/index.php?rest_route=\/wp\/v2\/pages"}],"about":[{"href":"http:\/\/pclos.janu.hu\/index.php?rest_route=\/wp\/v2\/types\/page"}],"author":[{"embeddable":true,"href":"http:\/\/pclos.janu.hu\/index.php?rest_route=\/wp\/v2\/users\/1"}],"replies":[{"embeddable":true,"href":"http:\/\/pclos.janu.hu\/index.php?rest_route=%2Fwp%2Fv2%2Fcomments&post=4020"}],"version-history":[{"count":1,"href":"http:\/\/pclos.janu.hu\/index.php?rest_route=\/wp\/v2\/pages\/4020\/revisions"}],"predecessor-version":[{"id":4033,"href":"http:\/\/pclos.janu.hu\/index.php?rest_route=\/wp\/v2\/pages\/4020\/revisions\/4033"}],"up":[{"embeddable":true,"href":"http:\/\/pclos.janu.hu\/index.php?rest_route=\/wp\/v2\/pages\/3831"}],"wp:attachment":[{"href":"http:\/\/pclos.janu.hu\/index.php?rest_route=%2Fwp%2Fv2%2Fmedia&parent=4020"}],"curies":[{"name":"wp","href":"https:\/\/api.w.org\/{rel}","templated":true}]}}