{"id":4037,"date":"2023-11-16T06:02:12","date_gmt":"2023-11-16T05:02:12","guid":{"rendered":"http:\/\/pclos.janu.hu\/?page_id=4037"},"modified":"2023-11-23T03:26:46","modified_gmt":"2023-11-23T02:26:46","slug":"november","status":"publish","type":"page","link":"http:\/\/pclos.janu.hu\/?page_id=4037","title":{"rendered":"november"},"content":{"rendered":"<p style=\"text-align: justify;\">Ism\u00e9t itt van a borong\u00f3s, es\u0151s \u00e9vszak. Kor\u00e1n s\u00f6t\u00e9tedik, k\u00e9s\u0151n vil\u00e1gosodik. Nincs az embernek sok kedve kitenni a l\u00e1b\u00e1t a lak\u00e1sb\u00f3l, de ha menni kell, h\u00e1t megy\u00fcnk. Ha viszont otthon maradhatunk, j\u00f3l esik az olvasni val\u00f3, amib\u0151l ebben a h\u00f3napban nincs hi\u00e1ny:<\/p>\n<p><a href=\"http:\/\/pclos.janu.hu\/?p=4038\" target=\"_blank\" rel=\"noopener\">GIMP oktat\u00f3: f\u00fcst-effektus k\u00e9sz\u00edt\u00e9se<\/a>: egyszer\u0171, de nagyon hat\u00e1sos,<\/p>\n<p><a href=\"http:\/\/pclos.janu.hu\/?p=4058\" target=\"_blank\" rel=\"noopener\">Passkey a biztons\u00e1g \u00faj szintje<\/a>: egy \u00faj bejelentkez\u00e9si technol\u00f3gia,<\/p>\n<p><a href=\"http:\/\/pclos.janu.hu\/?p=4043\" target=\"_blank\" rel=\"noopener\">Repo Mustra: VokoscreenNG<\/a>: egy igaz\u00e1n j\u00f3 k\u00e9perny\u0151 felvev\u0151,<\/p>\n<p><a href=\"http:\/\/pclos.janu.hu\/?p=4048\" target=\"_blank\" rel=\"noopener\">Filen: nagyvonal\u00fa, v\u00e9gpontok k\u00f6z\u00f6tti titkos\u00edt\u00e1sos felh\u00f6t\u00e1rol\u00f3<\/a> (kivonatos ford\u00edt\u00e1s): kiv\u00e1l\u00f3 tulajdons\u00e1gokkal rendelkez\u0151 t\u00e1rol\u00f3 nagyobb kapacit\u00e1ssal,<\/p>\n<p><a href=\"http:\/\/pclos.janu.hu\/?p=4052\" target=\"_blank\" rel=\"noopener\">Repo mustra: Zim<\/a>: nagy tud\u00e1s\u00fa feljegyz\u00e9s t\u00e1rol\u00f3, rendszerez\u0151 alkalmaz\u00e1s.<\/p>\n","protected":false},"excerpt":{"rendered":"<p>Ism\u00e9t itt van a borong\u00f3s, es\u0151s \u00e9vszak. Kor\u00e1n s\u00f6t\u00e9tedik, k\u00e9s\u0151n vil\u00e1gosodik. Nincs az embernek sok kedve kitenni a l\u00e1b\u00e1t a lak\u00e1sb\u00f3l, de ha menni kell, h\u00e1t megy\u00fcnk. Ha viszont otthon maradhatunk, j\u00f3l esik az olvasni val\u00f3, amib\u0151l ebben a h\u00f3napban &hellip; <a href=\"http:\/\/pclos.janu.hu\/?page_id=4037\">Egy kattint\u00e1s ide a folytat\u00e1shoz&#8230;. <span class=\"meta-nav\">&rarr;<\/span><\/a><\/p>\n","protected":false},"author":1,"featured_media":0,"parent":3831,"menu_order":0,"comment_status":"closed","ping_status":"closed","template":"","meta":{"footnotes":""},"class_list":["post-4037","page","type-page","status-publish","hentry"],"_links":{"self":[{"href":"http:\/\/pclos.janu.hu\/index.php?rest_route=\/wp\/v2\/pages\/4037","targetHints":{"allow":["GET"]}}],"collection":[{"href":"http:\/\/pclos.janu.hu\/index.php?rest_route=\/wp\/v2\/pages"}],"about":[{"href":"http:\/\/pclos.janu.hu\/index.php?rest_route=\/wp\/v2\/types\/page"}],"author":[{"embeddable":true,"href":"http:\/\/pclos.janu.hu\/index.php?rest_route=\/wp\/v2\/users\/1"}],"replies":[{"embeddable":true,"href":"http:\/\/pclos.janu.hu\/index.php?rest_route=%2Fwp%2Fv2%2Fcomments&post=4037"}],"version-history":[{"count":3,"href":"http:\/\/pclos.janu.hu\/index.php?rest_route=\/wp\/v2\/pages\/4037\/revisions"}],"predecessor-version":[{"id":4062,"href":"http:\/\/pclos.janu.hu\/index.php?rest_route=\/wp\/v2\/pages\/4037\/revisions\/4062"}],"up":[{"embeddable":true,"href":"http:\/\/pclos.janu.hu\/index.php?rest_route=\/wp\/v2\/pages\/3831"}],"wp:attachment":[{"href":"http:\/\/pclos.janu.hu\/index.php?rest_route=%2Fwp%2Fv2%2Fmedia&parent=4037"}],"curies":[{"name":"wp","href":"https:\/\/api.w.org\/{rel}","templated":true}]}}