{"id":4064,"date":"2023-12-07T10:53:39","date_gmt":"2023-12-07T09:53:39","guid":{"rendered":"http:\/\/pclos.janu.hu\/?page_id=4064"},"modified":"2023-12-07T10:53:39","modified_gmt":"2023-12-07T09:53:39","slug":"december","status":"publish","type":"page","link":"http:\/\/pclos.janu.hu\/?page_id=4064","title":{"rendered":"december"},"content":{"rendered":"<p>Nemr\u00e9g kezdt\u00fck az \u00e9vet \u2013 \u00e9s m\u00e1ris itt a v\u00e9ge&#8230;<\/p>\n<p style=\"text-align: justify;\">December \u2013 benne a szeretet \u00fcnnep\u00e9vel, egyfajta b\u00e9k\u00e9s h\u00f3nap lenne, ha &#8230; De nem feladatunk a nagyvil\u00e1gi esem\u00e9nyek taglal\u00e1sa. Ink\u00e1bb l\u00e1ssuk a cikkeket:<\/p>\n<p><a href=\"http:\/\/pclos.janu.hu\/?p=4065\" target=\"_blank\" rel=\"noopener\">Inkscape oktat\u00f3: d\u00edszes sz\u00f6veg k\u00e9sz\u00edt\u00e9se<\/a>: r\u00e9gi cikk egy sz\u00e9p \u00fcdv\u00f6zl\u0151lap k\u00e9sz\u00edt\u00e9sr\u0151l,<\/p>\n<p style=\"text-align: justify;\"><a href=\"http:\/\/pclos.janu.hu\/?p=4070\" target=\"_blank\" rel=\"noopener\">Grisbi \u00fajrat\u00f6ltve: tippek kezd\u00f6knek, 1. r\u00e9sz<\/a>: egy sz\u00ednvonalas p\u00e9nz\u00fcgyi alkalmaz\u00e1s h\u00e1zi haszn\u00e1latra (is),<\/p>\n<p><a href=\"http:\/\/pclos.janu.hu\/?p=4074\" target=\"_blank\" rel=\"noopener\">Az adatok \u201eanonimit\u00e1sa\u201d m\u00edtosz\u00e1nak leleplez\u00e9se<\/a>: minden kider\u00fcl a cikkb\u0151l!<\/p>\n","protected":false},"excerpt":{"rendered":"<p>Nemr\u00e9g kezdt\u00fck az \u00e9vet \u2013 \u00e9s m\u00e1ris itt a v\u00e9ge&#8230; December \u2013 benne a szeretet \u00fcnnep\u00e9vel, egyfajta b\u00e9k\u00e9s h\u00f3nap lenne, ha &#8230; De nem feladatunk a nagyvil\u00e1gi esem\u00e9nyek taglal\u00e1sa. Ink\u00e1bb l\u00e1ssuk a cikkeket: Inkscape oktat\u00f3: d\u00edszes sz\u00f6veg k\u00e9sz\u00edt\u00e9se: r\u00e9gi cikk &hellip; <a href=\"http:\/\/pclos.janu.hu\/?page_id=4064\">Egy kattint\u00e1s ide a folytat\u00e1shoz&#8230;. <span class=\"meta-nav\">&rarr;<\/span><\/a><\/p>\n","protected":false},"author":1,"featured_media":0,"parent":3831,"menu_order":0,"comment_status":"closed","ping_status":"closed","template":"","meta":{"footnotes":""},"class_list":["post-4064","page","type-page","status-publish","hentry"],"_links":{"self":[{"href":"http:\/\/pclos.janu.hu\/index.php?rest_route=\/wp\/v2\/pages\/4064","targetHints":{"allow":["GET"]}}],"collection":[{"href":"http:\/\/pclos.janu.hu\/index.php?rest_route=\/wp\/v2\/pages"}],"about":[{"href":"http:\/\/pclos.janu.hu\/index.php?rest_route=\/wp\/v2\/types\/page"}],"author":[{"embeddable":true,"href":"http:\/\/pclos.janu.hu\/index.php?rest_route=\/wp\/v2\/users\/1"}],"replies":[{"embeddable":true,"href":"http:\/\/pclos.janu.hu\/index.php?rest_route=%2Fwp%2Fv2%2Fcomments&post=4064"}],"version-history":[{"count":1,"href":"http:\/\/pclos.janu.hu\/index.php?rest_route=\/wp\/v2\/pages\/4064\/revisions"}],"predecessor-version":[{"id":4077,"href":"http:\/\/pclos.janu.hu\/index.php?rest_route=\/wp\/v2\/pages\/4064\/revisions\/4077"}],"up":[{"embeddable":true,"href":"http:\/\/pclos.janu.hu\/index.php?rest_route=\/wp\/v2\/pages\/3831"}],"wp:attachment":[{"href":"http:\/\/pclos.janu.hu\/index.php?rest_route=%2Fwp%2Fv2%2Fmedia&parent=4064"}],"curies":[{"name":"wp","href":"https:\/\/api.w.org\/{rel}","templated":true}]}}