{"id":4089,"date":"2024-01-16T12:34:54","date_gmt":"2024-01-16T11:34:54","guid":{"rendered":"http:\/\/pclos.janu.hu\/?page_id=4089"},"modified":"2024-01-16T12:35:24","modified_gmt":"2024-01-16T11:35:24","slug":"januar","status":"publish","type":"page","link":"http:\/\/pclos.janu.hu\/?page_id=4089","title":{"rendered":"janu\u00e1r"},"content":{"rendered":"<p>\u00daj \u00e9v, \u00faj gondolatok \u2013 vagy a r\u00e9gebbiek tov\u00e1bbgondol\u00e1sa&#8230;<\/p>\n<p style=\"text-align: justify;\">Ebben a h\u00f3napban ink\u00e1bb az \u00fcnnepek f\u00e1radalmait pihenhett\u00e9k ki a szerz\u0151k, mint \u00fajabb, \u00e9rdekes gondolataikat, felfedez\u00e9seiket osztott\u00e1k volna meg. Az\u00e9rt akadtak figyelemre m\u00e9lt\u00f3 cikkek is:<\/p>\n<p style=\"text-align: justify;\"><a href=\"http:\/\/pclos.janu.hu\/?p=4090\" target=\"_blank\" rel=\"noopener\">Hogyan k\u00e9sz\u00edts\u00fck el a Full Monty (FM) asztalt<\/a>: k\u00f6nny\u0171 v\u00e1lasz lenne: olvasd el \u00e9s megtudod&#8230; De t\u00e9nyleg! Mert olyan j\u00f3 r\u00e9szletes ez a le\u00edr\u00e1s!<\/p>\n<p style=\"text-align: justify;\"><a href=\"http:\/\/pclos.janu.hu\/?p=4098\" target=\"_blank\" rel=\"noopener\">GIMP-oktat\u00f3: a G\u00f6rb\u00e9k-eszk\u00f6z haszn\u00e1lata<\/a>: fot\u00f3k sz\u00edneinek manipul\u00e1l\u00e1s\u00e1ra szolgal\u00f3 igen hasznos eszk\u00f6z,<\/p>\n<p><a href=\"http:\/\/pclos.janu.hu\/?p=4103\" target=\"_blank\" rel=\"noopener\">Grisbi \u00fajrat\u00f6ltve: tippek kezd\u00f6knek, 2. r\u00e9sz<\/a>: haszn\u00e1lati \u00fatmutat\u00f3, igen alapos.<\/p>\n","protected":false},"excerpt":{"rendered":"<p>\u00daj \u00e9v, \u00faj gondolatok \u2013 vagy a r\u00e9gebbiek tov\u00e1bbgondol\u00e1sa&#8230; Ebben a h\u00f3napban ink\u00e1bb az \u00fcnnepek f\u00e1radalmait pihenhett\u00e9k ki a szerz\u0151k, mint \u00fajabb, \u00e9rdekes gondolataikat, felfedez\u00e9seiket osztott\u00e1k volna meg. Az\u00e9rt akadtak figyelemre m\u00e9lt\u00f3 cikkek is: Hogyan k\u00e9sz\u00edts\u00fck el a Full Monty &hellip; <a href=\"http:\/\/pclos.janu.hu\/?page_id=4089\">Egy kattint\u00e1s ide a folytat\u00e1shoz&#8230;. <span class=\"meta-nav\">&rarr;<\/span><\/a><\/p>\n","protected":false},"author":1,"featured_media":0,"parent":4079,"menu_order":60,"comment_status":"closed","ping_status":"closed","template":"","meta":{"footnotes":""},"class_list":["post-4089","page","type-page","status-publish","hentry"],"_links":{"self":[{"href":"http:\/\/pclos.janu.hu\/index.php?rest_route=\/wp\/v2\/pages\/4089","targetHints":{"allow":["GET"]}}],"collection":[{"href":"http:\/\/pclos.janu.hu\/index.php?rest_route=\/wp\/v2\/pages"}],"about":[{"href":"http:\/\/pclos.janu.hu\/index.php?rest_route=\/wp\/v2\/types\/page"}],"author":[{"embeddable":true,"href":"http:\/\/pclos.janu.hu\/index.php?rest_route=\/wp\/v2\/users\/1"}],"replies":[{"embeddable":true,"href":"http:\/\/pclos.janu.hu\/index.php?rest_route=%2Fwp%2Fv2%2Fcomments&post=4089"}],"version-history":[{"count":1,"href":"http:\/\/pclos.janu.hu\/index.php?rest_route=\/wp\/v2\/pages\/4089\/revisions"}],"predecessor-version":[{"id":4107,"href":"http:\/\/pclos.janu.hu\/index.php?rest_route=\/wp\/v2\/pages\/4089\/revisions\/4107"}],"up":[{"embeddable":true,"href":"http:\/\/pclos.janu.hu\/index.php?rest_route=\/wp\/v2\/pages\/4079"}],"wp:attachment":[{"href":"http:\/\/pclos.janu.hu\/index.php?rest_route=%2Fwp%2Fv2%2Fmedia&parent=4089"}],"curies":[{"name":"wp","href":"https:\/\/api.w.org\/{rel}","templated":true}]}}