{"id":4143,"date":"2024-02-29T01:01:51","date_gmt":"2024-02-29T00:01:51","guid":{"rendered":"http:\/\/pclos.janu.hu\/?page_id=4143"},"modified":"2024-02-29T01:01:51","modified_gmt":"2024-02-29T00:01:51","slug":"marcius","status":"publish","type":"page","link":"http:\/\/pclos.janu.hu\/?page_id=4143","title":{"rendered":"m\u00e1rcius"},"content":{"rendered":"<p>Ez m\u00e1s a csillag\u00e1szati tavasz \ud83d\ude42<\/p>\n<p style=\"text-align: justify;\">A Magazine ebben a h\u00f3napban kevesebb cikket k\u00f6z\u00f6lt, de mindegyik el\u00e9g \u00e9rdekes ahhoz, hogy mi a ford\u00edt\u00e1st k\u00f6zreadjuk:<\/p>\n<p style=\"text-align: justify;\"><a href=\"http:\/\/pclos.janu.hu\/?p=4145\" target=\"_blank\" rel=\"noopener\">Egyszer\u0171 visszasz\u00e1ml\u00e1l\u00f3 minden alkalomra \u00e9s asztalhoz<\/a>: ha a sz\u00e1m\u00edt\u00f3g\u00e9pet \u201etoj\u00e1s\u00f3r\u00e1\u201d-nak akarod haszn\u00e1lni,<\/p>\n<p style=\"text-align: justify;\"><a href=\"http:\/\/pclos.janu.hu\/?p=4148\" target=\"_blank\" rel=\"noopener\">Mynvidia-telep\u00edt\u0151: az Nvidia-meghajt\u00f3 kezel\u00e9s\u00e9nek egyszer\u0171s\u00edt\u00e9se<\/a>: a z\u00e1rt forr\u00e1s\u00fa Nvidia meghajt\u00f3 telep\u00edt\u00e9sa, cser\u00e9je, friss\u00edt\u00e9se<\/p>\n<p style=\"text-align: justify;\"><a href=\"http:\/\/pclos.janu.hu\/?p=4153\" target=\"_blank\" rel=\"noopener\">GIMP oktat\u00f3: j\u00e1t\u00e9k a G&#8217;MIC-kel<\/a>: sz\u00e1mos effektus v\u00e1lik el\u00e9rhet\u0151v\u00e9 ezzel a GIMP kieg\u00e9sz\u00edt\u0151vel.<\/p>\n","protected":false},"excerpt":{"rendered":"<p>Ez m\u00e1s a csillag\u00e1szati tavasz \ud83d\ude42 A Magazine ebben a h\u00f3napban kevesebb cikket k\u00f6z\u00f6lt, de mindegyik el\u00e9g \u00e9rdekes ahhoz, hogy mi a ford\u00edt\u00e1st k\u00f6zreadjuk: Egyszer\u0171 visszasz\u00e1ml\u00e1l\u00f3 minden alkalomra \u00e9s asztalhoz: ha a sz\u00e1m\u00edt\u00f3g\u00e9pet \u201etoj\u00e1s\u00f3r\u00e1\u201d-nak akarod haszn\u00e1lni, Mynvidia-telep\u00edt\u0151: az Nvidia-meghajt\u00f3 kezel\u00e9s\u00e9nek &hellip; <a href=\"http:\/\/pclos.janu.hu\/?page_id=4143\">Egy kattint\u00e1s ide a folytat\u00e1shoz&#8230;. <span class=\"meta-nav\">&rarr;<\/span><\/a><\/p>\n","protected":false},"author":1,"featured_media":0,"parent":4079,"menu_order":50,"comment_status":"closed","ping_status":"closed","template":"","meta":{"footnotes":""},"class_list":["post-4143","page","type-page","status-publish","hentry"],"_links":{"self":[{"href":"http:\/\/pclos.janu.hu\/index.php?rest_route=\/wp\/v2\/pages\/4143","targetHints":{"allow":["GET"]}}],"collection":[{"href":"http:\/\/pclos.janu.hu\/index.php?rest_route=\/wp\/v2\/pages"}],"about":[{"href":"http:\/\/pclos.janu.hu\/index.php?rest_route=\/wp\/v2\/types\/page"}],"author":[{"embeddable":true,"href":"http:\/\/pclos.janu.hu\/index.php?rest_route=\/wp\/v2\/users\/1"}],"replies":[{"embeddable":true,"href":"http:\/\/pclos.janu.hu\/index.php?rest_route=%2Fwp%2Fv2%2Fcomments&post=4143"}],"version-history":[{"count":2,"href":"http:\/\/pclos.janu.hu\/index.php?rest_route=\/wp\/v2\/pages\/4143\/revisions"}],"predecessor-version":[{"id":4156,"href":"http:\/\/pclos.janu.hu\/index.php?rest_route=\/wp\/v2\/pages\/4143\/revisions\/4156"}],"up":[{"embeddable":true,"href":"http:\/\/pclos.janu.hu\/index.php?rest_route=\/wp\/v2\/pages\/4079"}],"wp:attachment":[{"href":"http:\/\/pclos.janu.hu\/index.php?rest_route=%2Fwp%2Fv2%2Fmedia&parent=4143"}],"curies":[{"name":"wp","href":"https:\/\/api.w.org\/{rel}","templated":true}]}}