{"id":4175,"date":"2024-04-03T02:28:38","date_gmt":"2024-04-03T00:28:38","guid":{"rendered":"http:\/\/pclos.janu.hu\/?page_id=4175"},"modified":"2024-04-03T03:31:47","modified_gmt":"2024-04-03T01:31:47","slug":"aprilis","status":"publish","type":"page","link":"http:\/\/pclos.janu.hu\/?page_id=4175","title":{"rendered":"\u00e1prilis"},"content":{"rendered":"<p style=\"text-align: justify;\">Most m\u00e1r visszavonhatatlanul itt a tavasz, m\u00e9g ha ez az id\u0151j\u00e1r\u00e1son nem mindig l\u00e1tszik&#8230; De m\u00e1r ny\u00e1ri id\u0151sz\u00e1m\u00edt\u00e1sra \u00e1lltunk \u00e1t, igaz, csak m\u00e1rcius utols\u00f3 napj\u00e1n, de egy \u00f3r\u00e1t megint vesztett\u00fcnk (visszakapjuk majd okt\u00f3berben).<\/p>\n<p style=\"text-align: justify;\">Kedvenc magazinunk e havi cikkterm\u00e9se emelked\u0151 tendenci\u00e1t mutat. Legal\u00e1bb lesz mit olvasnunk, ha kiss\u00e9 szeles, vagy csapad\u00e9kos az id\u0151, amikor nem nagy lelkesed\u00e9ssel menn\u00e9nk utc\u00e1ra:<\/p>\n<p style=\"text-align: justify;\"><a href=\"http:\/\/pclos.janu.hu\/?p=4177\" target=\"_blank\" rel=\"noopener\"><span style=\"font-size: small;\"><a href=\"http:\/\/pclos.janu.hu\/?p=4177\" target=\"_blank\" rel=\"noopener\">Inkscape oktat\u00f3: h\u00e1tt\u00e9r elt\u00e1vol\u00edt\u00e1sa<\/a><\/span><\/a>: Az <em>Inkscape<\/em> megb\u00edzhat\u00f3 megold\u00e1st biztos\u00edt ennek v\u00e9grehajt\u00e1s\u00e1ra,<\/p>\n<p align=\"justify\"><a href=\"http:\/\/pclos.janu.hu\/?p=4181\" target=\"_blank\" rel=\"noopener\"><span style=\"font-size: medium;\">K\u00e9t gyors m\u00f3dszer a k\u00e9perny\u0151v\u00e9d\u0151 kikapcsol\u00e1s\u00e1ra<\/span>\u00a0 (kivonatos k\u00f6zl\u00e9s)<\/a>: K\u00e9t gyors m\u00f3dszer a k\u00e9perny\u0151v\u00e9d\u0151 kikapcsol\u00e1s\u00e1ra,<\/p>\n<p style=\"text-align: justify;\" align=\"justify\"><a href=\"http:\/\/pclos.janu.hu\/?p=4184\" target=\"_blank\" rel=\"noopener\"><span style=\"font-size: medium;\">Money Manager EX sz\u00e1mla egyeztet\u00e9se<\/span><\/a>: Sz\u00e1mlaegyeztet\u00e9s megk\u00f6nny\u00edt\u00e9se a program megl\u00e9v\u0151 eszk\u00f6zeivel,<\/p>\n<p align=\"justify\"><a href=\"http:\/\/pclos.janu.hu\/?p=4189\" target=\"_blank\" rel=\"noopener\"><span style=\"font-size: medium;\">Hozd ki a legt\u00f6bbet a DuckDuckGo-b\u00f3l<\/span><\/a>: a keres\u0151motor csod\u00e1latos lehet\u0151s\u00e9gei.<\/p>\n","protected":false},"excerpt":{"rendered":"<p>Most m\u00e1r visszavonhatatlanul itt a tavasz, m\u00e9g ha ez az id\u0151j\u00e1r\u00e1son nem mindig l\u00e1tszik&#8230; De m\u00e1r ny\u00e1ri id\u0151sz\u00e1m\u00edt\u00e1sra \u00e1lltunk \u00e1t, igaz, csak m\u00e1rcius utols\u00f3 napj\u00e1n, de egy \u00f3r\u00e1t megint vesztett\u00fcnk (visszakapjuk majd okt\u00f3berben). Kedvenc magazinunk e havi cikkterm\u00e9se emelked\u0151 tendenci\u00e1t &hellip; <a href=\"http:\/\/pclos.janu.hu\/?page_id=4175\">Egy kattint\u00e1s ide a folytat\u00e1shoz&#8230;. <span class=\"meta-nav\">&rarr;<\/span><\/a><\/p>\n","protected":false},"author":1,"featured_media":0,"parent":4079,"menu_order":40,"comment_status":"closed","ping_status":"closed","template":"","meta":{"footnotes":""},"class_list":["post-4175","page","type-page","status-publish","hentry"],"_links":{"self":[{"href":"http:\/\/pclos.janu.hu\/index.php?rest_route=\/wp\/v2\/pages\/4175","targetHints":{"allow":["GET"]}}],"collection":[{"href":"http:\/\/pclos.janu.hu\/index.php?rest_route=\/wp\/v2\/pages"}],"about":[{"href":"http:\/\/pclos.janu.hu\/index.php?rest_route=\/wp\/v2\/types\/page"}],"author":[{"embeddable":true,"href":"http:\/\/pclos.janu.hu\/index.php?rest_route=\/wp\/v2\/users\/1"}],"replies":[{"embeddable":true,"href":"http:\/\/pclos.janu.hu\/index.php?rest_route=%2Fwp%2Fv2%2Fcomments&post=4175"}],"version-history":[{"count":3,"href":"http:\/\/pclos.janu.hu\/index.php?rest_route=\/wp\/v2\/pages\/4175\/revisions"}],"predecessor-version":[{"id":4195,"href":"http:\/\/pclos.janu.hu\/index.php?rest_route=\/wp\/v2\/pages\/4175\/revisions\/4195"}],"up":[{"embeddable":true,"href":"http:\/\/pclos.janu.hu\/index.php?rest_route=\/wp\/v2\/pages\/4079"}],"wp:attachment":[{"href":"http:\/\/pclos.janu.hu\/index.php?rest_route=%2Fwp%2Fv2%2Fmedia&parent=4175"}],"curies":[{"name":"wp","href":"https:\/\/api.w.org\/{rel}","templated":true}]}}