{"id":4198,"date":"2024-05-05T06:13:01","date_gmt":"2024-05-05T04:13:01","guid":{"rendered":"http:\/\/pclos.janu.hu\/?page_id=4198"},"modified":"2024-06-10T19:00:37","modified_gmt":"2024-06-10T17:00:37","slug":"majus","status":"publish","type":"page","link":"http:\/\/pclos.janu.hu\/?page_id=4198","title":{"rendered":"m\u00e1jus"},"content":{"rendered":"<p style=\"text-align: justify;\">Az ember lassan nem tudja, milyen \u00e9vszak van. A h\u00f3nap eleje m\u00e9g t\u00e9lut\u00f3t id\u00e9zett, majd j\u00f6tt a ny\u00e1r, most meg a tavasz h\u0171v\u00f6sebb napjai el\u00e9 n\u00e9z\u00fcnk&#8230;<\/p>\n<p style=\"text-align: justify;\">Ez azonban nem befoly\u00e1solta <span style=\"color: #3366ff;\"><strong>PCLinuxOS Magazine<\/strong><\/span> megjelen\u00e9s\u00e9t, tartalm\u00e1t. Hab\u00e1r az e havi cikkek sz\u00e1ma nem t\u00fal nagy, ann\u00e1l ink\u00e1bb tartalmas, k\u00f6zt\u00fck is a legfontosabb kedvenc <span style=\"color: #3366ff;\"><strong>disztrib\u00faci\u00f3nk<\/strong><\/span>ban t\u00f6rt\u00e9nt forradalmi v\u00e1ltoz\u00e1s:<\/p>\n<p><a href=\"http:\/\/pclos.janu.hu\/?p=4199\" target=\"_blank\" rel=\"noopener\">PCLinuxOS Debian kiad\u00e1s<\/a>: \u00e1tt\u00e9r\u00e9s a .deb alap\u00fa csomagkezel\u0151re,<\/p>\n<p style=\"text-align: justify;\"><a href=\"http:\/\/pclos.janu.hu\/?p=4205\" target=\"_blank\" rel=\"noopener\">Tip Top Tips: hogyan tegy\u00fck a Pipewire Sound-ot jobb\u00e1<\/a>: a pipewire \u00e1ltal biztos\u00edtott hangmin\u0151s\u00e9g jav\u00edt\u00e1sa,<\/p>\n<p><a href=\"http:\/\/pclos.janu.hu\/?p=4210\" target=\"_blank\" rel=\"noopener\">GIMP oktat\u00f3: j\u00e1t\u00e9k a G&#8217;MIC-kel &#8211; 2. r\u00e9sz<\/a>: a G\u2019MIC tov\u00e1bbi lehet\u0151s\u00e9geinek bemutat\u00e1sa.<\/p>\n","protected":false},"excerpt":{"rendered":"<p>Az ember lassan nem tudja, milyen \u00e9vszak van. A h\u00f3nap eleje m\u00e9g t\u00e9lut\u00f3t id\u00e9zett, majd j\u00f6tt a ny\u00e1r, most meg a tavasz h\u0171v\u00f6sebb napjai el\u00e9 n\u00e9z\u00fcnk&#8230; Ez azonban nem befoly\u00e1solta PCLinuxOS Magazine megjelen\u00e9s\u00e9t, tartalm\u00e1t. Hab\u00e1r az e havi cikkek sz\u00e1ma &hellip; <a href=\"http:\/\/pclos.janu.hu\/?page_id=4198\">Egy kattint\u00e1s ide a folytat\u00e1shoz&#8230;. <span class=\"meta-nav\">&rarr;<\/span><\/a><\/p>\n","protected":false},"author":1,"featured_media":0,"parent":4079,"menu_order":35,"comment_status":"closed","ping_status":"closed","template":"","meta":{"footnotes":""},"class_list":["post-4198","page","type-page","status-publish","hentry"],"_links":{"self":[{"href":"http:\/\/pclos.janu.hu\/index.php?rest_route=\/wp\/v2\/pages\/4198","targetHints":{"allow":["GET"]}}],"collection":[{"href":"http:\/\/pclos.janu.hu\/index.php?rest_route=\/wp\/v2\/pages"}],"about":[{"href":"http:\/\/pclos.janu.hu\/index.php?rest_route=\/wp\/v2\/types\/page"}],"author":[{"embeddable":true,"href":"http:\/\/pclos.janu.hu\/index.php?rest_route=\/wp\/v2\/users\/1"}],"replies":[{"embeddable":true,"href":"http:\/\/pclos.janu.hu\/index.php?rest_route=%2Fwp%2Fv2%2Fcomments&post=4198"}],"version-history":[{"count":2,"href":"http:\/\/pclos.janu.hu\/index.php?rest_route=\/wp\/v2\/pages\/4198\/revisions"}],"predecessor-version":[{"id":4214,"href":"http:\/\/pclos.janu.hu\/index.php?rest_route=\/wp\/v2\/pages\/4198\/revisions\/4214"}],"up":[{"embeddable":true,"href":"http:\/\/pclos.janu.hu\/index.php?rest_route=\/wp\/v2\/pages\/4079"}],"wp:attachment":[{"href":"http:\/\/pclos.janu.hu\/index.php?rest_route=%2Fwp%2Fv2%2Fmedia&parent=4198"}],"curies":[{"name":"wp","href":"https:\/\/api.w.org\/{rel}","templated":true}]}}