{"id":4217,"date":"2024-06-10T19:36:27","date_gmt":"2024-06-10T17:36:27","guid":{"rendered":"http:\/\/pclos.janu.hu\/?page_id=4217"},"modified":"2024-06-10T19:36:27","modified_gmt":"2024-06-10T17:36:27","slug":"junius","status":"publish","type":"page","link":"http:\/\/pclos.janu.hu\/?page_id=4217","title":{"rendered":"j\u00fanius"},"content":{"rendered":"<p style=\"text-align: justify;\">Nemcsak az id\u0151j\u00e1r\u00e1s v\u00e1ltott forr\u00f3ra, de a k\u00f6z\u00e9let is kapott eleget&#8230; \u00c9ppen ez\u00e9rt egy kis fel\u00fcd\u00fcl\u00e9sk\u00e9nt n\u00e9h\u00e1ny cikk a j\u00faniusi <span style=\"color: #0000ff;\"><strong>PCLinuxOS Magazine<\/strong><\/span>-b\u00f3l:<\/p>\n<p><a href=\"http:\/\/pclos.janu.hu\/?p=4218\" target=\"_blank\" rel=\"noopener\">Inkscape oktat\u00f3: sz\u00f3rt fest\u00e9kfoltok-hat\u00e1s<\/a>: <span style=\"font-size: small;\">Mintha \u00f6sszepac\u00e1ztuk volna a pap\u00edrt&#8230;<\/span><\/p>\n<p style=\"text-align: justify;\" align=\"justify\"><a href=\"http:\/\/pclos.janu.hu\/?p=4221\" target=\"_blank\" rel=\"noopener\"><span style=\"font-size: small;\">Tipp Top Tipp: Canon PIXMA TS-81xx telep\u00edt\u00e9se PCLinuxOS-re<\/span><\/a>: <span style=\"font-size: small;\">A le\u00edr\u00e1s alapj\u00e1n k\u00f6nnyed\u00e9n lehet be\u00fczemelni ezt a nyomtat\u00f3t,<\/span><\/p>\n<p style=\"text-align: justify;\" align=\"justify\"><a href=\"http:\/\/pclos.janu.hu\/?p=4227\" target=\"_blank\" rel=\"noopener\"><span style=\"font-size: small;\">Mentett hangf\u00e1jlokkal teli, lej\u00e1tszhat\u00f3 USB pendrive k\u00e9sz\u00edt\u00e9se<\/span><\/a>: <span style=\"font-size: large;\">A pendrive el\u0151\u00e1ll\u00edt\u00e1si folyamat\u00e1nak le\u00edr\u00e1sa<\/span><\/p>\n","protected":false},"excerpt":{"rendered":"<p>Nemcsak az id\u0151j\u00e1r\u00e1s v\u00e1ltott forr\u00f3ra, de a k\u00f6z\u00e9let is kapott eleget&#8230; \u00c9ppen ez\u00e9rt egy kis fel\u00fcd\u00fcl\u00e9sk\u00e9nt n\u00e9h\u00e1ny cikk a j\u00faniusi PCLinuxOS Magazine-b\u00f3l: Inkscape oktat\u00f3: sz\u00f3rt fest\u00e9kfoltok-hat\u00e1s: Mintha \u00f6sszepac\u00e1ztuk volna a pap\u00edrt&#8230; Tipp Top Tipp: Canon PIXMA TS-81xx telep\u00edt\u00e9se PCLinuxOS-re: A &hellip; <a href=\"http:\/\/pclos.janu.hu\/?page_id=4217\">Egy kattint\u00e1s ide a folytat\u00e1shoz&#8230;. <span class=\"meta-nav\">&rarr;<\/span><\/a><\/p>\n","protected":false},"author":1,"featured_media":0,"parent":4079,"menu_order":30,"comment_status":"closed","ping_status":"closed","template":"","meta":{"footnotes":""},"class_list":["post-4217","page","type-page","status-publish","hentry"],"_links":{"self":[{"href":"http:\/\/pclos.janu.hu\/index.php?rest_route=\/wp\/v2\/pages\/4217","targetHints":{"allow":["GET"]}}],"collection":[{"href":"http:\/\/pclos.janu.hu\/index.php?rest_route=\/wp\/v2\/pages"}],"about":[{"href":"http:\/\/pclos.janu.hu\/index.php?rest_route=\/wp\/v2\/types\/page"}],"author":[{"embeddable":true,"href":"http:\/\/pclos.janu.hu\/index.php?rest_route=\/wp\/v2\/users\/1"}],"replies":[{"embeddable":true,"href":"http:\/\/pclos.janu.hu\/index.php?rest_route=%2Fwp%2Fv2%2Fcomments&post=4217"}],"version-history":[{"count":3,"href":"http:\/\/pclos.janu.hu\/index.php?rest_route=\/wp\/v2\/pages\/4217\/revisions"}],"predecessor-version":[{"id":4230,"href":"http:\/\/pclos.janu.hu\/index.php?rest_route=\/wp\/v2\/pages\/4217\/revisions\/4230"}],"up":[{"embeddable":true,"href":"http:\/\/pclos.janu.hu\/index.php?rest_route=\/wp\/v2\/pages\/4079"}],"wp:attachment":[{"href":"http:\/\/pclos.janu.hu\/index.php?rest_route=%2Fwp%2Fv2%2Fmedia&parent=4217"}],"curies":[{"name":"wp","href":"https:\/\/api.w.org\/{rel}","templated":true}]}}