{"id":4232,"date":"2024-07-06T07:58:17","date_gmt":"2024-07-06T05:58:17","guid":{"rendered":"http:\/\/pclos.janu.hu\/?page_id=4232"},"modified":"2024-07-06T07:58:17","modified_gmt":"2024-07-06T05:58:17","slug":"julius","status":"publish","type":"page","link":"http:\/\/pclos.janu.hu\/?page_id=4232","title":{"rendered":"j\u00falius"},"content":{"rendered":"<p style=\"text-align: justify;\">Benne vagyunk a ny\u00e1rban, nem is ak\u00e1rmilyenben. Szerencs\u00e9re a <span style=\"color: #3366ff;\"><strong>PCLinuxOS Magazine<\/strong><\/span> szerz\u0151i nem mentek el strandolni, vagy ha igen, arra ford\u00edtottak id\u0151t, hogy \u00e9rdekes cikkekkel t\u00f6lts\u00e9k meg az e havi sz\u00e1mot:<\/p>\n<p style=\"text-align: justify;\"><a href=\"http:\/\/pclos.janu.hu\/?p=4233\" target=\"_blank\" rel=\"noopener\">Hang CD-let\u00f6lt\u00f6k: \u00e1ttekint\u00e9s<\/a>: a m\u00falt havi cikk kieg\u00e9sz\u00edt\u00e9se: h\u00e1rom hang CD rippel\u0151 program bemutat\u00e1sa,<\/p>\n<p><a href=\"http:\/\/pclos.janu.hu\/?p=4238\" target=\"_blank\" rel=\"noopener\">Hogyan haszn\u00e1ld a BigBoy FM asztalt<\/a>: Gyorsind\u00edt\u00e1s \u00e9s aktivit\u00e1sok,<\/p>\n<p style=\"text-align: justify;\"><a href=\"http:\/\/pclos.janu.hu\/?p=4241\" target=\"_blank\" rel=\"noopener\"><span style=\"font-size: large;\">Unoconv: k\u00fcl\u00f6nf\u00e9le Office-dokumentumok konvert\u00e1l\u00e1sa<\/span><\/a>: a k\u00fcl\u00f6nb\u00f6z\u0151 office programcsomagok k\u00f6z\u00f6tti konvert\u00e1l\u00e1s parancssori programja,<\/p>\n<p><a href=\"http:\/\/pclos.janu.hu\/?p=4244\" target=\"_blank\" rel=\"noopener\">GIMP oktat\u00f3: j\u00e1t\u00e9k a G&#8217;MIC-kel &#8211; 3. r\u00e9sz<\/a>: tov\u00e1bbi \u00e9rdekes lehet\u0151s\u00e9gek bemutat\u00e1sa,<\/p>\n<p style=\"text-align: justify;\"><a href=\"http:\/\/pclos.janu.hu\/?p=4249\" target=\"_blank\" rel=\"noopener\">Hogyan csin\u00e1ld: OpenJDK PclinuxOS alatt<\/a>: hasznos ismeretek az OpenJDK-val kapcsolatban<\/p>\n","protected":false},"excerpt":{"rendered":"<p>Benne vagyunk a ny\u00e1rban, nem is ak\u00e1rmilyenben. Szerencs\u00e9re a PCLinuxOS Magazine szerz\u0151i nem mentek el strandolni, vagy ha igen, arra ford\u00edtottak id\u0151t, hogy \u00e9rdekes cikkekkel t\u00f6lts\u00e9k meg az e havi sz\u00e1mot: Hang CD-let\u00f6lt\u00f6k: \u00e1ttekint\u00e9s: a m\u00falt havi cikk kieg\u00e9sz\u00edt\u00e9se: h\u00e1rom &hellip; <a href=\"http:\/\/pclos.janu.hu\/?page_id=4232\">Egy kattint\u00e1s ide a folytat\u00e1shoz&#8230;. <span class=\"meta-nav\">&rarr;<\/span><\/a><\/p>\n","protected":false},"author":1,"featured_media":0,"parent":4079,"menu_order":25,"comment_status":"closed","ping_status":"closed","template":"","meta":{"footnotes":""},"class_list":["post-4232","page","type-page","status-publish","hentry"],"_links":{"self":[{"href":"http:\/\/pclos.janu.hu\/index.php?rest_route=\/wp\/v2\/pages\/4232","targetHints":{"allow":["GET"]}}],"collection":[{"href":"http:\/\/pclos.janu.hu\/index.php?rest_route=\/wp\/v2\/pages"}],"about":[{"href":"http:\/\/pclos.janu.hu\/index.php?rest_route=\/wp\/v2\/types\/page"}],"author":[{"embeddable":true,"href":"http:\/\/pclos.janu.hu\/index.php?rest_route=\/wp\/v2\/users\/1"}],"replies":[{"embeddable":true,"href":"http:\/\/pclos.janu.hu\/index.php?rest_route=%2Fwp%2Fv2%2Fcomments&post=4232"}],"version-history":[{"count":2,"href":"http:\/\/pclos.janu.hu\/index.php?rest_route=\/wp\/v2\/pages\/4232\/revisions"}],"predecessor-version":[{"id":4252,"href":"http:\/\/pclos.janu.hu\/index.php?rest_route=\/wp\/v2\/pages\/4232\/revisions\/4252"}],"up":[{"embeddable":true,"href":"http:\/\/pclos.janu.hu\/index.php?rest_route=\/wp\/v2\/pages\/4079"}],"wp:attachment":[{"href":"http:\/\/pclos.janu.hu\/index.php?rest_route=%2Fwp%2Fv2%2Fmedia&parent=4232"}],"curies":[{"name":"wp","href":"https:\/\/api.w.org\/{rel}","templated":true}]}}